{"id":2680,"date":"2024-09-23T15:09:10","date_gmt":"2024-09-23T15:09:10","guid":{"rendered":"https:\/\/cerviolahotel.com\/?page_id=2680"},"modified":"2025-07-24T14:13:43","modified_gmt":"2025-07-24T14:13:43","slug":"cookies-policy","status":"publish","type":"page","link":"https:\/\/cerviolahotel.com\/da\/cookies-policy\/","title":{"rendered":"Politik for cookies"},"content":{"rendered":"<p><strong>Cookiepolitik for Cerviola Hotel<\/strong><br><strong>Ikrafttr\u00e6delsesdato: 23. september 2024<\/strong><\/p><p>Velkommen til cookiepolitikken for <strong>Cerviola Hotel<\/strong>. Denne politik forklarer, hvordan og hvorfor cookies og lignende sporingsteknologier bruges, n\u00e5r du bes\u00f8ger vores hjemmeside, <a class=\"\" href=\"https:\/\/cerviolahotel.com\/da\/\">https:\/\/cerviolahotel.com<\/a> (\"Hjemmesiden\"). Ved at bruge webstedet accepterer du brugen af cookies i overensstemmelse med denne politik. Hvis du ikke er enig i vores cookie-praksis, bedes du justere dine browserindstillinger eller undlade at bruge webstedet.<\/p><hr class=\"wp-block-separator has-alpha-channel-opacity\"\/><h3 class=\"wp-block-heading\">1. Hvem vi er<\/h3><p><strong>Cerviola Hotel<\/strong> ligger p\u00e5 14 Triq il-Bajja s-Sabi\u0127a, Bir\u017cebbu\u0121a, BB\u0120 153, Malta. Vi er forpligtet til at beskytte dit privatliv og dine personlige data i overensstemmelse med EU's generelle databeskyttelsesforordning (GDPR). Hvis du har sp\u00f8rgsm\u00e5l om privatlivets fred, kan du kontakte os p\u00e5 <strong><a>gdpr@cerviolahotel.com<\/a><\/strong>.<\/p><hr class=\"wp-block-separator has-alpha-channel-opacity\"\/><h3 class=\"wp-block-heading\">2. Hvad er cookies?<\/h3><p>Cookies er sm\u00e5 tekstfiler, der placeres p\u00e5 din enhed, n\u00e5r du bes\u00f8ger et websted. Disse filer g\u00f8r det muligt for et websted at genkende din enhed og gemme oplysninger om dine pr\u00e6ferencer eller tidligere handlinger. Cookies hj\u00e6lper med at forbedre hjemmesidens funktionalitet og brugeroplevelse og giver indsigt til hjemmesidens ejere.<\/p><p><strong>Typer af cookies:<\/strong><\/p><ul class=\"wp-block-list\"><li><strong>Session-cookies<\/strong>: Midlertidige cookies, der udl\u00f8ber, n\u00e5r du lukker din browser.<\/li>\n\n<li><strong>Vedvarende cookies<\/strong>: Forbliver p\u00e5 din enhed, indtil de udl\u00f8ber eller slettes manuelt.<\/li>\n\n<li><strong>F\u00f8rstepartscookies<\/strong>: Indstillet direkte af vores websted (f.eks. cookies fra Cerviola Hotel).<\/li>\n\n<li><strong>Tredjepartscookies<\/strong>: Indstillet af eksterne tjenester eller leverand\u00f8rer, som vi bruger p\u00e5 vores websted.<\/li><\/ul><hr class=\"wp-block-separator has-alpha-channel-opacity\"\/><h3 class=\"wp-block-heading\">3. Typer af cookies, vi bruger<\/h3><h4 class=\"wp-block-heading\">a. Vigtige cookies<\/h4><p>Disse cookies er n\u00f8dvendige for, at hjemmesiden kan fungere korrekt.<br><strong>Form\u00e5l:<\/strong> Sikre hjemmesidens funktionalitet.<br><strong>Eksempler:<\/strong> Godkendelsescookies, sikkerhedscookies.<br><strong>Opbevaringsperiode:<\/strong> Sessionscookies, der slettes, n\u00e5r du lukker din browser.<\/p><h4 class=\"wp-block-heading\">b. Performance-cookies<\/h4><p>Disse cookies hj\u00e6lper os med at forst\u00e5, hvordan bes\u00f8gende interagerer med hjemmesiden ved at indsamle anonyme oplysninger.<br><strong>Form\u00e5l:<\/strong> Overv\u00e5g hjemmesidens ydeevne og brugsm\u00f8nstre.<br><strong>Eksempler:<\/strong> Google Analytics-cookies.<br><strong>Opbevaringsperiode:<\/strong> Sessionsbaseret eller vedvarende.<\/p><h4 class=\"wp-block-heading\">c. Funktionelle cookies<\/h4><p>De husker dine valg, f.eks. sprogindstillinger eller region.<br><strong>Form\u00e5l:<\/strong> Forbedre hjemmesidens funktionalitet og brugeroplevelse.<br><strong>Eksempler:<\/strong> Cookies til valg af sprog.<br><strong>Opbevaringsperiode:<\/strong> Typisk vedholdende.<\/p><h4 class=\"wp-block-heading\">d. Cookies til annoncering\/m\u00e5lretning<\/h4><p>Disse cookies leverer relevante annoncer og m\u00e5ler annoncens effektivitet.<br><strong>Form\u00e5l:<\/strong> M\u00e5lret annoncer og m\u00e5l kampagnens resultater.<br><strong>Eksempler:<\/strong> Google AdWords, Facebook Pixel.<br><strong>Opbevaringsperiode:<\/strong> Vedvarende.<\/p><h4 class=\"wp-block-heading\">e. Cookies til sociale medier<\/h4><p>De giver dig mulighed for at dele indhold p\u00e5 platforme som Facebook eller Instagram.<br><strong>Form\u00e5l:<\/strong> G\u00f8r det muligt at dele og interagere med sociale platforme.<br><strong>Eksempler:<\/strong> Deleknapper til Facebook og Instagram.<br><strong>Opbevaringsperiode:<\/strong> Vedvarende.<\/p><hr class=\"wp-block-separator has-alpha-channel-opacity\"\/><h3 class=\"wp-block-heading\">4. Tredjepartscookies<\/h3><p>Vi bruger tredjepartstjenester, der kan placere cookies p\u00e5 din enhed, herunder:<\/p><ul class=\"wp-block-list\"><li><strong>Google Analytics<\/strong>: Til analyser og trafikindsigt.<\/li>\n\n<li><strong>Facebook-pixel<\/strong>: Til konverteringssporing og annonceoptimering.<\/li><\/ul><p>Vi kontrollerer ikke tredjepartscookies. Administrer dem via dine browserindstillinger eller tredjepartsv\u00e6rkt\u00f8jer som f.eks. <a>Googles opt-out-v\u00e6rkt\u00f8j<\/a> eller <a>Facebooks annonceindstillinger<\/a>.<\/p><hr class=\"wp-block-separator has-alpha-channel-opacity\"\/><h3 class=\"wp-block-heading\">5. S\u00e5dan h\u00e5ndterer du cookies<\/h3><p>Du kan til enhver tid acceptere eller afvise cookies:<\/p><ul class=\"wp-block-list\"><li><strong>Browser-indstillinger<\/strong>: De fleste browsere giver dig mulighed for at deaktivere cookies. Bem\u00e6rk, at deaktivering af cookies kan p\u00e5virke webstedets funktionalitet.<\/li>\n\n<li><strong>Opt-out-v\u00e6rkt\u00f8jer<\/strong>: Brug v\u00e6rkt\u00f8jer som Google Analytics Opt-out Browser Add-on.<\/li>\n\n<li><strong>Cookie-banner<\/strong>: Ved dit f\u00f8rste bes\u00f8g giver et banner dig mulighed for at acceptere eller afvise cookies. Du kan til enhver tid \u00e6ndre dine pr\u00e6ferencer via vores [cookie management tool\/link] (inds\u00e6t link, hvis det er tilg\u00e6ngeligt).<\/li><\/ul><hr class=\"wp-block-separator has-alpha-channel-opacity\"\/><h3 class=\"wp-block-heading\">6. Opbevaringsperiode<\/h3><ul class=\"wp-block-list\"><li><strong>Session-cookies<\/strong>: Slettes, n\u00e5r browseren lukkes.<\/li>\n\n<li><strong>Vedvarende cookies<\/strong>: Forbliver i en bestemt periode, eller indtil den fjernes manuelt.<\/li><\/ul><p>Opbevaringsvarigheden for hver cookietype kan ses i vores cookieh\u00e5ndteringsv\u00e6rkt\u00f8j.<\/p><hr class=\"wp-block-separator has-alpha-channel-opacity\"\/><h3 class=\"wp-block-heading\">7. Juridisk grundlag for behandling af cookies<\/h3><p>I henhold til GDPR er vores retsgrundlag:<\/p><ul class=\"wp-block-list\"><li><strong>Essentielle cookies<\/strong>: Berettiget interesse i driften af webstedet.<\/li>\n\n<li><strong>Performance-, funktions- og reklamecookies<\/strong>: Samtykke givet via cookie-banner.<\/li><\/ul><p>Samtykke kan til enhver tid tr\u00e6kkes tilbage via browserindstillinger eller banneret.<\/p><hr class=\"wp-block-separator has-alpha-channel-opacity\"\/><h3 class=\"wp-block-heading\">8. Dine rettigheder<\/h3><p>Du har f\u00f8lgende rettigheder vedr\u00f8rende data indsamlet via cookies:<\/p><ul class=\"wp-block-list\"><li><strong>Adgang<\/strong> - Se, hvilke personlige data der opbevares.<\/li>\n\n<li><strong>Udbedring<\/strong> - Ret un\u00f8jagtige data.<\/li>\n\n<li><strong>Udslettelse<\/strong> - Anmod om sletning af data.<\/li>\n\n<li><strong>Begr\u00e6nsning<\/strong> - Begr\u00e6ns behandlingen.<\/li>\n\n<li><strong>Indsigelse<\/strong> - G\u00f8r indsigelse mod behandling til specifikke form\u00e5l.<\/li><\/ul><p>For foresp\u00f8rgsler, kontakt <strong><a>gdpr@cerviolahotel.com<\/a><\/strong>.<\/p><hr class=\"wp-block-separator has-alpha-channel-opacity\"\/><h3 class=\"wp-block-heading\">9. \u00c6ndringer af denne cookiepolitik<\/h3><p>Vi kan opdatere denne cookiepolitik for at afspejle \u00e6ndringer i teknologi, regler eller praksis. Opdateringer vil blive offentliggjort p\u00e5 denne side med en ny ikrafttr\u00e6delsesdato. Gennemg\u00e5 venligst denne politik regelm\u00e6ssigt.<\/p><hr class=\"wp-block-separator has-alpha-channel-opacity\"\/><h3 class=\"wp-block-heading\">10. Kontakt os<\/h3><p>Hvis du har sp\u00f8rgsm\u00e5l om vores brug af cookies eller \u00f8nsker at ud\u00f8ve dine rettigheder, kan du kontakte os:<\/p><p><strong>E-mail:<\/strong> <a>gdpr@cerviolahotel.com<\/a><br><strong>Adresse:<\/strong> Cerviola Hotel, 14 Triq il-Bajja s-Sabi\u0127a, Bir\u017cebbu\u0121a, BB\u0120 153, Malta<\/p>","protected":false},"excerpt":{"rendered":"<p>Cookie Policy for Cerviola HotelEffective Date: 23 September 2024 Welcome to the Cookie Policy of Cerviola Hotel. This policy explains how and why cookies and similar tracking technologies are used when you visit our website, https:\/\/cerviolahotel.com (&#8220;Website&#8221;). By using the Website, you consent to the use of cookies in accordance with this policy. If you &#8230;<\/p>","protected":false},"author":1,"featured_media":0,"parent":0,"menu_order":0,"comment_status":"closed","ping_status":"closed","template":"","meta":{"cozystay_single_page_hide_site_header":"","cozystay_single_page_site_header_source":"","cozystay_single_page_custom_site_header":"0","cozystay_single_page_custom_sticky_site_header":"0","cozystay_single_page_hide_page_title":"","cozystay_single_page_header_section_size":"","cozystay_single_page_header_background_color":"","cozystay_single_page_header_background_position_x":"center","cozystay_single_page_header_background_position_y":"center","cozystay_single_page_header_background_size":"cover","cozystay_single_page_header_background_repeat":"off","cozystay_single_page_header_background_scroll":"on","cozystay_single_page_header_text_color":"","cozystay_single_page_header_show_breadcrumb":"","cozystay_single_page_site_footer_hide_main":"","cozystay_single_custom_site_footer_main_source":"","cozystay_single_custom_site_footer_main":"0","cozystay_single_page_site_footer_hide_above":"","cozystay_single_custom_site_footer_above_source":"","cozystay_single_custom_site_footer_above":"0","cozystay_single_page_site_footer_hide_instagram":"","cozystay_single_page_site_footer_hide_bottom":"","cozystay_single_custom_mobile_menu_source":"","cozystay_single_custom_mobile_menu":"0","cozystay_single_custom_mobile_menu_animation":"","cozystay_single_custom_mobile_menu_width":"","cozystay_single_custom_mobile_menu_custom_width":375,"footnotes":""},"class_list":["post-2680","page","type-page","status-publish","hentry"],"aioseo_notices":[],"_links":{"self":[{"href":"https:\/\/cerviolahotel.com\/da\/wp-json\/wp\/v2\/pages\/2680","targetHints":{"allow":["GET"]}}],"collection":[{"href":"https:\/\/cerviolahotel.com\/da\/wp-json\/wp\/v2\/pages"}],"about":[{"href":"https:\/\/cerviolahotel.com\/da\/wp-json\/wp\/v2\/types\/page"}],"author":[{"embeddable":true,"href":"https:\/\/cerviolahotel.com\/da\/wp-json\/wp\/v2\/users\/1"}],"replies":[{"embeddable":true,"href":"https:\/\/cerviolahotel.com\/da\/wp-json\/wp\/v2\/comments?post=2680"}],"version-history":[{"count":3,"href":"https:\/\/cerviolahotel.com\/da\/wp-json\/wp\/v2\/pages\/2680\/revisions"}],"predecessor-version":[{"id":3614,"href":"https:\/\/cerviolahotel.com\/da\/wp-json\/wp\/v2\/pages\/2680\/revisions\/3614"}],"wp:attachment":[{"href":"https:\/\/cerviolahotel.com\/da\/wp-json\/wp\/v2\/media?parent=2680"}],"curies":[{"name":"wp","href":"https:\/\/api.w.org\/{rel}","templated":true}]}}