{"id":3450,"date":"2025-03-26T14:35:17","date_gmt":"2025-03-26T14:35:17","guid":{"rendered":"https:\/\/cerviolahotel.com\/?page_id=3450"},"modified":"2025-07-24T14:37:22","modified_gmt":"2025-07-24T14:37:22","slug":"about-us","status":"publish","type":"page","link":"https:\/\/cerviolahotel.com\/da\/about-us\/","title":{"rendered":"Om os"},"content":{"rendered":"<div data-elementor-type=\"wp-page\" data-elementor-id=\"3450\" class=\"elementor elementor-3450\" data-elementor-post-type=\"page\">\n\t\t\t\t\t\t<section class=\"elementor-section elementor-top-section elementor-element elementor-element-3721c029 elementor-section-height-min-height cs-section-content-fullwidth cs-parallax-on-scroll cs_scroll_y_80 elementor-section-boxed elementor-section-height-default elementor-section-items-middle\" data-id=\"3721c029\" data-element_type=\"section\" data-settings=\"{&quot;background_background&quot;:&quot;classic&quot;}\" data-cs-parallax-y=\"80\" style=\"background-image: none;\" data-cs-background-image=\"https:\/\/cerviolahotel.com\/wp-content\/uploads\/2025\/07\/Cerviola\u00a9CamilleFenech-27.jpg\">\n\t\t\t\t\t\t\t<div class=\"elementor-background-overlay\"><\/div>\n\t\t\t\t\t\t\t<div class=\"elementor-container elementor-column-gap-no\">\n\t\t\t\t\t<div class=\"elementor-column elementor-col-100 elementor-top-column elementor-element elementor-element-1dd27aea dark-color\" data-id=\"1dd27aea\" data-element_type=\"column\">\n\t\t\t<div class=\"elementor-widget-wrap elementor-element-populated\">\n\t\t\t\t\t\t<div class=\"elementor-element elementor-element-510107fc elementor-widget elementor-widget-cs_title\" data-id=\"510107fc\" data-element_type=\"widget\" data-widget_type=\"cs_title.default\">\n\t\t\t\t<div class=\"elementor-widget-container\">\n\t\t\t\t\t\n        <div class=\"cs-title-wrap text-center\">\t            <h1 class=\"cs-title\">\n\t                Om os\t            <\/h1>\t            <div class=\"cs-title-text\">\n\t                <p>Oplev historien bag vores rejse<\/p>\t            <\/div>                <div class=\"cs-title-btn\">\n                    <a class=\"button elementor-button-link\" role=\"button\" href=\"#readmore\">\n                        <span class=\"cs-btn-text\">L\u00e6s mere<\/span>                    <\/a>\n                <\/div>\n                    <\/div>\t\t\t\t<\/div>\n\t\t\t\t<\/div>\n\t\t\t\t\t<\/div>\n\t\t<\/div>\n\t\t\t\t\t<\/div>\n\t\t<\/section>\n\t\t<div class=\"elementor-element elementor-element-e3fbbb1 e-flex e-con-boxed e-con e-parent\" data-id=\"e3fbbb1\" data-element_type=\"container\">\n\t\t\t\t\t<div class=\"e-con-inner\">\n\t\t\t\t<div class=\"elementor-element elementor-element-c41599d elementor-widget elementor-widget-spacer\" data-id=\"c41599d\" data-element_type=\"widget\" data-widget_type=\"spacer.default\">\n\t\t\t\t<div class=\"elementor-widget-container\">\n\t\t\t\t\t\t\t<div class=\"elementor-spacer\">\n\t\t\t<div class=\"elementor-spacer-inner\"><\/div>\n\t\t<\/div>\n\t\t\t\t\t\t<\/div>\n\t\t\t\t<\/div>\n\t\t\t\t<div class=\"elementor-element elementor-element-c287c43 elementor-widget elementor-widget-cs_title\" data-id=\"c287c43\" data-element_type=\"widget\" data-widget_type=\"cs_title.default\">\n\t\t\t\t<div class=\"elementor-widget-container\">\n\t\t\t\t\t\n        <div class=\"cs-title-wrap text-center\">\t            <div class=\"cs-subtitle-wrap\"><span class=\"cs-subtitle\">Om os\n<\/span><\/div>\t            <h4 class=\"cs-title\">\n\t                En kystn\u00e6r flugt i hjertet af Marsaskala\n\t            <\/h4>\t            <div class=\"cs-title-text\">\n\t                <p><strong data-start=\"72\" data-end=\"101\">Velkommen til Cerviola Hotel<\/strong> - din charmerende kystferie, hvor komfort, bekvemmelighed og maltesisk g\u00e6stfrihed m\u00f8des. Vores hotel ligger i den livlige kystby Marsaskala, kun en kort spadseretur fra Middelhavets indbydende vand, og tilbyder de ideelle rammer for afslapning, udforskning og uforglemmelige \u00f8jeblikke.<\/p>\t            <\/div>        <\/div>\t\t\t\t<\/div>\n\t\t\t\t<\/div>\n\t\t\t\t<div class=\"elementor-element elementor-element-31cef78 elementor-widget elementor-widget-menu-anchor\" data-id=\"31cef78\" data-element_type=\"widget\" data-widget_type=\"menu-anchor.default\">\n\t\t\t\t<div class=\"elementor-widget-container\">\n\t\t\t\t\t\t\t<div class=\"elementor-menu-anchor\" id=\"readmore\"><\/div>\n\t\t\t\t\t\t<\/div>\n\t\t\t\t<\/div>\n\t\t\t\t<div class=\"elementor-element elementor-element-89bb088 elementor-widget elementor-widget-spacer\" data-id=\"89bb088\" data-element_type=\"widget\" data-widget_type=\"spacer.default\">\n\t\t\t\t<div class=\"elementor-widget-container\">\n\t\t\t\t\t\t\t<div class=\"elementor-spacer\">\n\t\t\t<div class=\"elementor-spacer-inner\"><\/div>\n\t\t<\/div>\n\t\t\t\t\t\t<\/div>\n\t\t\t\t<\/div>\n\t\t\t\t\t<\/div>\n\t\t\t\t<\/div>\n\t\t\t\t<section class=\"elementor-section elementor-top-section elementor-element elementor-element-86191c5 cs-animation-small-offset elementor-section-boxed elementor-section-height-default elementor-section-height-default elementor-invisible\" data-id=\"86191c5\" data-element_type=\"section\" data-settings=\"{&quot;animation&quot;:&quot;fadeInUp&quot;,&quot;animation_delay&quot;:150}\">\n\t\t\t\t\t\t<div class=\"elementor-container elementor-column-gap-no\">\n\t\t\t\t\t<div class=\"elementor-column elementor-col-50 elementor-top-column elementor-element elementor-element-33b28b2\" data-id=\"33b28b2\" data-element_type=\"column\">\n\t\t\t<div class=\"elementor-widget-wrap elementor-element-populated\">\n\t\t\t\t\t\t<div class=\"elementor-element elementor-element-569dc95 elementor-widget elementor-widget-image\" data-id=\"569dc95\" data-element_type=\"widget\" data-widget_type=\"image.default\">\n\t\t\t\t<div class=\"elementor-widget-container\">\n\t\t\t\t\t\t\t\t\t\t\t\t\t\t\t<img fetchpriority=\"high\" decoding=\"async\" width=\"1024\" height=\"768\" src=\"https:\/\/cerviolahotel.com\/wp-content\/uploads\/2025\/07\/unnamed-12-1024x768.webp\" class=\"attachment-large size-large wp-image-3628\" alt=\"\" srcset=\"https:\/\/cerviolahotel.com\/wp-content\/uploads\/2025\/07\/unnamed-12-1024x768.webp 1024w, https:\/\/cerviolahotel.com\/wp-content\/uploads\/2025\/07\/unnamed-12-300x225.webp 300w, https:\/\/cerviolahotel.com\/wp-content\/uploads\/2025\/07\/unnamed-12-768x576.webp 768w, https:\/\/cerviolahotel.com\/wp-content\/uploads\/2025\/07\/unnamed-12-16x12.webp 16w, https:\/\/cerviolahotel.com\/wp-content\/uploads\/2025\/07\/unnamed-12-1200x900.webp 1200w, https:\/\/cerviolahotel.com\/wp-content\/uploads\/2025\/07\/unnamed-12-780x585.webp 780w, https:\/\/cerviolahotel.com\/wp-content\/uploads\/2025\/07\/unnamed-12-600x450.webp 600w, https:\/\/cerviolahotel.com\/wp-content\/uploads\/2025\/07\/unnamed-12-550x413.webp 550w, https:\/\/cerviolahotel.com\/wp-content\/uploads\/2025\/07\/unnamed-12-370x278.webp 370w, https:\/\/cerviolahotel.com\/wp-content\/uploads\/2025\/07\/unnamed-12-255x191.webp 255w, https:\/\/cerviolahotel.com\/wp-content\/uploads\/2025\/07\/unnamed-12-150x113.webp 150w, https:\/\/cerviolahotel.com\/wp-content\/uploads\/2025\/07\/unnamed-12.webp 1360w\" sizes=\"(max-width: 1024px) 100vw, 1024px\" \/>\t\t\t\t\t\t\t\t\t\t\t\t\t\t\t<\/div>\n\t\t\t\t<\/div>\n\t\t\t\t<div class=\"elementor-element elementor-element-7f10965 elementor-widget elementor-widget-cs_title\" data-id=\"7f10965\" data-element_type=\"widget\" data-widget_type=\"cs_title.default\">\n\t\t\t\t<div class=\"elementor-widget-container\">\n\t\t\t\t\t\n        <div class=\"cs-title-wrap text-center\">\t            <h6 class=\"cs-title\">\n\t                Om os\t            <\/h6>\t            <div class=\"cs-title-text\">\n\t                <p class=\"\" data-start=\"572\" data-end=\"951\">Cerviola Hotel blev f\u00f8dt ud af en k\u00e6rlighed til oprigtig g\u00e6stfrihed og den afslappede charme ved Marsaskalas kystlivsstil. Inspireret af Middelhavets rytmer har vi skabt et sted, der f\u00f8les b\u00e5de indbydende og fredfyldt. Fra vores komfortable v\u00e6relser til vores venlige service er hver eneste detalje designet til at f\u00e5 dig til at f\u00f8le dig hjemme - uanset om du er her for at f\u00e5 en fredelig ferie, en familieferie eller et solfyldt eventyr ved havet.<\/p>\t            <\/div>        <\/div>\t\t\t\t<\/div>\n\t\t\t\t<\/div>\n\t\t\t\t\t<\/div>\n\t\t<\/div>\n\t\t\t\t<div class=\"elementor-column elementor-col-50 elementor-top-column elementor-element elementor-element-3a73d0a\" data-id=\"3a73d0a\" data-element_type=\"column\">\n\t\t\t<div class=\"elementor-widget-wrap elementor-element-populated\">\n\t\t\t\t\t\t<div class=\"elementor-element elementor-element-b1bc82d elementor-widget elementor-widget-image\" data-id=\"b1bc82d\" data-element_type=\"widget\" data-widget_type=\"image.default\">\n\t\t\t\t<div class=\"elementor-widget-container\">\n\t\t\t\t\t\t\t\t\t\t\t\t\t\t\t<img decoding=\"async\" width=\"1024\" height=\"768\" src=\"https:\/\/cerviolahotel.com\/wp-content\/uploads\/2025\/07\/WhatsApp-Image-2025-07-24-at-16.26.39-1024x768.jpeg\" class=\"attachment-large size-large wp-image-3664\" alt=\"\" srcset=\"https:\/\/cerviolahotel.com\/wp-content\/uploads\/2025\/07\/WhatsApp-Image-2025-07-24-at-16.26.39-1024x768.jpeg 1024w, https:\/\/cerviolahotel.com\/wp-content\/uploads\/2025\/07\/WhatsApp-Image-2025-07-24-at-16.26.39-300x225.jpeg 300w, https:\/\/cerviolahotel.com\/wp-content\/uploads\/2025\/07\/WhatsApp-Image-2025-07-24-at-16.26.39-768x576.jpeg 768w, https:\/\/cerviolahotel.com\/wp-content\/uploads\/2025\/07\/WhatsApp-Image-2025-07-24-at-16.26.39-1536x1152.jpeg 1536w, https:\/\/cerviolahotel.com\/wp-content\/uploads\/2025\/07\/WhatsApp-Image-2025-07-24-at-16.26.39-16x12.jpeg 16w, https:\/\/cerviolahotel.com\/wp-content\/uploads\/2025\/07\/WhatsApp-Image-2025-07-24-at-16.26.39-1440x1080.jpeg 1440w, https:\/\/cerviolahotel.com\/wp-content\/uploads\/2025\/07\/WhatsApp-Image-2025-07-24-at-16.26.39-1200x900.jpeg 1200w, https:\/\/cerviolahotel.com\/wp-content\/uploads\/2025\/07\/WhatsApp-Image-2025-07-24-at-16.26.39-780x585.jpeg 780w, https:\/\/cerviolahotel.com\/wp-content\/uploads\/2025\/07\/WhatsApp-Image-2025-07-24-at-16.26.39-600x450.jpeg 600w, https:\/\/cerviolahotel.com\/wp-content\/uploads\/2025\/07\/WhatsApp-Image-2025-07-24-at-16.26.39-550x413.jpeg 550w, https:\/\/cerviolahotel.com\/wp-content\/uploads\/2025\/07\/WhatsApp-Image-2025-07-24-at-16.26.39-370x278.jpeg 370w, https:\/\/cerviolahotel.com\/wp-content\/uploads\/2025\/07\/WhatsApp-Image-2025-07-24-at-16.26.39-255x191.jpeg 255w, https:\/\/cerviolahotel.com\/wp-content\/uploads\/2025\/07\/WhatsApp-Image-2025-07-24-at-16.26.39-150x113.jpeg 150w, https:\/\/cerviolahotel.com\/wp-content\/uploads\/2025\/07\/WhatsApp-Image-2025-07-24-at-16.26.39.jpeg 1600w\" sizes=\"(max-width: 1024px) 100vw, 1024px\" \/>\t\t\t\t\t\t\t\t\t\t\t\t\t\t\t<\/div>\n\t\t\t\t<\/div>\n\t\t\t\t<div class=\"elementor-element elementor-element-247be35 elementor-widget elementor-widget-cs_title\" data-id=\"247be35\" data-element_type=\"widget\" data-widget_type=\"cs_title.default\">\n\t\t\t\t<div class=\"elementor-widget-container\">\n\t\t\t\t\t\n        <div class=\"cs-title-wrap text-center\">\t            <h6 class=\"cs-title\">\n\t                \u00c5bent siden 1970\t            <\/h6>\t            <div class=\"cs-title-text\">\n\t                <p class=\"\" data-start=\"1728\" data-end=\"2047\">I over fem \u00e5rtier har Cerviola Hotel budt g\u00e6ster velkommen med tidl\u00f8s maltesisk g\u00e6stfrihed og \u00e6gte omsorg. Siden vi \u00e5bnede d\u00f8rene i 1970, er vi vokset fra en lokal favorit til et elsket fristed ved havet - hvor tradition, komfort og service g\u00e5r op i en h\u00f8jere enhed og skaber varige minder. For hvert \u00e5r, der g\u00e5r, er vi fortsat forpligtet til at tilbyde en varm, velkendt atmosf\u00e6re, der f\u00e5r hvert ophold til at f\u00f8les som at komme hjem.<\/p>\t            <\/div>        <\/div>\t\t\t\t<\/div>\n\t\t\t\t<\/div>\n\t\t\t\t\t<\/div>\n\t\t<\/div>\n\t\t\t\t\t<\/div>\n\t\t<\/section>\n\t\t\t\t<section class=\"elementor-section elementor-top-section elementor-element elementor-element-e30cae2 cs-animation-small-offset elementor-section-boxed elementor-section-height-default elementor-section-height-default elementor-invisible\" data-id=\"e30cae2\" data-element_type=\"section\" data-settings=\"{&quot;animation&quot;:&quot;fadeInUp&quot;,&quot;animation_delay&quot;:150}\">\n\t\t\t\t\t\t<div class=\"elementor-container elementor-column-gap-no\">\n\t\t\t\t\t<div class=\"elementor-column elementor-col-50 elementor-top-column elementor-element elementor-element-ccc9e5d\" data-id=\"ccc9e5d\" data-element_type=\"column\">\n\t\t\t<div class=\"elementor-widget-wrap elementor-element-populated\">\n\t\t\t\t\t\t<div class=\"elementor-element elementor-element-8b41d14 elementor-widget elementor-widget-image\" data-id=\"8b41d14\" data-element_type=\"widget\" data-widget_type=\"image.default\">\n\t\t\t\t<div class=\"elementor-widget-container\">\n\t\t\t\t\t\t\t\t\t\t\t\t\t\t\t<img decoding=\"async\" width=\"1024\" height=\"682\" src=\"https:\/\/cerviolahotel.com\/wp-content\/uploads\/2025\/07\/3_marsaskala-1024x682.jpg\" class=\"attachment-large size-large wp-image-3621\" alt=\"\" srcset=\"https:\/\/cerviolahotel.com\/wp-content\/uploads\/2025\/07\/3_marsaskala-1024x682.jpg 1024w, https:\/\/cerviolahotel.com\/wp-content\/uploads\/2025\/07\/3_marsaskala-300x200.jpg 300w, https:\/\/cerviolahotel.com\/wp-content\/uploads\/2025\/07\/3_marsaskala-768x511.jpg 768w, https:\/\/cerviolahotel.com\/wp-content\/uploads\/2025\/07\/3_marsaskala-1536x1023.jpg 1536w, https:\/\/cerviolahotel.com\/wp-content\/uploads\/2025\/07\/3_marsaskala-2048x1364.jpg 2048w, https:\/\/cerviolahotel.com\/wp-content\/uploads\/2025\/07\/3_marsaskala-18x12.jpg 18w, https:\/\/cerviolahotel.com\/wp-content\/uploads\/2025\/07\/3_marsaskala-1920x1279.jpg 1920w, https:\/\/cerviolahotel.com\/wp-content\/uploads\/2025\/07\/3_marsaskala-1440x959.jpg 1440w, https:\/\/cerviolahotel.com\/wp-content\/uploads\/2025\/07\/3_marsaskala-1200x799.jpg 1200w, https:\/\/cerviolahotel.com\/wp-content\/uploads\/2025\/07\/3_marsaskala-780x519.jpg 780w, https:\/\/cerviolahotel.com\/wp-content\/uploads\/2025\/07\/3_marsaskala-600x400.jpg 600w, https:\/\/cerviolahotel.com\/wp-content\/uploads\/2025\/07\/3_marsaskala-550x366.jpg 550w, https:\/\/cerviolahotel.com\/wp-content\/uploads\/2025\/07\/3_marsaskala-370x246.jpg 370w, https:\/\/cerviolahotel.com\/wp-content\/uploads\/2025\/07\/3_marsaskala-255x170.jpg 255w, https:\/\/cerviolahotel.com\/wp-content\/uploads\/2025\/07\/3_marsaskala-150x100.jpg 150w\" sizes=\"(max-width: 1024px) 100vw, 1024px\" \/>\t\t\t\t\t\t\t\t\t\t\t\t\t\t\t<\/div>\n\t\t\t\t<\/div>\n\t\t\t\t<div class=\"elementor-element elementor-element-e68cc14 elementor-widget elementor-widget-cs_title\" data-id=\"e68cc14\" data-element_type=\"widget\" data-widget_type=\"cs_title.default\">\n\t\t\t\t<div class=\"elementor-widget-container\">\n\t\t\t\t\t\n        <div class=\"cs-title-wrap text-center\">\t            <h6 class=\"cs-title\">\n\t                Oplev Marsaskala\n\t            <\/h6>\t            <div class=\"cs-title-text\">\n\t                <p data-start=\"110\" data-end=\"607\">Marsaskala ligger p\u00e5 Maltas syd\u00f8stlige kyst og er en malerisk fiskerby, der er kendt for sin afslappede stemning, natursk\u00f8nne promenade og krystalklare vand. Fra morgenture langs havnefronten til opdagelse af n\u00e6rliggende strande, historiske vagtt\u00e5rne og charmerende caf\u00e9er ved havet - Cerviola Hotel placerer dig i hjertet af det hele. Uanset om du udforsker naturstier eller nyder frisk fisk og skaldyr ved marinaen, er vores venlige receptionsteam altid klar til at hj\u00e6lpe dig med at f\u00e5 mest muligt ud af dit ophold.<\/p>\t            <\/div>        <\/div>\t\t\t\t<\/div>\n\t\t\t\t<\/div>\n\t\t\t\t\t<\/div>\n\t\t<\/div>\n\t\t\t\t<div class=\"elementor-column elementor-col-50 elementor-top-column elementor-element elementor-element-f0d8fae\" data-id=\"f0d8fae\" data-element_type=\"column\">\n\t\t\t<div class=\"elementor-widget-wrap elementor-element-populated\">\n\t\t\t\t\t\t<div class=\"elementor-element elementor-element-d543ff1 elementor-widget elementor-widget-image\" data-id=\"d543ff1\" data-element_type=\"widget\" data-widget_type=\"image.default\">\n\t\t\t\t<div class=\"elementor-widget-container\">\n\t\t\t\t\t\t\t\t\t\t\t\t\t\t\t<img loading=\"lazy\" decoding=\"async\" width=\"937\" height=\"768\" src=\"https:\/\/cerviolahotel.com\/wp-content\/uploads\/2025\/07\/154422108.jpg\" class=\"attachment-large size-large wp-image-3629\" alt=\"\" srcset=\"https:\/\/cerviolahotel.com\/wp-content\/uploads\/2025\/07\/154422108.jpg 937w, https:\/\/cerviolahotel.com\/wp-content\/uploads\/2025\/07\/154422108-300x246.jpg 300w, https:\/\/cerviolahotel.com\/wp-content\/uploads\/2025\/07\/154422108-768x629.jpg 768w, https:\/\/cerviolahotel.com\/wp-content\/uploads\/2025\/07\/154422108-15x12.jpg 15w, https:\/\/cerviolahotel.com\/wp-content\/uploads\/2025\/07\/154422108-780x639.jpg 780w, https:\/\/cerviolahotel.com\/wp-content\/uploads\/2025\/07\/154422108-600x492.jpg 600w, https:\/\/cerviolahotel.com\/wp-content\/uploads\/2025\/07\/154422108-550x451.jpg 550w, https:\/\/cerviolahotel.com\/wp-content\/uploads\/2025\/07\/154422108-370x303.jpg 370w, https:\/\/cerviolahotel.com\/wp-content\/uploads\/2025\/07\/154422108-255x209.jpg 255w, https:\/\/cerviolahotel.com\/wp-content\/uploads\/2025\/07\/154422108-150x123.jpg 150w\" sizes=\"(max-width: 937px) 100vw, 937px\" \/>\t\t\t\t\t\t\t\t\t\t\t\t\t\t\t<\/div>\n\t\t\t\t<\/div>\n\t\t\t\t<div class=\"elementor-element elementor-element-9cef488 elementor-widget elementor-widget-cs_title\" data-id=\"9cef488\" data-element_type=\"widget\" data-widget_type=\"cs_title.default\">\n\t\t\t\t<div class=\"elementor-widget-container\">\n\t\t\t\t\t\n        <div class=\"cs-title-wrap text-center\">\t            <h6 class=\"cs-title\">\n\t                Designet til komfort\n\t            <\/h6>\t            <div class=\"cs-title-text\">\n\t                <p class=\"\" data-start=\"999\" data-end=\"1297\">P\u00e5 Cerviola Hotel er vores interi\u00f8r omhyggeligt designet til at afspejle de beroligende toner fra Middelhavet og charmen ved Marsaskalas kyst. Ved at blande ren, moderne stil med subtile lokale p\u00e5virkninger giver hvert rum en f\u00f8lelse af ro og komfort. Uanset om du er her for at f\u00e5 en romantisk ferie, et forretningsbes\u00f8g eller et afslappende familieophold, vil du finde en varm og indbydende atmosf\u00e6re i hvert hj\u00f8rne af hotellet.<\/p>\t            <\/div>        <\/div>\t\t\t\t<\/div>\n\t\t\t\t<\/div>\n\t\t\t\t\t<\/div>\n\t\t<\/div>\n\t\t\t\t\t<\/div>\n\t\t<\/section>\n\t\t\t\t<section class=\"elementor-section elementor-top-section elementor-element elementor-element-6184b1f elementor-section-full_width elementor-section-height-min-height cs-animation-small-offset elementor-section-height-default elementor-section-items-middle elementor-invisible\" data-id=\"6184b1f\" data-element_type=\"section\" data-settings=\"{&quot;background_background&quot;:&quot;classic&quot;,&quot;animation&quot;:&quot;fadeInUp&quot;,&quot;animation_delay&quot;:150}\">\n\t\t\t\t\t\t\t<div class=\"elementor-background-overlay\"><\/div>\n\t\t\t\t\t\t\t<div class=\"elementor-container elementor-column-gap-no\">\n\t\t\t\t\t<div class=\"elementor-column elementor-col-100 elementor-top-column elementor-element elementor-element-33907c8\" data-id=\"33907c8\" data-element_type=\"column\">\n\t\t\t<div class=\"elementor-widget-wrap\">\n\t\t\t\t\t\t\t<\/div>\n\t\t<\/div>\n\t\t\t\t\t<\/div>\n\t\t<\/section>\n\t\t\t\t<\/div>","protected":false},"excerpt":{"rendered":"<p>About Us Discover the story behind our journey Read More About Us A Coastal Escape in the Heart of Marsaskala Welcome to Cerviola Hotel \u2014 your charming coastal escape where comfort, convenience, and Maltese hospitality meet. Located in the vibrant seaside town of Marsaskala, just a short stroll from the inviting waters of the Mediterranean, &#8230;<\/p>","protected":false},"author":1,"featured_media":0,"parent":0,"menu_order":0,"comment_status":"closed","ping_status":"closed","template":"template-wide-content.php","meta":{"cozystay_single_page_hide_site_header":"","cozystay_single_page_site_header_source":"","cozystay_single_page_custom_site_header":"0","cozystay_single_page_custom_sticky_site_header":"0","cozystay_single_page_hide_page_title":"on","cozystay_single_page_header_section_size":"","cozystay_single_page_header_background_color":"","cozystay_single_page_header_background_position_x":"center","cozystay_single_page_header_background_position_y":"center","cozystay_single_page_header_background_size":"cover","cozystay_single_page_header_background_repeat":"off","cozystay_single_page_header_background_scroll":"on","cozystay_single_page_header_text_color":"","cozystay_single_page_header_show_breadcrumb":"","cozystay_single_page_site_footer_hide_main":"","cozystay_single_custom_site_footer_main_source":"","cozystay_single_custom_site_footer_main":"0","cozystay_single_page_site_footer_hide_above":"","cozystay_single_custom_site_footer_above_source":"","cozystay_single_custom_site_footer_above":"0","cozystay_single_page_site_footer_hide_instagram":"","cozystay_single_page_site_footer_hide_bottom":"","cozystay_single_custom_mobile_menu_source":"","cozystay_single_custom_mobile_menu":"0","cozystay_single_custom_mobile_menu_animation":"","cozystay_single_custom_mobile_menu_width":"","cozystay_single_custom_mobile_menu_custom_width":375,"footnotes":""},"class_list":["post-3450","page","type-page","status-publish","hentry"],"aioseo_notices":[],"_links":{"self":[{"href":"https:\/\/cerviolahotel.com\/da\/wp-json\/wp\/v2\/pages\/3450","targetHints":{"allow":["GET"]}}],"collection":[{"href":"https:\/\/cerviolahotel.com\/da\/wp-json\/wp\/v2\/pages"}],"about":[{"href":"https:\/\/cerviolahotel.com\/da\/wp-json\/wp\/v2\/types\/page"}],"author":[{"embeddable":true,"href":"https:\/\/cerviolahotel.com\/da\/wp-json\/wp\/v2\/users\/1"}],"replies":[{"embeddable":true,"href":"https:\/\/cerviolahotel.com\/da\/wp-json\/wp\/v2\/comments?post=3450"}],"version-history":[{"count":13,"href":"https:\/\/cerviolahotel.com\/da\/wp-json\/wp\/v2\/pages\/3450\/revisions"}],"predecessor-version":[{"id":3667,"href":"https:\/\/cerviolahotel.com\/da\/wp-json\/wp\/v2\/pages\/3450\/revisions\/3667"}],"wp:attachment":[{"href":"https:\/\/cerviolahotel.com\/da\/wp-json\/wp\/v2\/media?parent=3450"}],"curies":[{"name":"wp","href":"https:\/\/api.w.org\/{rel}","templated":true}]}}