{"id":3474,"date":"2025-03-26T15:21:28","date_gmt":"2025-03-26T15:21:28","guid":{"rendered":"https:\/\/cerviolahotel.com\/?page_id=3474"},"modified":"2025-07-24T14:34:36","modified_gmt":"2025-07-24T14:34:36","slug":"breakfast-restaurant","status":"publish","type":"page","link":"https:\/\/cerviolahotel.com\/da\/breakfast-restaurant\/","title":{"rendered":"Restaurant med morgenmad"},"content":{"rendered":"<div data-elementor-type=\"wp-page\" data-elementor-id=\"3474\" class=\"elementor elementor-3474\" data-elementor-post-type=\"page\">\n\t\t\t\t\t\t<section class=\"elementor-section elementor-top-section elementor-element elementor-element-3721c029 elementor-section-height-min-height cs-section-content-fullwidth cs-parallax-on-scroll cs_scroll_y_80 elementor-section-boxed elementor-section-height-default elementor-section-items-middle\" data-id=\"3721c029\" data-element_type=\"section\" data-settings=\"{&quot;background_background&quot;:&quot;classic&quot;}\" data-cs-parallax-y=\"80\" style=\"background-image: none;\" data-cs-background-image=\"https:\/\/cerviolahotel.com\/wp-content\/uploads\/2025\/07\/Cerviola\u00a9CamilleFenech-16-min.jpg\">\n\t\t\t\t\t\t\t<div class=\"elementor-background-overlay\"><\/div>\n\t\t\t\t\t\t\t<div class=\"elementor-container elementor-column-gap-no\">\n\t\t\t\t\t<div class=\"elementor-column elementor-col-100 elementor-top-column elementor-element elementor-element-1dd27aea dark-color\" data-id=\"1dd27aea\" data-element_type=\"column\">\n\t\t\t<div class=\"elementor-widget-wrap elementor-element-populated\">\n\t\t\t\t\t\t<div class=\"elementor-element elementor-element-510107fc elementor-widget elementor-widget-cs_title\" data-id=\"510107fc\" data-element_type=\"widget\" data-widget_type=\"cs_title.default\">\n\t\t\t\t<div class=\"elementor-widget-container\">\n\t\t\t\t\t\n        <div class=\"cs-title-wrap text-center\">\t            <h1 class=\"cs-title\">\n\t                Restaurant med morgenmad\t            <\/h1>\t            <div class=\"cs-title-text\">\n\t                <p>Den <strong data-start=\"237\" data-end=\"263\">Det perfekte morgenritual<\/strong> inde p\u00e5 Cerviola Hotel.<\/p>\t            <\/div>                <div class=\"cs-title-btn\">\n                    <a class=\"button elementor-button-link\" role=\"button\" href=\"#readmore\">\n                        <span class=\"cs-btn-text\">L\u00e6s mere<\/span>                    <\/a>\n                <\/div>\n                    <\/div>\t\t\t\t<\/div>\n\t\t\t\t<\/div>\n\t\t\t\t\t<\/div>\n\t\t<\/div>\n\t\t\t\t\t<\/div>\n\t\t<\/section>\n\t\t<div class=\"elementor-element elementor-element-e3fbbb1 e-flex e-con-boxed e-con e-parent\" data-id=\"e3fbbb1\" data-element_type=\"container\">\n\t\t\t\t\t<div class=\"e-con-inner\">\n\t\t\t\t<div class=\"elementor-element elementor-element-c41599d elementor-widget elementor-widget-spacer\" data-id=\"c41599d\" data-element_type=\"widget\" data-widget_type=\"spacer.default\">\n\t\t\t\t<div class=\"elementor-widget-container\">\n\t\t\t\t\t\t\t<div class=\"elementor-spacer\">\n\t\t\t<div class=\"elementor-spacer-inner\"><\/div>\n\t\t<\/div>\n\t\t\t\t\t\t<\/div>\n\t\t\t\t<\/div>\n\t\t\t\t<div class=\"elementor-element elementor-element-c287c43 elementor-widget elementor-widget-cs_title\" data-id=\"c287c43\" data-element_type=\"widget\" data-widget_type=\"cs_title.default\">\n\t\t\t\t<div class=\"elementor-widget-container\">\n\t\t\t\t\t\n        <div class=\"cs-title-wrap text-center\">\t            <div class=\"cs-subtitle-wrap\"><span class=\"cs-subtitle\">\u00c5bningstider for morgenmad<\/span><\/div>\t            <h4 class=\"cs-title color-black\">\n\t                Dagligt fra kl. 7:00 - 10:30\t            <\/h4>\t            <div class=\"cs-title-text\">\n\t                <p data-start=\"110\" data-end=\"200\"><strong data-start=\"110\" data-end=\"200\">Velkommen til morgenmadsrestauranten - dit fredfyldte sted om morgenen p\u00e5 Cerviola Hotel.<\/strong><\/p><p data-start=\"202\" data-end=\"538\">Start din dag i Marsaskalas afslappede charme med en morgenmadsoplevelse, der blander middelhavsvarme og boutique-komfort. Uanset om du tager hul p\u00e5 morgenen med en sm\u00f8ragtig croissant og en fyldig espresso eller forbereder dig p\u00e5 en dag med eventyr med en solid tallerken, er hvert element omhyggeligt sammensat til at gl\u00e6de dine sanser.<\/p><p data-start=\"540\" data-end=\"912\">Vores menu byder p\u00e5 et l\u00e6kkert udvalg af s\u00e6sonbetonede ingredienser, lokale r\u00e5varer og internationale klassikere. Nyd et friskt udvalg af br\u00f8d, kager, oste, s\u00e6sonens frugter og et komplet kontinentalt udvalg. V\u00e6lg mellem \u00e6g lavet p\u00e5 bestilling, grillede p\u00f8lser, spr\u00f8de hash browns og meget mere - alt sammen suppleret med aromatisk kaffe, urtete og forfriskende juice.<\/p><p data-start=\"914\" data-end=\"1069\">Spis i vores lyse, indbydende morgenmadslokale p\u00e5 lobbyplan, hvor naturligt lys, bl\u00f8de farver og varm betjening s\u00e6tter den perfekte tone for den kommende dag.<\/p>\t            <\/div>        <\/div>\t\t\t\t<\/div>\n\t\t\t\t<\/div>\n\t\t\t\t<div class=\"elementor-element elementor-element-38423eb elementor-arrows-position-outside elementor-pagination-position-outside elementor-widget elementor-widget-image-carousel\" data-id=\"38423eb\" data-element_type=\"widget\" data-settings=\"{&quot;image_spacing_custom&quot;:{&quot;unit&quot;:&quot;px&quot;,&quot;size&quot;:6,&quot;sizes&quot;:[]},&quot;navigation&quot;:&quot;both&quot;,&quot;autoplay&quot;:&quot;yes&quot;,&quot;pause_on_hover&quot;:&quot;yes&quot;,&quot;pause_on_interaction&quot;:&quot;yes&quot;,&quot;autoplay_speed&quot;:5000,&quot;infinite&quot;:&quot;yes&quot;,&quot;speed&quot;:500,&quot;image_spacing_custom_tablet&quot;:{&quot;unit&quot;:&quot;px&quot;,&quot;size&quot;:&quot;&quot;,&quot;sizes&quot;:[]},&quot;image_spacing_custom_mobile&quot;:{&quot;unit&quot;:&quot;px&quot;,&quot;size&quot;:&quot;&quot;,&quot;sizes&quot;:[]}}\" data-widget_type=\"image-carousel.default\">\n\t\t\t\t<div class=\"elementor-widget-container\">\n\t\t\t\t\t\t\t<div class=\"elementor-image-carousel-wrapper swiper\" role=\"region\" aria-roledescription=\"carousel\" aria-label=\"Billedkarrusel\" dir=\"ltr\">\n\t\t\t<div class=\"elementor-image-carousel swiper-wrapper\" aria-live=\"off\">\n\t\t\t\t\t\t\t\t<div class=\"swiper-slide\" role=\"group\" aria-roledescription=\"slide\" aria-label=\"1 af 13\"><figure class=\"swiper-slide-inner\"><img decoding=\"async\" class=\"swiper-slide-image\" src=\"https:\/\/cerviolahotel.com\/wp-content\/uploads\/2025\/07\/Cerviola\u00a9CamilleFenech-1-min-1-768x512.jpg\" alt=\"Cerviola\u00a9CamilleFenech-1-min\" \/><\/figure><\/div><div class=\"swiper-slide\" role=\"group\" aria-roledescription=\"slide\" aria-label=\"2 af 13\"><figure class=\"swiper-slide-inner\"><img decoding=\"async\" class=\"swiper-slide-image\" src=\"https:\/\/cerviolahotel.com\/wp-content\/uploads\/2025\/07\/Cerviola\u00a9CamilleFenech-2-min-768x512.jpg\" alt=\"Cerviola\u00a9CamilleFenech-2-min\" \/><\/figure><\/div><div class=\"swiper-slide\" role=\"group\" aria-roledescription=\"slide\" aria-label=\"3 af 13\"><figure class=\"swiper-slide-inner\"><img decoding=\"async\" class=\"swiper-slide-image\" src=\"https:\/\/cerviolahotel.com\/wp-content\/uploads\/2025\/07\/Cerviola\u00a9CamilleFenech-3-min-768x512.jpg\" alt=\"Cerviola\u00a9CamilleFenech-3-min\" \/><\/figure><\/div><div class=\"swiper-slide\" role=\"group\" aria-roledescription=\"slide\" aria-label=\"4 af 13\"><figure class=\"swiper-slide-inner\"><img decoding=\"async\" class=\"swiper-slide-image\" src=\"https:\/\/cerviolahotel.com\/wp-content\/uploads\/2025\/07\/Cerviola\u00a9CamilleFenech-4-min-768x512.jpg\" alt=\"Cerviola\u00a9CamilleFenech-4-min\" \/><\/figure><\/div><div class=\"swiper-slide\" role=\"group\" aria-roledescription=\"slide\" aria-label=\"5 af 13\"><figure class=\"swiper-slide-inner\"><img decoding=\"async\" class=\"swiper-slide-image\" src=\"https:\/\/cerviolahotel.com\/wp-content\/uploads\/2025\/07\/Cerviola\u00a9CamilleFenech-5-min-768x512.jpg\" alt=\"Cerviola\u00a9CamilleFenech-5-min\" \/><\/figure><\/div><div class=\"swiper-slide\" role=\"group\" aria-roledescription=\"slide\" aria-label=\"6 af 13\"><figure class=\"swiper-slide-inner\"><img decoding=\"async\" class=\"swiper-slide-image\" src=\"https:\/\/cerviolahotel.com\/wp-content\/uploads\/2025\/07\/Cerviola\u00a9CamilleFenech-6-min-768x512.jpg\" alt=\"Cerviola\u00a9CamilleFenech-6-min\" \/><\/figure><\/div><div class=\"swiper-slide\" role=\"group\" aria-roledescription=\"slide\" aria-label=\"7 af 13\"><figure class=\"swiper-slide-inner\"><img decoding=\"async\" class=\"swiper-slide-image\" src=\"https:\/\/cerviolahotel.com\/wp-content\/uploads\/2025\/07\/Cerviola\u00a9CamilleFenech-8-min-768x509.jpg\" alt=\"Cerviola\u00a9CamilleFenech-8-min\" \/><\/figure><\/div><div class=\"swiper-slide\" role=\"group\" aria-roledescription=\"slide\" aria-label=\"8 af 13\"><figure class=\"swiper-slide-inner\"><img decoding=\"async\" class=\"swiper-slide-image\" src=\"https:\/\/cerviolahotel.com\/wp-content\/uploads\/2025\/07\/Cerviola\u00a9CamilleFenech-9-min-768x512.jpg\" alt=\"Cerviola\u00a9CamilleFenech-9-min\" \/><\/figure><\/div><div class=\"swiper-slide\" role=\"group\" aria-roledescription=\"slide\" aria-label=\"9 af 13\"><figure class=\"swiper-slide-inner\"><img decoding=\"async\" class=\"swiper-slide-image\" src=\"https:\/\/cerviolahotel.com\/wp-content\/uploads\/2025\/07\/Cerviola\u00a9CamilleFenech-10-min-1-768x512.jpg\" alt=\"Cerviola\u00a9CamilleFenech-10-min-1\" \/><\/figure><\/div><div class=\"swiper-slide\" role=\"group\" aria-roledescription=\"slide\" aria-label=\"10 af 13\"><figure class=\"swiper-slide-inner\"><img decoding=\"async\" class=\"swiper-slide-image\" src=\"https:\/\/cerviolahotel.com\/wp-content\/uploads\/2025\/07\/Cerviola\u00a9CamilleFenech-10-min-768x512.jpg\" alt=\"Cerviola\u00a9CamilleFenech-10-min\" \/><\/figure><\/div><div class=\"swiper-slide\" role=\"group\" aria-roledescription=\"slide\" aria-label=\"11 af 13\"><figure class=\"swiper-slide-inner\"><img decoding=\"async\" class=\"swiper-slide-image\" src=\"https:\/\/cerviolahotel.com\/wp-content\/uploads\/2025\/07\/Cerviola\u00a9CamilleFenech-13-min-768x1152.jpg\" alt=\"Cerviola\u00a9CamilleFenech-13-min\" \/><\/figure><\/div><div class=\"swiper-slide\" role=\"group\" aria-roledescription=\"slide\" aria-label=\"12 af 13\"><figure class=\"swiper-slide-inner\"><img decoding=\"async\" class=\"swiper-slide-image\" src=\"https:\/\/cerviolahotel.com\/wp-content\/uploads\/2025\/07\/Cerviola\u00a9CamilleFenech-14-min-768x512.jpg\" alt=\"Cerviola\u00a9CamilleFenech-14-min\" \/><\/figure><\/div><div class=\"swiper-slide\" role=\"group\" aria-roledescription=\"slide\" aria-label=\"13 af 13\"><figure class=\"swiper-slide-inner\"><img decoding=\"async\" class=\"swiper-slide-image\" src=\"https:\/\/cerviolahotel.com\/wp-content\/uploads\/2025\/07\/Cerviola\u00a9CamilleFenech-16-min-1-768x511.jpg\" alt=\"Cerviola\u00a9CamilleFenech-16-min\" \/><\/figure><\/div>\t\t\t<\/div>\n\t\t\t\t\t\t\t\t\t\t\t\t<div class=\"elementor-swiper-button elementor-swiper-button-prev\" role=\"button\" tabindex=\"0\">\n\t\t\t\t\t\t<svg aria-hidden=\"true\" class=\"e-font-icon-svg e-eicon-chevron-left\" viewbox=\"0 0 1000 1000\" xmlns=\"http:\/\/www.w3.org\/2000\/svg\"><path d=\"M646 125C629 125 613 133 604 142L308 442C296 454 292 471 292 487 292 504 296 521 308 533L604 854C617 867 629 875 646 875 663 875 679 871 692 858 704 846 713 829 713 812 713 796 708 779 692 767L438 487 692 225C700 217 708 204 708 187 708 171 704 154 692 142 675 129 663 125 646 125Z\"><\/path><\/svg>\t\t\t\t\t<\/div>\n\t\t\t\t\t<div class=\"elementor-swiper-button elementor-swiper-button-next\" role=\"button\" tabindex=\"0\">\n\t\t\t\t\t\t<svg aria-hidden=\"true\" class=\"e-font-icon-svg e-eicon-chevron-right\" viewbox=\"0 0 1000 1000\" xmlns=\"http:\/\/www.w3.org\/2000\/svg\"><path d=\"M696 533C708 521 713 504 713 487 713 471 708 454 696 446L400 146C388 133 375 125 354 125 338 125 325 129 313 142 300 154 292 171 292 187 292 204 296 221 308 233L563 492 304 771C292 783 288 800 288 817 288 833 296 850 308 863 321 871 338 875 354 875 371 875 388 867 400 854L696 533Z\"><\/path><\/svg>\t\t\t\t\t<\/div>\n\t\t\t\t\n\t\t\t\t\t\t\t\t\t<div class=\"swiper-pagination\"><\/div>\n\t\t\t\t\t\t\t\t\t<\/div>\n\t\t\t\t\t\t<\/div>\n\t\t\t\t<\/div>\n\t\t\t\t<div class=\"elementor-element elementor-element-31cef78 elementor-widget elementor-widget-menu-anchor\" data-id=\"31cef78\" data-element_type=\"widget\" data-widget_type=\"menu-anchor.default\">\n\t\t\t\t<div class=\"elementor-widget-container\">\n\t\t\t\t\t\t\t<div class=\"elementor-menu-anchor\" id=\"readmore\"><\/div>\n\t\t\t\t\t\t<\/div>\n\t\t\t\t<\/div>\n\t\t\t\t<div class=\"elementor-element elementor-element-89bb088 elementor-widget elementor-widget-spacer\" data-id=\"89bb088\" data-element_type=\"widget\" data-widget_type=\"spacer.default\">\n\t\t\t\t<div class=\"elementor-widget-container\">\n\t\t\t\t\t\t\t<div class=\"elementor-spacer\">\n\t\t\t<div class=\"elementor-spacer-inner\"><\/div>\n\t\t<\/div>\n\t\t\t\t\t\t<\/div>\n\t\t\t\t<\/div>\n\t\t\t\t\t<\/div>\n\t\t\t\t<\/div>\n\t\t\t\t<section class=\"elementor-section elementor-top-section elementor-element elementor-element-6184b1f elementor-section-full_width elementor-section-height-min-height cs-animation-small-offset elementor-section-height-default elementor-section-items-middle elementor-invisible\" data-id=\"6184b1f\" data-element_type=\"section\" data-settings=\"{&quot;background_background&quot;:&quot;classic&quot;,&quot;animation&quot;:&quot;fadeInUp&quot;,&quot;animation_delay&quot;:150}\">\n\t\t\t\t\t\t\t<div class=\"elementor-background-overlay\"><\/div>\n\t\t\t\t\t\t\t<div class=\"elementor-container elementor-column-gap-no\">\n\t\t\t\t\t<div class=\"elementor-column elementor-col-100 elementor-top-column elementor-element elementor-element-33907c8\" data-id=\"33907c8\" data-element_type=\"column\">\n\t\t\t<div class=\"elementor-widget-wrap\">\n\t\t\t\t\t\t\t<\/div>\n\t\t<\/div>\n\t\t\t\t\t<\/div>\n\t\t<\/section>\n\t\t\t\t<\/div>","protected":false},"excerpt":{"rendered":"<p>Breakfast Restaurant The perfect morning ritual inside Cerviola Hotel. Read More Breakfast Hours Daily from 7:00 AM \u2013 10:30 AM Welcome to the Breakfast Restaurant \u2014 your peaceful morning retreat at Cerviola Hotel. Start your day in the relaxed charm of Marsaskala with a breakfast experience that blends Mediterranean warmth and boutique comfort. Whether you\u2019re &#8230;<\/p>","protected":false},"author":1,"featured_media":0,"parent":0,"menu_order":0,"comment_status":"closed","ping_status":"closed","template":"template-wide-content.php","meta":{"cozystay_single_page_hide_site_header":"","cozystay_single_page_site_header_source":"","cozystay_single_page_custom_site_header":"0","cozystay_single_page_custom_sticky_site_header":"0","cozystay_single_page_hide_page_title":"on","cozystay_single_page_header_section_size":"","cozystay_single_page_header_background_color":"","cozystay_single_page_header_background_position_x":"center","cozystay_single_page_header_background_position_y":"center","cozystay_single_page_header_background_size":"cover","cozystay_single_page_header_background_repeat":"off","cozystay_single_page_header_background_scroll":"on","cozystay_single_page_header_text_color":"","cozystay_single_page_header_show_breadcrumb":"","cozystay_single_page_site_footer_hide_main":"","cozystay_single_custom_site_footer_main_source":"","cozystay_single_custom_site_footer_main":"0","cozystay_single_page_site_footer_hide_above":"","cozystay_single_custom_site_footer_above_source":"","cozystay_single_custom_site_footer_above":"0","cozystay_single_page_site_footer_hide_instagram":"","cozystay_single_page_site_footer_hide_bottom":"","cozystay_single_custom_mobile_menu_source":"","cozystay_single_custom_mobile_menu":"0","cozystay_single_custom_mobile_menu_animation":"","cozystay_single_custom_mobile_menu_width":"","cozystay_single_custom_mobile_menu_custom_width":375,"footnotes":""},"class_list":["post-3474","page","type-page","status-publish","hentry"],"aioseo_notices":[],"_links":{"self":[{"href":"https:\/\/cerviolahotel.com\/da\/wp-json\/wp\/v2\/pages\/3474","targetHints":{"allow":["GET"]}}],"collection":[{"href":"https:\/\/cerviolahotel.com\/da\/wp-json\/wp\/v2\/pages"}],"about":[{"href":"https:\/\/cerviolahotel.com\/da\/wp-json\/wp\/v2\/types\/page"}],"author":[{"embeddable":true,"href":"https:\/\/cerviolahotel.com\/da\/wp-json\/wp\/v2\/users\/1"}],"replies":[{"embeddable":true,"href":"https:\/\/cerviolahotel.com\/da\/wp-json\/wp\/v2\/comments?post=3474"}],"version-history":[{"count":16,"href":"https:\/\/cerviolahotel.com\/da\/wp-json\/wp\/v2\/pages\/3474\/revisions"}],"predecessor-version":[{"id":3663,"href":"https:\/\/cerviolahotel.com\/da\/wp-json\/wp\/v2\/pages\/3474\/revisions\/3663"}],"wp:attachment":[{"href":"https:\/\/cerviolahotel.com\/da\/wp-json\/wp\/v2\/media?parent=3474"}],"curies":[{"name":"wp","href":"https:\/\/api.w.org\/{rel}","templated":true}]}}