{"id":2680,"date":"2024-09-23T15:09:10","date_gmt":"2024-09-23T15:09:10","guid":{"rendered":"https:\/\/cerviolahotel.com\/?page_id=2680"},"modified":"2025-07-24T14:13:43","modified_gmt":"2025-07-24T14:13:43","slug":"cookies-policy","status":"publish","type":"page","link":"https:\/\/cerviolahotel.com\/de\/cookies-policy\/","title":{"rendered":"Cookies-Politik"},"content":{"rendered":"<p><strong>Cookie-Richtlinie f\u00fcr Cerviola Hotel<\/strong><br><strong>Datum des Inkrafttretens: 23. September 2024<\/strong><\/p><p>Willkommen bei der Cookie-Richtlinie von <strong>Hotel Cerviola<\/strong>. Diese Richtlinie erkl\u00e4rt, wie und warum Cookies und \u00e4hnliche Tracking-Technologien verwendet werden, wenn Sie unsere Website besuchen, <a class=\"\" href=\"https:\/\/cerviolahotel.com\/de\/\">https:\/\/cerviolahotel.com<\/a> (\"Website\"). Durch die Nutzung der Website erkl\u00e4ren Sie sich mit der Verwendung von Cookies in \u00dcbereinstimmung mit dieser Richtlinie einverstanden. Wenn Sie mit unseren Cookie-Praktiken nicht einverstanden sind, passen Sie bitte Ihre Browsereinstellungen an oder verzichten Sie auf die Nutzung der Website.<\/p><hr class=\"wp-block-separator has-alpha-channel-opacity\"\/><h3 class=\"wp-block-heading\">1. Wer wir sind<\/h3><p><strong>Hotel Cerviola<\/strong> befindet sich in 14 Triq il-Bajja s-Sabi\u0127a, Bir\u017cebbu\u0121a, BB\u0120 153, Malta. Wir verpflichten uns, Ihre Privatsph\u00e4re und Ihre personenbezogenen Daten im Einklang mit der EU-Datenschutzgrundverordnung (GDPR) zu sch\u00fctzen. Wenn Sie Fragen zum Datenschutz haben, k\u00f6nnen Sie uns kontaktieren unter <strong><a>gdpr@cerviolahotel.com<\/a><\/strong>.<\/p><hr class=\"wp-block-separator has-alpha-channel-opacity\"\/><h3 class=\"wp-block-heading\">2. Was sind Cookies?<\/h3><p>Cookies sind kleine Textdateien, die auf Ihrem Ger\u00e4t gespeichert werden, wenn Sie eine Website besuchen. Diese Dateien erm\u00f6glichen es einer Website, Ihr Ger\u00e4t zu erkennen und Informationen \u00fcber Ihre Pr\u00e4ferenzen oder vergangenen Aktionen zu speichern. Cookies helfen dabei, die Funktionalit\u00e4t der Website und die Benutzerfreundlichkeit zu verbessern und geben den Website-Betreibern Einblicke.<\/p><p><strong>Arten von Cookies:<\/strong><\/p><ul class=\"wp-block-list\"><li><strong>Sitzungs-Cookies<\/strong>: Tempor\u00e4re Cookies, die verfallen, wenn Sie Ihren Browser schlie\u00dfen.<\/li>\n\n<li><strong>Dauerhafte Cookies<\/strong>: Sie verbleiben auf Ihrem Ger\u00e4t, bis sie ablaufen oder manuell gel\u00f6scht werden.<\/li>\n\n<li><strong>Erstanbieter-Cookies<\/strong>: Direkt von unserer Website gesetzt (z.B. Cookies von Cerviola Hotel).<\/li>\n\n<li><strong>Cookies von Dritten<\/strong>: Von externen Diensten oder Anbietern festgelegt, die wir auf unserer Website verwenden.<\/li><\/ul><hr class=\"wp-block-separator has-alpha-channel-opacity\"\/><h3 class=\"wp-block-heading\">3. Arten von Cookies, die wir verwenden<\/h3><h4 class=\"wp-block-heading\">a. Wesentliche Cookies<\/h4><p>Diese Cookies sind f\u00fcr das reibungslose Funktionieren der Website erforderlich.<br><strong>Zweck:<\/strong> Sicherstellung der Funktionalit\u00e4t der Website.<br><strong>Beispiele:<\/strong> Authentifizierungs-Cookies, Sicherheits-Cookies.<br><strong>Aufbewahrungsfrist:<\/strong> Session-Cookies, die gel\u00f6scht werden, wenn Sie Ihren Browser schlie\u00dfen.<\/p><h4 class=\"wp-block-heading\">b. Performance-Cookies<\/h4><p>Diese Cookies helfen uns zu verstehen, wie Besucher mit der Website interagieren, indem sie anonyme Informationen sammeln.<br><strong>Zweck:<\/strong> \u00dcberwachen Sie die Leistung und das Nutzungsverhalten der Website.<br><strong>Beispiele:<\/strong> Google Analytics-Cookies.<br><strong>Aufbewahrungsfrist:<\/strong> Sitzungsbasiert oder persistent.<\/p><h4 class=\"wp-block-heading\">c. Funktionale Cookies<\/h4><p>Diese merken sich Ihre Auswahl, wie z. B. Sprachpr\u00e4ferenzen oder Region.<br><strong>Zweck:<\/strong> Verbessern Sie die Funktionalit\u00e4t der Website und die Benutzerfreundlichkeit.<br><strong>Beispiele:<\/strong> Cookies f\u00fcr die Sprachauswahl.<br><strong>Aufbewahrungsfrist:<\/strong> Typischerweise hartn\u00e4ckig.<\/p><h4 class=\"wp-block-heading\">d. Werbung\/Targeting Cookies<\/h4><p>Diese Cookies liefern relevante Werbung und messen die Wirksamkeit der Werbung.<br><strong>Zweck:<\/strong> Zielgerichtete Anzeigen und Messung der Kampagnenleistung.<br><strong>Beispiele:<\/strong> Google AdWords, Facebook Pixel.<br><strong>Aufbewahrungsfrist:<\/strong> Hartn\u00e4ckig.<\/p><h4 class=\"wp-block-heading\">e. Cookies f\u00fcr soziale Medien<\/h4><p>Diese erm\u00f6glichen es Ihnen, Inhalte auf Plattformen wie Facebook oder Instagram zu teilen.<br><strong>Zweck:<\/strong> Erm\u00f6glichen Sie die gemeinsame Nutzung und Interaktion mit sozialen Plattformen.<br><strong>Beispiele:<\/strong> Facebook- und Instagram-Schaltfl\u00e4chen zum Teilen.<br><strong>Aufbewahrungsfrist:<\/strong> Hartn\u00e4ckig.<\/p><hr class=\"wp-block-separator has-alpha-channel-opacity\"\/><h3 class=\"wp-block-heading\">4. Cookies von Drittanbietern<\/h3><p>Wir verwenden Dienste von Drittanbietern, die Cookies auf Ihrem Ger\u00e4t platzieren k\u00f6nnen, einschlie\u00dflich:<\/p><ul class=\"wp-block-list\"><li><strong>Google Analytics<\/strong>: F\u00fcr Analysen und Einblicke in den Datenverkehr.<\/li>\n\n<li><strong>Facebook-Pixel<\/strong>: F\u00fcr Conversion-Tracking und Anzeigenoptimierung.<\/li><\/ul><p>Wir haben keine Kontrolle \u00fcber Cookies von Drittanbietern. Verwalten Sie sie \u00fcber Ihre Browsereinstellungen oder Tools von Drittanbietern wie z. B. <a>Das Opt-out-Tool von Google<\/a> oder <a>Facebooks Anzeigenvorgaben<\/a>.<\/p><hr class=\"wp-block-separator has-alpha-channel-opacity\"\/><h3 class=\"wp-block-heading\">5. Wie man Cookies verwaltet<\/h3><p>Sie k\u00f6nnen Cookies jederzeit akzeptieren oder ablehnen:<\/p><ul class=\"wp-block-list\"><li><strong>Browser-Einstellungen<\/strong>: Bei den meisten Browsern k\u00f6nnen Sie Cookies deaktivieren. Beachten Sie, dass die Deaktivierung von Cookies die Funktionalit\u00e4t der Website beeintr\u00e4chtigen kann.<\/li>\n\n<li><strong>Opt-Out-Tools<\/strong>: Verwenden Sie Tools wie das Google Analytics Opt-out Browser Add-on.<\/li>\n\n<li><strong>Cookie-Banner<\/strong>: Bei Ihrem ersten Besuch wird ein Banner eingeblendet, mit dem Sie Cookies akzeptieren oder ablehnen k\u00f6nnen. Sie k\u00f6nnen Ihre Pr\u00e4ferenzen jederzeit \u00fcber unser [Cookie-Verwaltungstool\/Link] \u00e4ndern (Link einf\u00fcgen, falls verf\u00fcgbar).<\/li><\/ul><hr class=\"wp-block-separator has-alpha-channel-opacity\"\/><h3 class=\"wp-block-heading\">6. Aufbewahrungsfrist<\/h3><ul class=\"wp-block-list\"><li><strong>Sitzungs-Cookies<\/strong>: Gel\u00f6scht, wenn der Browser geschlossen wird.<\/li>\n\n<li><strong>Dauerhafte Cookies<\/strong>: Verbleiben f\u00fcr eine bestimmte Zeit oder bis sie manuell entfernt werden.<\/li><\/ul><p>Die Aufbewahrungsdauer f\u00fcr jeden Cookie-Typ kann in unserem Cookie-Management-Tool eingesehen werden.<\/p><hr class=\"wp-block-separator has-alpha-channel-opacity\"\/><h3 class=\"wp-block-heading\">7. Rechtsgrundlage f\u00fcr die Verarbeitung von Cookies<\/h3><p>Gem\u00e4\u00df GDPR sind unsere Rechtsgrundlagen folgende:<\/p><ul class=\"wp-block-list\"><li><strong>Unverzichtbare Cookies<\/strong>: Berechtigtes Interesse am Betrieb der Website.<\/li>\n\n<li><strong>Leistungs-, Funktions- und Werbe-Cookies<\/strong>: Die Zustimmung erfolgt \u00fcber ein Cookie-Banner.<\/li><\/ul><p>Die Zustimmung kann jederzeit \u00fcber die Browsereinstellungen oder das Banner widerrufen werden.<\/p><hr class=\"wp-block-separator has-alpha-channel-opacity\"\/><h3 class=\"wp-block-heading\">8. Deine Rechte<\/h3><p>Sie haben die folgenden Rechte in Bezug auf die \u00fcber Cookies gesammelten Daten:<\/p><ul class=\"wp-block-list\"><li><strong>Zugang<\/strong> - Sehen Sie, welche personenbezogenen Daten gespeichert sind.<\/li>\n\n<li><strong>Richtigstellung<\/strong> - Korrigieren Sie ungenaue Daten.<\/li>\n\n<li><strong>L\u00f6schen<\/strong> - Beantragen Sie die L\u00f6schung von Daten.<\/li>\n\n<li><strong>Einschr\u00e4nkung<\/strong> - Verarbeitung begrenzen.<\/li>\n\n<li><strong>Einspruch<\/strong> - Widerspruch gegen die Verarbeitung f\u00fcr bestimmte Zwecke.<\/li><\/ul><p>F\u00fcr Anfragen wenden Sie sich bitte an <strong><a>gdpr@cerviolahotel.com<\/a><\/strong>.<\/p><hr class=\"wp-block-separator has-alpha-channel-opacity\"\/><h3 class=\"wp-block-heading\">9. \u00c4nderungen an dieser Cookie-Richtlinie<\/h3><p>Wir k\u00f6nnen diese Cookie-Richtlinie aktualisieren, um \u00c4nderungen in der Technologie, den Vorschriften oder den Praktiken zu ber\u00fccksichtigen. Aktualisierungen werden auf dieser Seite mit einem neuen G\u00fcltigkeitsdatum ver\u00f6ffentlicht. Bitte \u00fcberpr\u00fcfen Sie diese Richtlinie regelm\u00e4\u00dfig.<\/p><hr class=\"wp-block-separator has-alpha-channel-opacity\"\/><h3 class=\"wp-block-heading\">10. Kontakt<\/h3><p>Wenn Sie Fragen zu unserer Verwendung von Cookies haben oder Ihre Rechte aus\u00fcben m\u00f6chten, wenden Sie sich bitte an:<\/p><p><strong>E-Mail:<\/strong> <a>gdpr@cerviolahotel.com<\/a><br><strong>Adresse:<\/strong> Cerviola Hotel, 14 Triq il-Bajja s-Sabi\u0127a, Bir\u017cebbu\u0121a, BB\u0120 153, Malta<\/p>","protected":false},"excerpt":{"rendered":"<p>Cookie Policy for Cerviola HotelEffective Date: 23 September 2024 Welcome to the Cookie Policy of Cerviola Hotel. This policy explains how and why cookies and similar tracking technologies are used when you visit our website, https:\/\/cerviolahotel.com (&#8220;Website&#8221;). By using the Website, you consent to the use of cookies in accordance with this policy. If you &#8230;<\/p>","protected":false},"author":1,"featured_media":0,"parent":0,"menu_order":0,"comment_status":"closed","ping_status":"closed","template":"","meta":{"cozystay_single_page_hide_site_header":"","cozystay_single_page_site_header_source":"","cozystay_single_page_custom_site_header":"0","cozystay_single_page_custom_sticky_site_header":"0","cozystay_single_page_hide_page_title":"","cozystay_single_page_header_section_size":"","cozystay_single_page_header_background_color":"","cozystay_single_page_header_background_position_x":"center","cozystay_single_page_header_background_position_y":"center","cozystay_single_page_header_background_size":"cover","cozystay_single_page_header_background_repeat":"off","cozystay_single_page_header_background_scroll":"on","cozystay_single_page_header_text_color":"","cozystay_single_page_header_show_breadcrumb":"","cozystay_single_page_site_footer_hide_main":"","cozystay_single_custom_site_footer_main_source":"","cozystay_single_custom_site_footer_main":"0","cozystay_single_page_site_footer_hide_above":"","cozystay_single_custom_site_footer_above_source":"","cozystay_single_custom_site_footer_above":"0","cozystay_single_page_site_footer_hide_instagram":"","cozystay_single_page_site_footer_hide_bottom":"","cozystay_single_custom_mobile_menu_source":"","cozystay_single_custom_mobile_menu":"0","cozystay_single_custom_mobile_menu_animation":"","cozystay_single_custom_mobile_menu_width":"","cozystay_single_custom_mobile_menu_custom_width":375,"footnotes":""},"class_list":["post-2680","page","type-page","status-publish","hentry"],"aioseo_notices":[],"_links":{"self":[{"href":"https:\/\/cerviolahotel.com\/de\/wp-json\/wp\/v2\/pages\/2680","targetHints":{"allow":["GET"]}}],"collection":[{"href":"https:\/\/cerviolahotel.com\/de\/wp-json\/wp\/v2\/pages"}],"about":[{"href":"https:\/\/cerviolahotel.com\/de\/wp-json\/wp\/v2\/types\/page"}],"author":[{"embeddable":true,"href":"https:\/\/cerviolahotel.com\/de\/wp-json\/wp\/v2\/users\/1"}],"replies":[{"embeddable":true,"href":"https:\/\/cerviolahotel.com\/de\/wp-json\/wp\/v2\/comments?post=2680"}],"version-history":[{"count":3,"href":"https:\/\/cerviolahotel.com\/de\/wp-json\/wp\/v2\/pages\/2680\/revisions"}],"predecessor-version":[{"id":3614,"href":"https:\/\/cerviolahotel.com\/de\/wp-json\/wp\/v2\/pages\/2680\/revisions\/3614"}],"wp:attachment":[{"href":"https:\/\/cerviolahotel.com\/de\/wp-json\/wp\/v2\/media?parent=2680"}],"curies":[{"name":"wp","href":"https:\/\/api.w.org\/{rel}","templated":true}]}}