{"id":3,"date":"2024-09-18T11:20:51","date_gmt":"2024-09-18T11:20:51","guid":{"rendered":"https:\/\/cerviolahotel.com\/?page_id=3"},"modified":"2025-07-24T14:14:03","modified_gmt":"2025-07-24T14:14:03","slug":"privacy-policy","status":"publish","type":"page","link":"https:\/\/cerviolahotel.com\/de\/privacy-policy\/","title":{"rendered":"Datenschutzbestimmungen"},"content":{"rendered":"<p><strong>Wer wir sind<\/strong><\/p><p>Unsere Website-Adresse lautet: <a href=\"https:\/\/cerviolahotel.com\/de\/\">https:\/\/cerviolahotel.com<\/a>. Die Website wird betrieben von Logical Letting Ltd, Jade Elise, Triq Is-Siberja, Marsascala, Malta. Unternehmensregistrierungsnummer: C93089, MwSt.-Nr.: MT2652-2513.<\/p><p><strong>Kommentare<\/strong><\/p><p>Wenn Besucher Kommentare auf der Website hinterlassen, erfassen wir die im Kommentarformular angezeigten Daten sowie die IP-Adresse des Besuchers und den String des Browser-Benutzers, um die Spam-Erkennung zu unterst\u00fctzen. Eine anonymisierte Zeichenfolge, die aus Ihrer E-Mail-Adresse erstellt wird (auch Hash genannt), kann dem Gravatar-Dienst zur Verf\u00fcgung gestellt werden, um zu \u00fcberpr\u00fcfen, ob Sie ihn verwenden. Die Datenschutzbestimmungen des Gravatar-Dienstes finden Sie hier: <a href=\"https:\/\/automattic.com\/privacy\/\">https:\/\/automattic.com\/privacy\/<\/a>. Nach der Freigabe Ihres Kommentars ist Ihr Profilbild im Kontext Ihres Kommentars f\u00fcr die \u00d6ffentlichkeit sichtbar.<\/p><p><strong>Medien<\/strong><\/p><p>Wenn Sie Bilder auf die Website hochladen, vermeiden Sie bitte das Hochladen von Bildern mit eingebetteten Standortdaten (EXIF-GPS). Besucher der Website k\u00f6nnen Standortdaten von Bildern herunterladen und extrahieren.<\/p><p><strong>Cookies<\/strong><\/p><p>Wenn Sie einen Kommentar auf unserer Website hinterlassen, k\u00f6nnen Sie sich damit einverstanden erkl\u00e4ren, dass Ihr Name, Ihre E-Mail-Adresse und Ihre Website in Cookies gespeichert werden. Dies dient Ihrer Bequemlichkeit, damit Sie Ihre Daten nicht erneut eingeben m\u00fcssen, wenn Sie einen weiteren Kommentar hinterlassen. Diese Cookies haben eine Lebensdauer von einem Jahr.<\/p><p>Wenn Sie unsere Anmeldeseite besuchen, setzen wir ein tempor\u00e4res Cookie, um festzustellen, ob Ihr Browser Cookies zul\u00e4sst. Dieses Cookie enth\u00e4lt keine pers\u00f6nlichen Daten und wird gel\u00f6scht, wenn Sie Ihren Browser schlie\u00dfen.<\/p><p>Wenn Sie sich anmelden, legen wir mehrere Cookies an, um Ihre Anmeldeinformationen und Bildschirmoptionen zu speichern. Die Anmelde-Cookies bleiben zwei Tage lang gespeichert, die Cookies f\u00fcr die Bildschirmoptionen ein Jahr lang. Wenn Sie \"Remember Me\" w\u00e4hlen, bleibt Ihre Anmeldung zwei Wochen lang erhalten. Wenn Sie sich abmelden, werden die Anmelde-Cookies entfernt.<\/p><p>Wenn Sie einen Artikel bearbeiten oder ver\u00f6ffentlichen, wird ein zus\u00e4tzliches Cookie in Ihrem Browser gespeichert. Dieses Cookie enth\u00e4lt keine pers\u00f6nlichen Daten und zeigt lediglich die Post-ID des von Ihnen bearbeiteten Artikels an. Er verf\u00e4llt nach einem Tag.<\/p><p><strong>Eingebettete Inhalte von anderen Websites<\/strong><\/p><p>Die Artikel auf dieser Website k\u00f6nnen eingebettete Inhalte (z. B. Videos, Bilder, Artikel usw.) enthalten. Eingebettete Inhalte von anderen Websites verhalten sich genauso, als ob der Besucher die externe Website besucht h\u00e4tte. Diese Websites k\u00f6nnen Daten \u00fcber Sie sammeln, Cookies verwenden, zus\u00e4tzliche Verfolgungen durch Dritte einbetten und Ihre Interaktion mit den eingebetteten Inhalten \u00fcberwachen, einschlie\u00dflich der Verfolgung von Interaktionen, wenn Sie ein Konto haben und auf dieser Website angemeldet sind.<\/p><p><strong>Mit wem wir Ihre Daten teilen<\/strong><\/p><p>Wenn Sie ein neues Passwort anfordern, wird Ihre IP-Adresse in der E-Mail mit dem neuen Passwort angegeben.<\/p><p><strong>Wie lange wir Ihre Daten aufbewahren<\/strong><\/p><p>Wenn Sie einen Kommentar hinterlassen, werden der Kommentar und seine Metadaten auf unbestimmte Zeit gespeichert. Auf diese Weise k\u00f6nnen wir Folgekommentare automatisch erkennen und genehmigen, anstatt sie in einer Moderationswarteschlange zu halten.<\/p><p>Bei Nutzern, die sich auf unserer Website registrieren, speichern wir die von ihnen angegebenen pers\u00f6nlichen Daten in ihren Nutzerprofilen. Alle Nutzer k\u00f6nnen ihre pers\u00f6nlichen Daten jederzeit einsehen, bearbeiten oder l\u00f6schen (sie k\u00f6nnen jedoch ihren Benutzernamen nicht \u00e4ndern). Auch die Administratoren der Website k\u00f6nnen diese Informationen einsehen und bearbeiten.<\/p><p><strong>Welche Rechte Sie \u00fcber Ihre Daten haben<\/strong><\/p><p>Wenn Sie ein Konto auf dieser Website haben oder Kommentare hinterlassen haben, k\u00f6nnen Sie eine exportierte Datei der personenbezogenen Daten anfordern, die wir \u00fcber Sie gespeichert haben, einschlie\u00dflich aller Daten, die Sie uns zur Verf\u00fcgung gestellt haben. Sie k\u00f6nnen auch verlangen, dass wir alle personenbezogenen Daten, die wir \u00fcber Sie gespeichert haben, l\u00f6schen. Davon ausgenommen sind Daten, die wir aus verwaltungstechnischen, rechtlichen oder sicherheitsrelevanten Gr\u00fcnden aufbewahren m\u00fcssen.<\/p><p><strong>Wohin Ihre Daten gesendet werden<\/strong><\/p><p>Die Kommentare der Besucher k\u00f6nnen durch einen automatischen Spam-Erkennungsdienst \u00fcberpr\u00fcft werden.<\/p>","protected":false},"excerpt":{"rendered":"<p>Who We Are Our website address is: https:\/\/cerviolahotel.com. The website is operated by Logical Letting Ltd, Jade Elise, Triq Is-Siberja, Marsascala, Malta. Company Registration No: C93089, VAT No: MT2652-2513. Comments When visitors leave comments on the site, we collect the data shown in the comments form, as well as the visitor\u2019s IP address and browser &#8230;<\/p>","protected":false},"author":1,"featured_media":0,"parent":0,"menu_order":0,"comment_status":"closed","ping_status":"closed","template":"","meta":{"cozystay_single_page_hide_site_header":"","cozystay_single_page_site_header_source":"","cozystay_single_page_custom_site_header":"0","cozystay_single_page_custom_sticky_site_header":"0","cozystay_single_page_hide_page_title":"","cozystay_single_page_header_section_size":"","cozystay_single_page_header_background_color":"","cozystay_single_page_header_background_position_x":"center","cozystay_single_page_header_background_position_y":"center","cozystay_single_page_header_background_size":"cover","cozystay_single_page_header_background_repeat":"off","cozystay_single_page_header_background_scroll":"on","cozystay_single_page_header_text_color":"","cozystay_single_page_header_show_breadcrumb":"","cozystay_single_page_site_footer_hide_main":"","cozystay_single_custom_site_footer_main_source":"","cozystay_single_custom_site_footer_main":"0","cozystay_single_page_site_footer_hide_above":"","cozystay_single_custom_site_footer_above_source":"","cozystay_single_custom_site_footer_above":"0","cozystay_single_page_site_footer_hide_instagram":"","cozystay_single_page_site_footer_hide_bottom":"","cozystay_single_custom_mobile_menu_source":"","cozystay_single_custom_mobile_menu":"0","cozystay_single_custom_mobile_menu_animation":"","cozystay_single_custom_mobile_menu_width":"","cozystay_single_custom_mobile_menu_custom_width":375,"footnotes":""},"class_list":["post-3","page","type-page","status-publish","hentry"],"aioseo_notices":[],"_links":{"self":[{"href":"https:\/\/cerviolahotel.com\/de\/wp-json\/wp\/v2\/pages\/3","targetHints":{"allow":["GET"]}}],"collection":[{"href":"https:\/\/cerviolahotel.com\/de\/wp-json\/wp\/v2\/pages"}],"about":[{"href":"https:\/\/cerviolahotel.com\/de\/wp-json\/wp\/v2\/types\/page"}],"author":[{"embeddable":true,"href":"https:\/\/cerviolahotel.com\/de\/wp-json\/wp\/v2\/users\/1"}],"replies":[{"embeddable":true,"href":"https:\/\/cerviolahotel.com\/de\/wp-json\/wp\/v2\/comments?post=3"}],"version-history":[{"count":2,"href":"https:\/\/cerviolahotel.com\/de\/wp-json\/wp\/v2\/pages\/3\/revisions"}],"predecessor-version":[{"id":3304,"href":"https:\/\/cerviolahotel.com\/de\/wp-json\/wp\/v2\/pages\/3\/revisions\/3304"}],"wp:attachment":[{"href":"https:\/\/cerviolahotel.com\/de\/wp-json\/wp\/v2\/media?parent=3"}],"curies":[{"name":"wp","href":"https:\/\/api.w.org\/{rel}","templated":true}]}}