{"id":3410,"date":"2025-03-05T12:04:45","date_gmt":"2025-03-05T12:04:45","guid":{"rendered":"https:\/\/cerviolahotel.com\/lets-keep-in-touch\/"},"modified":"2025-03-05T12:04:45","modified_gmt":"2025-03-05T12:04:45","slug":"lets-keep-in-touch","status":"publish","type":"page","link":"https:\/\/cerviolahotel.com\/es\/lets-keep-in-touch\/","title":{"rendered":"Manteng\u00e1monos en contacto"},"content":{"rendered":"<p>Hola <span id=\"bwfan_unsubscribe_name\">John<\/span> <\/p>\n<p>Ay\u00fadenos a mejorar su experiencia con nosotros a trav\u00e9s de una mejor comunicaci\u00f3n. Ajuste sus preferencias de correo electr\u00f3nico <span id=\"bwfan_unsubscribe_recipient\">john@example.com<\/span>. <\/p>\n<p><style type='text\/css'>\n\t\t\ta#bwfan_unsubscribe {\n\t\t\t    text-shadow: none;\n\t\t\t    display: inline-block;\n\t\t\t    padding: 15px 20px;\n\t\t\t    cursor: pointer;\n\t\t\t    text-decoration: none !important;\n\t\t\t}\n\t\t\t.bwfan_loading{opacity: 1!important;position: relative;color: rgba(255,255,255,.05)!important;pointer-events: none!important;}\n\t\t\t.bwfan_loading::-moz-selection {color: rgba(255, 255, 255, .05) !important;}\n\t\t\t.bwfan_loading::selection {color: rgba(255, 255, 255, .05) !important;}\n\t\t\t.bwfan_loading:after {animation: bwfan_spin 500ms infinite linear;border: 2px solid #fff;border-radius: 50%;border-right-color: transparent !important;border-top-color: transparent !important;content: '';display: block;width: 16px;height: 16px;top: 50%;left: 50%;margin-top: -8px;margin-left: -8px;position: absolute;}\n\t\t\t@keyframes bwfan_spin { 0% {transform: rotate(0deg)}100% {transform: rotate(360deg)}}\n\t\t<\/style><form id=\"bwfan_unsubscribe_fields\" action=\"\">        <style>\n            .bwfan-unsubscribe-single-list {\n                border-bottom: 1px solid #aaa;\n                padding: 20px;\n            }\n\n            .bwfan-unsubscribe-single-list:last-child {\n                border: none;\n                padding: 20px;\n            }\n\n            .bwfan-unsubscribe-single-list p {\n                margin-top: 3px;\n                margin-bottom: 0;\n            }\n\n            .bwfan-unsubscribe-single-list label {\n                margin-left: 10px;\n            }\n\n            p.bwfan-unsubscribe-list-description {\n                font-size: 14px;\n            }\n\n            .bwfan-unsubscribe-lists {\n                margin-bottom: 30px;\n            }\n\n            .bwfan-unsubscribe-from-all-lists label {\n                font-size: 16px;\n                font-weight: 500;\n            }\n\n            .bwfan_response {\n                margin-top: 12px;\n            }\n        <\/style>\n        <div class=\"bwfan-unsubscribe-lists\" id=\"bwfan-unsubscribe-lists\">\n\t\t\t            <!-- Global Unsubscription option -->\n            <div class=\"bwfan-unsubscribe-single-list bwfan-unsubscribe-from-all-lists\">\n                <div class=\"bwfan-unsubscribe-list-checkbox\">\n                    <input id=\"bwfan-list-unsubscribe-all\" type=\"checkbox\" value=\"unsubscribe_all\"  \/>\n                    <label for=\"bwfan-list-unsubscribe-all\">Darse de baja de todas las listas de correo electr\u00f3nico<\/label>\n                <\/div>\n\t\t\t\t                    <p class=\"bwfan-unsubscribe-list-description\">Seguir\u00e1 recibiendo correos electr\u00f3nicos importantes sobre facturaci\u00f3n y transacciones<\/p>\n\t\t\t\t            <\/div>\n        <\/div>\n\t\t<a id=\"bwfan_unsubscribe\" class=\"button-primary button\" href=\"#\">Update my preference<\/a><input type=\"hidden\" id=\"bwfan_one_click\" value=\"0\" name=\"one_click\"><input type=\"hidden\" id=\"bwfan_unsubscribe_nonce\" value=\"220bdf805a\" name=\"bwfan_unsubscribe_nonce\"><input type=\"hidden\" name=\"trp-form-language\" value=\"es\"\/><\/form>.<\/p>","protected":false},"excerpt":{"rendered":"<p>Hi Help us to improve your experience with us through better communication. Please adjust your preferences for email . .<\/p>","protected":false},"author":1,"featured_media":0,"parent":0,"menu_order":0,"comment_status":"closed","ping_status":"closed","template":"","meta":{"cozystay_single_page_hide_site_header":"","cozystay_single_page_site_header_source":"","cozystay_single_page_custom_site_header":"0","cozystay_single_page_custom_sticky_site_header":"0","cozystay_single_page_hide_page_title":"","cozystay_single_page_header_section_size":"","cozystay_single_page_header_background_color":"","cozystay_single_page_header_background_position_x":"center","cozystay_single_page_header_background_position_y":"center","cozystay_single_page_header_background_size":"cover","cozystay_single_page_header_background_repeat":"off","cozystay_single_page_header_background_scroll":"on","cozystay_single_page_header_text_color":"","cozystay_single_page_header_show_breadcrumb":"","cozystay_single_page_site_footer_hide_main":"","cozystay_single_custom_site_footer_main_source":"","cozystay_single_custom_site_footer_main":"0","cozystay_single_page_site_footer_hide_above":"","cozystay_single_custom_site_footer_above_source":"","cozystay_single_custom_site_footer_above":"0","cozystay_single_page_site_footer_hide_instagram":"","cozystay_single_page_site_footer_hide_bottom":"","cozystay_single_custom_mobile_menu_source":"","cozystay_single_custom_mobile_menu":"0","cozystay_single_custom_mobile_menu_animation":"","cozystay_single_custom_mobile_menu_width":"","cozystay_single_custom_mobile_menu_custom_width":375,"footnotes":""},"class_list":["post-3410","page","type-page","status-publish","hentry"],"aioseo_notices":[],"_links":{"self":[{"href":"https:\/\/cerviolahotel.com\/es\/wp-json\/wp\/v2\/pages\/3410","targetHints":{"allow":["GET"]}}],"collection":[{"href":"https:\/\/cerviolahotel.com\/es\/wp-json\/wp\/v2\/pages"}],"about":[{"href":"https:\/\/cerviolahotel.com\/es\/wp-json\/wp\/v2\/types\/page"}],"author":[{"embeddable":true,"href":"https:\/\/cerviolahotel.com\/es\/wp-json\/wp\/v2\/users\/1"}],"replies":[{"embeddable":true,"href":"https:\/\/cerviolahotel.com\/es\/wp-json\/wp\/v2\/comments?post=3410"}],"version-history":[{"count":0,"href":"https:\/\/cerviolahotel.com\/es\/wp-json\/wp\/v2\/pages\/3410\/revisions"}],"wp:attachment":[{"href":"https:\/\/cerviolahotel.com\/es\/wp-json\/wp\/v2\/media?parent=3410"}],"curies":[{"name":"wp","href":"https:\/\/api.w.org\/{rel}","templated":true}]}}