{"id":3468,"date":"2025-03-26T15:03:44","date_gmt":"2025-03-26T15:03:44","guid":{"rendered":"https:\/\/cerviolahotel.com\/?page_id=3468"},"modified":"2025-07-24T15:11:35","modified_gmt":"2025-07-24T15:11:35","slug":"the-reception-bar","status":"publish","type":"page","link":"https:\/\/cerviolahotel.com\/fi\/the-reception-bar\/","title":{"rendered":"Vastaanottobaari"},"content":{"rendered":"<div data-elementor-type=\"wp-page\" data-elementor-id=\"3468\" class=\"elementor elementor-3468\" data-elementor-post-type=\"page\">\n\t\t\t\t\t\t<section class=\"elementor-section elementor-top-section elementor-element elementor-element-3721c029 elementor-section-height-min-height cs-section-content-fullwidth cs-parallax-on-scroll cs_scroll_y_80 elementor-section-boxed elementor-section-height-default elementor-section-items-middle\" data-id=\"3721c029\" data-element_type=\"section\" data-settings=\"{&quot;background_background&quot;:&quot;classic&quot;}\" data-cs-parallax-y=\"80\" style=\"background-image: none;\" data-cs-background-image=\"https:\/\/cerviolahotel.com\/wp-content\/uploads\/2025\/07\/Cerviola\u00a9CamilleFenech-18-min.jpg\">\n\t\t\t\t\t\t\t<div class=\"elementor-background-overlay\"><\/div>\n\t\t\t\t\t\t\t<div class=\"elementor-container elementor-column-gap-no\">\n\t\t\t\t\t<div class=\"elementor-column elementor-col-100 elementor-top-column elementor-element elementor-element-1dd27aea dark-color\" data-id=\"1dd27aea\" data-element_type=\"column\">\n\t\t\t<div class=\"elementor-widget-wrap elementor-element-populated\">\n\t\t\t\t\t\t<div class=\"elementor-element elementor-element-510107fc elementor-widget elementor-widget-cs_title\" data-id=\"510107fc\" data-element_type=\"widget\" data-widget_type=\"cs_title.default\">\n\t\t\t\t<div class=\"elementor-widget-container\">\n\t\t\t\t\t\n        <div class=\"cs-title-wrap text-center\">\t            <h1 class=\"cs-title\">\n\t                Vastaanottobaari\t            <\/h1>\t            <div class=\"cs-title-text\">\n\t                <p class=\"\" data-start=\"293\" data-end=\"329\"><em data-start=\"293\" data-end=\"327\">Crafted cocktaileja. Rannikon sielu.<\/em><\/p>\t            <\/div>                <div class=\"cs-title-btn\">\n                    <a class=\"button elementor-button-link\" role=\"button\" href=\"#readmore\">\n                        <span class=\"cs-btn-text\">Lue lis\u00e4\u00e4<\/span>                    <\/a>\n                <\/div>\n                    <\/div>\t\t\t\t<\/div>\n\t\t\t\t<\/div>\n\t\t\t\t\t<\/div>\n\t\t<\/div>\n\t\t\t\t\t<\/div>\n\t\t<\/section>\n\t\t<div class=\"elementor-element elementor-element-e3fbbb1 e-flex e-con-boxed e-con e-parent\" data-id=\"e3fbbb1\" data-element_type=\"container\">\n\t\t\t\t\t<div class=\"e-con-inner\">\n\t\t\t\t<div class=\"elementor-element elementor-element-c41599d elementor-widget elementor-widget-spacer\" data-id=\"c41599d\" data-element_type=\"widget\" data-widget_type=\"spacer.default\">\n\t\t\t\t<div class=\"elementor-widget-container\">\n\t\t\t\t\t\t\t<div class=\"elementor-spacer\">\n\t\t\t<div class=\"elementor-spacer-inner\"><\/div>\n\t\t<\/div>\n\t\t\t\t\t\t<\/div>\n\t\t\t\t<\/div>\n\t\t\t\t<div class=\"elementor-element elementor-element-c287c43 elementor-widget elementor-widget-cs_title\" data-id=\"c287c43\" data-element_type=\"widget\" data-widget_type=\"cs_title.default\">\n\t\t\t\t<div class=\"elementor-widget-container\">\n\t\t\t\t\t\n        <div class=\"cs-title-wrap text-center\">\t            <div class=\"cs-subtitle-wrap\"><span class=\"cs-subtitle\">VASTAANOTTOBAARI<\/span><\/div>\t            <h4 class=\"cs-title color-black\">\n\t                Olutta, v\u00e4kevi\u00e4 alkoholijuomia ja muuta\n\n\t            <\/h4>\t            <div class=\"cs-title-text\">\n\t                <p class=\"\" data-start=\"247\" data-end=\"459\">Cerviola-hotellin syd\u00e4mess\u00e4 sijaitseva vastaanottobaarimme on t\u00e4ydellinen paikka rentoutua mihin aikaan p\u00e4iv\u00e4st\u00e4 tahansa. Olitpa sitten saapumassa, odottamassa kuljetusta tai vain etsim\u00e4ss\u00e4 viihtyis\u00e4\u00e4 paikkaa juoman nauttimiseen, sinua odottaa viihtyis\u00e4 ilmapiiri ja yst\u00e4v\u00e4llinen palvelu. Aamulla vastakeitetyst\u00e4 kahvista illalla lasilliseen paikallista viini\u00e4, kutsumme sinut istumaan alas, rentoutumaan ja nauttimaan oleskelutilamme mukavuudesta.<\/p>\t            <\/div>        <\/div>\t\t\t\t<\/div>\n\t\t\t\t<\/div>\n\t\t\t\t<div class=\"elementor-element elementor-element-31cef78 elementor-widget elementor-widget-menu-anchor\" data-id=\"31cef78\" data-element_type=\"widget\" data-widget_type=\"menu-anchor.default\">\n\t\t\t\t<div class=\"elementor-widget-container\">\n\t\t\t\t\t\t\t<div class=\"elementor-menu-anchor\" id=\"readmore\"><\/div>\n\t\t\t\t\t\t<\/div>\n\t\t\t\t<\/div>\n\t\t\t\t<div class=\"elementor-element elementor-element-89bb088 elementor-widget elementor-widget-spacer\" data-id=\"89bb088\" data-element_type=\"widget\" data-widget_type=\"spacer.default\">\n\t\t\t\t<div class=\"elementor-widget-container\">\n\t\t\t\t\t\t\t<div class=\"elementor-spacer\">\n\t\t\t<div class=\"elementor-spacer-inner\"><\/div>\n\t\t<\/div>\n\t\t\t\t\t\t<\/div>\n\t\t\t\t<\/div>\n\t\t\t\t\t<\/div>\n\t\t\t\t<\/div>\n\t\t\t\t<section class=\"elementor-section elementor-top-section elementor-element elementor-element-6184b1f elementor-section-full_width elementor-section-height-min-height cs-animation-small-offset elementor-section-height-default elementor-section-items-middle elementor-invisible\" data-id=\"6184b1f\" data-element_type=\"section\" data-settings=\"{&quot;background_background&quot;:&quot;classic&quot;,&quot;animation&quot;:&quot;fadeInUp&quot;,&quot;animation_delay&quot;:150}\">\n\t\t\t\t\t\t\t<div class=\"elementor-background-overlay\"><\/div>\n\t\t\t\t\t\t\t<div class=\"elementor-container elementor-column-gap-no\">\n\t\t\t\t\t<div class=\"elementor-column elementor-col-100 elementor-top-column elementor-element elementor-element-33907c8\" data-id=\"33907c8\" data-element_type=\"column\">\n\t\t\t<div class=\"elementor-widget-wrap\">\n\t\t\t\t\t\t\t<\/div>\n\t\t<\/div>\n\t\t\t\t\t<\/div>\n\t\t<\/section>\n\t\t\t\t<\/div>","protected":false},"excerpt":{"rendered":"<p>The Reception Bar Crafted cocktails. Coastal soul. Read More THE RECEPTION BAR Beer, spirits &amp; more Located in the heart of Cerviola Hotel, our Reception Bar is the perfect place to unwind at any time of day. Whether you&#8217;re arriving, waiting for your transport, or simply looking for a cozy spot to enjoy a drink, &#8230;<\/p>","protected":false},"author":1,"featured_media":0,"parent":0,"menu_order":0,"comment_status":"closed","ping_status":"closed","template":"template-wide-content.php","meta":{"cozystay_single_page_hide_site_header":"","cozystay_single_page_site_header_source":"","cozystay_single_page_custom_site_header":"0","cozystay_single_page_custom_sticky_site_header":"0","cozystay_single_page_hide_page_title":"on","cozystay_single_page_header_section_size":"","cozystay_single_page_header_background_color":"","cozystay_single_page_header_background_position_x":"center","cozystay_single_page_header_background_position_y":"center","cozystay_single_page_header_background_size":"cover","cozystay_single_page_header_background_repeat":"off","cozystay_single_page_header_background_scroll":"on","cozystay_single_page_header_text_color":"","cozystay_single_page_header_show_breadcrumb":"","cozystay_single_page_site_footer_hide_main":"","cozystay_single_custom_site_footer_main_source":"","cozystay_single_custom_site_footer_main":"0","cozystay_single_page_site_footer_hide_above":"","cozystay_single_custom_site_footer_above_source":"","cozystay_single_custom_site_footer_above":"0","cozystay_single_page_site_footer_hide_instagram":"","cozystay_single_page_site_footer_hide_bottom":"","cozystay_single_custom_mobile_menu_source":"","cozystay_single_custom_mobile_menu":"0","cozystay_single_custom_mobile_menu_animation":"","cozystay_single_custom_mobile_menu_width":"","cozystay_single_custom_mobile_menu_custom_width":375,"footnotes":""},"class_list":["post-3468","page","type-page","status-publish","hentry"],"aioseo_notices":[],"_links":{"self":[{"href":"https:\/\/cerviolahotel.com\/fi\/wp-json\/wp\/v2\/pages\/3468","targetHints":{"allow":["GET"]}}],"collection":[{"href":"https:\/\/cerviolahotel.com\/fi\/wp-json\/wp\/v2\/pages"}],"about":[{"href":"https:\/\/cerviolahotel.com\/fi\/wp-json\/wp\/v2\/types\/page"}],"author":[{"embeddable":true,"href":"https:\/\/cerviolahotel.com\/fi\/wp-json\/wp\/v2\/users\/1"}],"replies":[{"embeddable":true,"href":"https:\/\/cerviolahotel.com\/fi\/wp-json\/wp\/v2\/comments?post=3468"}],"version-history":[{"count":9,"href":"https:\/\/cerviolahotel.com\/fi\/wp-json\/wp\/v2\/pages\/3468\/revisions"}],"predecessor-version":[{"id":3637,"href":"https:\/\/cerviolahotel.com\/fi\/wp-json\/wp\/v2\/pages\/3468\/revisions\/3637"}],"wp:attachment":[{"href":"https:\/\/cerviolahotel.com\/fi\/wp-json\/wp\/v2\/media?parent=3468"}],"curies":[{"name":"wp","href":"https:\/\/api.w.org\/{rel}","templated":true}]}}