{"id":2680,"date":"2024-09-23T15:09:10","date_gmt":"2024-09-23T15:09:10","guid":{"rendered":"https:\/\/cerviolahotel.com\/?page_id=2680"},"modified":"2025-07-24T14:13:43","modified_gmt":"2025-07-24T14:13:43","slug":"cookies-policy","status":"publish","type":"page","link":"https:\/\/cerviolahotel.com\/it\/cookies-policy\/","title":{"rendered":"Politica sui cookie"},"content":{"rendered":"<p><strong>Informativa sui cookie per Cerviola Hotel<\/strong><br><strong>Data di entrata in vigore: 23 settembre 2024<\/strong><\/p><p>Benvenuti nella Politica sui cookie di <strong>Albergo Cerviola<\/strong>. Questa politica spiega come e perch\u00e9 vengono utilizzati i cookie e tecnologie di tracciamento simili quando si visita il nostro sito web, <a class=\"\" href=\"https:\/\/cerviolahotel.com\/it\/\">https:\/\/cerviolahotel.com<\/a> (\"Sito web\"). Utilizzando il sito web, l'utente acconsente all'uso dei cookie in conformit\u00e0 con la presente politica. Se non siete d'accordo con le nostre pratiche relative ai cookie, siete pregati di modificare le impostazioni del vostro browser o di non utilizzare il sito web.<\/p><hr class=\"wp-block-separator has-alpha-channel-opacity\"\/><h3 class=\"wp-block-heading\">1. Chi siamo<\/h3><p><strong>Albergo Cerviola<\/strong> si trova al 14 Triq il-Bajja s-Sabi\u0127a, Bir\u017cebbu\u0121a, BB\u0120 153, Malta. Ci impegniamo a proteggere la vostra privacy e i vostri dati personali in conformit\u00e0 con il Regolamento generale sulla protezione dei dati dell'UE (GDPR). Per qualsiasi dubbio relativo alla privacy, \u00e8 possibile contattarci all'indirizzo <strong><a>gdpr@cerviolahotel.com<\/a><\/strong>.<\/p><hr class=\"wp-block-separator has-alpha-channel-opacity\"\/><h3 class=\"wp-block-heading\">2. Cosa sono i cookie?<\/h3><p>I cookie sono piccoli file di testo che vengono inseriti nel dispositivo dell'utente quando visita un sito web. Questi file consentono a un sito web di riconoscere il dispositivo dell'utente e di memorizzare informazioni sulle sue preferenze o azioni passate. I cookie aiutano a migliorare la funzionalit\u00e0 del sito web, l'esperienza dell'utente e forniscono informazioni ai proprietari del sito.<\/p><p><strong>Tipi di cookie:<\/strong><\/p><ul class=\"wp-block-list\"><li><strong>Cookie di sessione<\/strong>: Cookie temporanei che scadono alla chiusura del browser.<\/li>\n\n<li><strong>Cookie persistenti<\/strong>: Rimangono sul dispositivo finch\u00e9 non scadono o vengono eliminati manualmente.<\/li>\n\n<li><strong>Cookie di prima parte<\/strong>: Impostati direttamente dal nostro sito web (ad esempio, i cookie dell'Hotel Cerviola).<\/li>\n\n<li><strong>Cookie di terze parti<\/strong>: Impostati da servizi o fornitori esterni che utilizziamo sul nostro sito web.<\/li><\/ul><hr class=\"wp-block-separator has-alpha-channel-opacity\"\/><h3 class=\"wp-block-heading\">3. Tipi di cookie utilizzati<\/h3><h4 class=\"wp-block-heading\">a. Cookie essenziali<\/h4><p>Questi cookie sono necessari per il corretto funzionamento del sito web.<br><strong>Scopo:<\/strong> Garantire la funzionalit\u00e0 del sito web.<br><strong>Esempi:<\/strong> Cookie di autenticazione, cookie di sicurezza.<br><strong>Periodo di conservazione:<\/strong> Cookie di sessione, cancellati alla chiusura del browser.<\/p><h4 class=\"wp-block-heading\">b. Cookie di prestazione<\/h4><p>Questi cookie ci aiutano a capire come i visitatori interagiscono con il sito web raccogliendo informazioni anonime.<br><strong>Scopo:<\/strong> Monitorare le prestazioni del sito web e i modelli di utilizzo.<br><strong>Esempi:<\/strong> Cookie di Google Analytics.<br><strong>Periodo di conservazione:<\/strong> Basato sulla sessione o persistente.<\/p><h4 class=\"wp-block-heading\">c. Cookie funzionali<\/h4><p>Questi ricordano le scelte dell'utente, come le preferenze linguistiche o la regione.<br><strong>Scopo:<\/strong> Migliorare la funzionalit\u00e0 del sito web e l'esperienza dell'utente.<br><strong>Esempi:<\/strong> Cookie di selezione della lingua.<br><strong>Periodo di conservazione:<\/strong> Tipicamente persistente.<\/p><h4 class=\"wp-block-heading\">d. Cookie pubblicitari\/di targeting<\/h4><p>Questi cookie forniscono annunci pubblicitari pertinenti e misurano l'efficacia degli annunci.<br><strong>Scopo:<\/strong> Indirizzare gli annunci e misurare le prestazioni delle campagne.<br><strong>Esempi:<\/strong> Google AdWords, Facebook Pixel.<br><strong>Periodo di conservazione:<\/strong> Persistente.<\/p><h4 class=\"wp-block-heading\">e. Cookie dei social media<\/h4><p>Questi consentono di condividere i contenuti su piattaforme come Facebook o Instagram.<br><strong>Scopo:<\/strong> Consentire la condivisione e l'interazione con le piattaforme sociali.<br><strong>Esempi:<\/strong> Pulsanti di condivisione per Facebook e Instagram.<br><strong>Periodo di conservazione:<\/strong> Persistente.<\/p><hr class=\"wp-block-separator has-alpha-channel-opacity\"\/><h3 class=\"wp-block-heading\">4. Cookie di terze parti<\/h3><p>Utilizziamo servizi di terze parti che possono inserire cookie nel vostro dispositivo, tra cui:<\/p><ul class=\"wp-block-list\"><li><strong>Google Analytics<\/strong>: Per analisi e approfondimenti sul traffico.<\/li>\n\n<li><strong>Pixel di Facebook<\/strong>: Per il monitoraggio delle conversioni e l'ottimizzazione degli annunci.<\/li><\/ul><p>Non controlliamo i cookie di terze parti. Gestiteli attraverso le impostazioni del vostro browser o strumenti di terze parti, come ad esempio <a>Strumento di opt-out di Google<\/a> o <a>Preferenze pubblicitarie di Facebook<\/a>.<\/p><hr class=\"wp-block-separator has-alpha-channel-opacity\"\/><h3 class=\"wp-block-heading\">5. Come gestire i cookie<\/h3><p>\u00c8 possibile accettare o rifiutare i cookie in qualsiasi momento:<\/p><ul class=\"wp-block-list\"><li><strong>Impostazioni del browser<\/strong>: La maggior parte dei browser consente di disabilitare i cookie. Si noti che la disabilitazione dei cookie pu\u00f2 influire sulla funzionalit\u00e0 del sito web.<\/li>\n\n<li><strong>Strumenti di opt-out<\/strong>: Utilizzare strumenti come il componente aggiuntivo del browser di Google Analytics Opt-out.<\/li>\n\n<li><strong>Cookie Banner<\/strong>: Alla prima visita, un banner consente di accettare o rifiutare i cookie. \u00c8 possibile modificare le proprie preferenze in qualsiasi momento tramite il nostro [strumento\/link di gestione dei cookie] (inserire il link se disponibile).<\/li><\/ul><hr class=\"wp-block-separator has-alpha-channel-opacity\"\/><h3 class=\"wp-block-heading\">6. Periodo di conservazione<\/h3><ul class=\"wp-block-list\"><li><strong>Cookie di sessione<\/strong>: Eliminato alla chiusura del browser.<\/li>\n\n<li><strong>Cookie persistenti<\/strong>: Rimane per un periodo di tempo prestabilito o finch\u00e9 non viene rimosso manualmente.<\/li><\/ul><p>La durata della conservazione per ogni tipo di cookie pu\u00f2 essere visualizzata nel nostro strumento di gestione dei cookie.<\/p><hr class=\"wp-block-separator has-alpha-channel-opacity\"\/><h3 class=\"wp-block-heading\">7. Base giuridica per il trattamento dei cookie<\/h3><p>Ai sensi del GDPR, le nostre basi giuridiche sono:<\/p><ul class=\"wp-block-list\"><li><strong>Biscotti essenziali<\/strong>: Legittimo interesse per il funzionamento del sito.<\/li>\n\n<li><strong>Cookie di prestazione, funzionali e pubblicitari<\/strong>: Consenso fornito tramite cookie banner.<\/li><\/ul><p>Il consenso pu\u00f2 essere revocato in qualsiasi momento attraverso le impostazioni del browser o il banner.<\/p><hr class=\"wp-block-separator has-alpha-channel-opacity\"\/><h3 class=\"wp-block-heading\">8. I vostri diritti<\/h3><p>L'utente ha i seguenti diritti in merito ai dati raccolti tramite i cookie:<\/p><ul class=\"wp-block-list\"><li><strong>Accesso<\/strong> - Visualizzare i dati personali in possesso.<\/li>\n\n<li><strong>Rettifica<\/strong> - Correggere i dati inesatti.<\/li>\n\n<li><strong>Cancellazione<\/strong> - Richiesta di cancellazione dei dati.<\/li>\n\n<li><strong>Restrizione<\/strong> - Elaborazione dei limiti.<\/li>\n\n<li><strong>Obiezione<\/strong> - Obiezione al trattamento per usi specifici.<\/li><\/ul><p>Per le richieste, contattare <strong><a>gdpr@cerviolahotel.com<\/a><\/strong>.<\/p><hr class=\"wp-block-separator has-alpha-channel-opacity\"\/><h3 class=\"wp-block-heading\">9. Modifiche alla presente Informativa sui cookie<\/h3><p>Potremmo aggiornare la presente Informativa sui cookie per riflettere le modifiche apportate alla tecnologia, alle normative o alle prassi. Gli aggiornamenti saranno pubblicati su questa pagina con una nuova data di entrata in vigore. Si prega di rivedere regolarmente questa politica.<\/p><hr class=\"wp-block-separator has-alpha-channel-opacity\"\/><h3 class=\"wp-block-heading\">10. Contatti<\/h3><p>Per domande sull'uso dei cookie o per esercitare i propri diritti, contattare:<\/p><p><strong>E-mail:<\/strong> <a>gdpr@cerviolahotel.com<\/a><br><strong>Indirizzo:<\/strong> Cerviola Hotel, 14 Triq il-Bajja s-Sabi\u0127a, Bir\u017cebbu\u0121a, BB\u0120 153, Malta<\/p>","protected":false},"excerpt":{"rendered":"<p>Cookie Policy for Cerviola HotelEffective Date: 23 September 2024 Welcome to the Cookie Policy of Cerviola Hotel. This policy explains how and why cookies and similar tracking technologies are used when you visit our website, https:\/\/cerviolahotel.com (&#8220;Website&#8221;). By using the Website, you consent to the use of cookies in accordance with this policy. If you &#8230;<\/p>","protected":false},"author":1,"featured_media":0,"parent":0,"menu_order":0,"comment_status":"closed","ping_status":"closed","template":"","meta":{"cozystay_single_page_hide_site_header":"","cozystay_single_page_site_header_source":"","cozystay_single_page_custom_site_header":"0","cozystay_single_page_custom_sticky_site_header":"0","cozystay_single_page_hide_page_title":"","cozystay_single_page_header_section_size":"","cozystay_single_page_header_background_color":"","cozystay_single_page_header_background_position_x":"center","cozystay_single_page_header_background_position_y":"center","cozystay_single_page_header_background_size":"cover","cozystay_single_page_header_background_repeat":"off","cozystay_single_page_header_background_scroll":"on","cozystay_single_page_header_text_color":"","cozystay_single_page_header_show_breadcrumb":"","cozystay_single_page_site_footer_hide_main":"","cozystay_single_custom_site_footer_main_source":"","cozystay_single_custom_site_footer_main":"0","cozystay_single_page_site_footer_hide_above":"","cozystay_single_custom_site_footer_above_source":"","cozystay_single_custom_site_footer_above":"0","cozystay_single_page_site_footer_hide_instagram":"","cozystay_single_page_site_footer_hide_bottom":"","cozystay_single_custom_mobile_menu_source":"","cozystay_single_custom_mobile_menu":"0","cozystay_single_custom_mobile_menu_animation":"","cozystay_single_custom_mobile_menu_width":"","cozystay_single_custom_mobile_menu_custom_width":375,"footnotes":""},"class_list":["post-2680","page","type-page","status-publish","hentry"],"aioseo_notices":[],"_links":{"self":[{"href":"https:\/\/cerviolahotel.com\/it\/wp-json\/wp\/v2\/pages\/2680","targetHints":{"allow":["GET"]}}],"collection":[{"href":"https:\/\/cerviolahotel.com\/it\/wp-json\/wp\/v2\/pages"}],"about":[{"href":"https:\/\/cerviolahotel.com\/it\/wp-json\/wp\/v2\/types\/page"}],"author":[{"embeddable":true,"href":"https:\/\/cerviolahotel.com\/it\/wp-json\/wp\/v2\/users\/1"}],"replies":[{"embeddable":true,"href":"https:\/\/cerviolahotel.com\/it\/wp-json\/wp\/v2\/comments?post=2680"}],"version-history":[{"count":3,"href":"https:\/\/cerviolahotel.com\/it\/wp-json\/wp\/v2\/pages\/2680\/revisions"}],"predecessor-version":[{"id":3614,"href":"https:\/\/cerviolahotel.com\/it\/wp-json\/wp\/v2\/pages\/2680\/revisions\/3614"}],"wp:attachment":[{"href":"https:\/\/cerviolahotel.com\/it\/wp-json\/wp\/v2\/media?parent=2680"}],"curies":[{"name":"wp","href":"https:\/\/api.w.org\/{rel}","templated":true}]}}