{"id":2680,"date":"2024-09-23T15:09:10","date_gmt":"2024-09-23T15:09:10","guid":{"rendered":"https:\/\/cerviolahotel.com\/?page_id=2680"},"modified":"2025-07-24T14:13:43","modified_gmt":"2025-07-24T14:13:43","slug":"cookies-policy","status":"publish","type":"page","link":"https:\/\/cerviolahotel.com\/nl\/cookies-policy\/","title":{"rendered":"Cookies"},"content":{"rendered":"<p><strong>Cookiebeleid voor Cerviola Hotel<\/strong><br><strong>Ingangsdatum: 23 september 2024<\/strong><\/p><p>Welkom bij het cookiebeleid van <strong>Welkom Hotel<\/strong>. Dit beleid legt uit hoe en waarom cookies en vergelijkbare trackingtechnologie\u00ebn worden gebruikt wanneer u onze website bezoekt, <a class=\"\" href=\"https:\/\/cerviolahotel.com\/nl\/\">https:\/\/cerviolahotel.com<\/a> (\"Website\"). Door de Website te gebruiken, stemt u in met het gebruik van cookies in overeenstemming met dit beleid. Als u niet akkoord gaat met ons cookiebeleid, pas dan uw browserinstellingen aan of maak geen gebruik van de Website.<\/p><hr class=\"wp-block-separator has-alpha-channel-opacity\"\/><h3 class=\"wp-block-heading\">1. Wie we zijn<\/h3><p><strong>Welkom Hotel<\/strong> is gevestigd op 14 Triq il-Bajja s-Sabi\u0127a, Bir\u017cebbu\u0121a, BB\u0120 153, Malta. We zetten ons in om je privacy en persoonlijke gegevens te beschermen in overeenstemming met de General Data Protection Regulation (GDPR) van de EU. Als u zich zorgen maakt over uw privacy, kunt u contact met ons opnemen via <strong><a>gdpr@cerviolahotel.com<\/a><\/strong>.<\/p><hr class=\"wp-block-separator has-alpha-channel-opacity\"\/><h3 class=\"wp-block-heading\">2. Wat zijn cookies?<\/h3><p>Cookies zijn kleine tekstbestanden die op uw apparaat worden geplaatst wanneer u een website bezoekt. Met deze bestanden kan een website uw apparaat herkennen en informatie over uw voorkeuren of eerdere acties opslaan. Cookies helpen de functionaliteit van de website en de gebruikerservaring te verbeteren en bieden inzicht aan de website-eigenaren.<\/p><p><strong>Soorten cookies:<\/strong><\/p><ul class=\"wp-block-list\"><li><strong>Sessie cookies<\/strong>: Tijdelijke cookies die verlopen wanneer u uw browser sluit.<\/li>\n\n<li><strong>Persistente cookies<\/strong>: Blijven op uw apparaat totdat ze verlopen of handmatig worden verwijderd.<\/li>\n\n<li><strong>Cookies van de eerste partij<\/strong>: Direct ingesteld door onze Website (bijv. cookies van Cerviola Hotel).<\/li>\n\n<li><strong>Cookies van derden<\/strong>: Ingesteld door externe diensten of verkopers die we op onze Website gebruiken.<\/li><\/ul><hr class=\"wp-block-separator has-alpha-channel-opacity\"\/><h3 class=\"wp-block-heading\">3. Soorten cookies die we gebruiken<\/h3><h4 class=\"wp-block-heading\">a. Essenti\u00eble cookies<\/h4><p>Deze cookies zijn noodzakelijk voor een goede werking van de Website.<br><strong>Doel:<\/strong> De functionaliteit van de Website waarborgen.<br><strong>Voorbeelden:<\/strong> Authenticatiecookies, beveiligingscookies.<br><strong>Bewaartermijn:<\/strong> Sessiecookies, die worden verwijderd wanneer u uw browser sluit.<\/p><h4 class=\"wp-block-heading\">b. Prestatiecookies<\/h4><p>Deze cookies helpen ons te begrijpen hoe bezoekers omgaan met de Website door anonieme informatie te verzamelen.<br><strong>Doel:<\/strong> De prestaties en gebruikspatronen van de website bewaken.<br><strong>Voorbeelden:<\/strong> Google Analytics-cookies.<br><strong>Bewaartermijn:<\/strong> Op sessie gebaseerd of persistent.<\/p><h4 class=\"wp-block-heading\">c. Functionele cookies<\/h4><p>Deze onthouden je keuzes, zoals taalvoorkeuren of regio.<br><strong>Doel:<\/strong> Verbeteren van websitefunctionaliteit en gebruikerservaring.<br><strong>Voorbeelden:<\/strong> Cookies voor taalselectie.<br><strong>Bewaartermijn:<\/strong> Typisch hardnekkig.<\/p><h4 class=\"wp-block-heading\">d. Reclame-\/Targeting-cookies<\/h4><p>Deze cookies leveren relevante advertenties en meten de effectiviteit van advertenties.<br><strong>Doel:<\/strong> Richt advertenties en meet campagneprestaties.<br><strong>Voorbeelden:<\/strong> Google AdWords, Facebook Pixel.<br><strong>Bewaartermijn:<\/strong> Hardnekkig.<\/p><h4 class=\"wp-block-heading\">e. Cookies voor sociale media<\/h4><p>Hiermee kun je inhoud delen op platforms zoals Facebook of Instagram.<br><strong>Doel:<\/strong> Delen en interactie met sociale platforms mogelijk maken.<br><strong>Voorbeelden:<\/strong> Deelknoppen voor Facebook en Instagram.<br><strong>Bewaartermijn:<\/strong> Hardnekkig.<\/p><hr class=\"wp-block-separator has-alpha-channel-opacity\"\/><h3 class=\"wp-block-heading\">4. Cookies van derden<\/h3><p>We maken gebruik van diensten van derden die cookies op uw apparaat kunnen plaatsen, waaronder:<\/p><ul class=\"wp-block-list\"><li><strong>Google Analytics<\/strong>: Voor analyses en verkeersinzichten.<\/li>\n\n<li><strong>Facebook-pixel<\/strong>: Voor het bijhouden van conversies en advertentieoptimalisatie.<\/li><\/ul><p>Wij hebben geen controle over cookies van derden. Beheer ze via de instellingen van uw browser of via tools van derden zoals <a>De opt-out tool van Google<\/a> of <a>Facebooks advertentievoorkeuren<\/a>.<\/p><hr class=\"wp-block-separator has-alpha-channel-opacity\"\/><h3 class=\"wp-block-heading\">5. Cookies beheren<\/h3><p>U kunt cookies op elk gewenst moment accepteren of weigeren:<\/p><ul class=\"wp-block-list\"><li><strong>Browserinstellingen<\/strong>: In de meeste browsers kunt u cookies uitschakelen. Houd er rekening mee dat het uitschakelen van cookies de functionaliteit van de website kan be\u00efnvloeden.<\/li>\n\n<li><strong>Opt-Out Gereedschap<\/strong>: Gebruik tools zoals de Google Analytics Opt-out Browser Add-on.<\/li>\n\n<li><strong>Cookie Banner<\/strong>: Bij uw eerste bezoek kunt u via een banner cookies accepteren of weigeren. U kunt uw voorkeuren op elk gewenst moment wijzigen via onze [cookie management tool\/link] (voeg link in indien beschikbaar).<\/li><\/ul><hr class=\"wp-block-separator has-alpha-channel-opacity\"\/><h3 class=\"wp-block-heading\">6. Bewaartermijn<\/h3><ul class=\"wp-block-list\"><li><strong>Sessiecookies<\/strong>: Wordt verwijderd wanneer de browser wordt gesloten.<\/li>\n\n<li><strong>Persistente cookies<\/strong>: Blijven gedurende een bepaalde periode staan of totdat ze handmatig worden verwijderd.<\/li><\/ul><p>Bewaartermijnen voor elk type cookie kunnen worden bekeken in onze tool voor cookiebeheer.<\/p><hr class=\"wp-block-separator has-alpha-channel-opacity\"\/><h3 class=\"wp-block-heading\">7. Wettelijke basis voor het verwerken van cookies<\/h3><p>Onder GDPR zijn onze rechtsgrondslagen:<\/p><ul class=\"wp-block-list\"><li><strong>Essenti\u00eble koekjes<\/strong>: Legitiem belang bij het beheer van de site.<\/li>\n\n<li><strong>Prestatie-, functie- en advertentiecookies<\/strong>: Toestemming verleend via cookiebanner.<\/li><\/ul><p>Toestemming kan op elk moment worden ingetrokken via browserinstellingen of de banner.<\/p><hr class=\"wp-block-separator has-alpha-channel-opacity\"\/><h3 class=\"wp-block-heading\">8. Uw rechten<\/h3><p>U hebt de volgende rechten met betrekking tot gegevens die via cookies worden verzameld:<\/p><ul class=\"wp-block-list\"><li><strong>Toegang<\/strong> - Bekijk welke persoonlijke gegevens worden bewaard.<\/li>\n\n<li><strong>Rectificatie<\/strong> - Corrigeer onjuiste gegevens.<\/li>\n\n<li><strong>Erasure<\/strong> - Gegevensverwijdering aanvragen.<\/li>\n\n<li><strong>Beperking<\/strong> - Verwerking beperken.<\/li>\n\n<li><strong>Bezwaar<\/strong> - Bezwaar maken tegen verwerking voor specifieke doeleinden.<\/li><\/ul><p>Neem voor aanvragen contact op met <strong><a>gdpr@cerviolahotel.com<\/a><\/strong>.<\/p><hr class=\"wp-block-separator has-alpha-channel-opacity\"\/><h3 class=\"wp-block-heading\">9. Wijzigingen in dit Cookiebeleid<\/h3><p>We kunnen dit Cookiebeleid bijwerken om veranderingen in technologie, regelgeving of praktijken weer te geven. Updates worden op deze pagina geplaatst met een nieuwe ingangsdatum. Lees dit beleid regelmatig door.<\/p><hr class=\"wp-block-separator has-alpha-channel-opacity\"\/><h3 class=\"wp-block-heading\">10. Neem contact met ons op<\/h3><p>Voor vragen over ons gebruik van cookies of om uw rechten uit te oefenen, kunt u contact opnemen met:<\/p><p><strong>E-mail:<\/strong> <a>gdpr@cerviolahotel.com<\/a><br><strong>Adres:<\/strong> Cerviola Hotel, 14 Triq il-Bajja s-Sabi\u0127a, Bir\u017cebbu\u0121a, BB\u0120 153, Malta<\/p>","protected":false},"excerpt":{"rendered":"<p>Cookie Policy for Cerviola HotelEffective Date: 23 September 2024 Welcome to the Cookie Policy of Cerviola Hotel. This policy explains how and why cookies and similar tracking technologies are used when you visit our website, https:\/\/cerviolahotel.com (&#8220;Website&#8221;). By using the Website, you consent to the use of cookies in accordance with this policy. If you &#8230;<\/p>","protected":false},"author":1,"featured_media":0,"parent":0,"menu_order":0,"comment_status":"closed","ping_status":"closed","template":"","meta":{"cozystay_single_page_hide_site_header":"","cozystay_single_page_site_header_source":"","cozystay_single_page_custom_site_header":"0","cozystay_single_page_custom_sticky_site_header":"0","cozystay_single_page_hide_page_title":"","cozystay_single_page_header_section_size":"","cozystay_single_page_header_background_color":"","cozystay_single_page_header_background_position_x":"center","cozystay_single_page_header_background_position_y":"center","cozystay_single_page_header_background_size":"cover","cozystay_single_page_header_background_repeat":"off","cozystay_single_page_header_background_scroll":"on","cozystay_single_page_header_text_color":"","cozystay_single_page_header_show_breadcrumb":"","cozystay_single_page_site_footer_hide_main":"","cozystay_single_custom_site_footer_main_source":"","cozystay_single_custom_site_footer_main":"0","cozystay_single_page_site_footer_hide_above":"","cozystay_single_custom_site_footer_above_source":"","cozystay_single_custom_site_footer_above":"0","cozystay_single_page_site_footer_hide_instagram":"","cozystay_single_page_site_footer_hide_bottom":"","cozystay_single_custom_mobile_menu_source":"","cozystay_single_custom_mobile_menu":"0","cozystay_single_custom_mobile_menu_animation":"","cozystay_single_custom_mobile_menu_width":"","cozystay_single_custom_mobile_menu_custom_width":375,"footnotes":""},"class_list":["post-2680","page","type-page","status-publish","hentry"],"aioseo_notices":[],"_links":{"self":[{"href":"https:\/\/cerviolahotel.com\/nl\/wp-json\/wp\/v2\/pages\/2680","targetHints":{"allow":["GET"]}}],"collection":[{"href":"https:\/\/cerviolahotel.com\/nl\/wp-json\/wp\/v2\/pages"}],"about":[{"href":"https:\/\/cerviolahotel.com\/nl\/wp-json\/wp\/v2\/types\/page"}],"author":[{"embeddable":true,"href":"https:\/\/cerviolahotel.com\/nl\/wp-json\/wp\/v2\/users\/1"}],"replies":[{"embeddable":true,"href":"https:\/\/cerviolahotel.com\/nl\/wp-json\/wp\/v2\/comments?post=2680"}],"version-history":[{"count":3,"href":"https:\/\/cerviolahotel.com\/nl\/wp-json\/wp\/v2\/pages\/2680\/revisions"}],"predecessor-version":[{"id":3614,"href":"https:\/\/cerviolahotel.com\/nl\/wp-json\/wp\/v2\/pages\/2680\/revisions\/3614"}],"wp:attachment":[{"href":"https:\/\/cerviolahotel.com\/nl\/wp-json\/wp\/v2\/media?parent=2680"}],"curies":[{"name":"wp","href":"https:\/\/api.w.org\/{rel}","templated":true}]}}