{"id":2680,"date":"2024-09-23T15:09:10","date_gmt":"2024-09-23T15:09:10","guid":{"rendered":"https:\/\/cerviolahotel.com\/?page_id=2680"},"modified":"2025-07-24T14:13:43","modified_gmt":"2025-07-24T14:13:43","slug":"cookies-policy","status":"publish","type":"page","link":"https:\/\/cerviolahotel.com\/pl\/cookies-policy\/","title":{"rendered":"Polityka dotycz\u0105ca plik\u00f3w cookie"},"content":{"rendered":"<p><strong>Polityka plik\u00f3w cookie dla hotelu Cerviola<\/strong><br><strong>Data wej\u015bcia w \u017cycie: 23 wrze\u015bnia 2024 r.<\/strong><\/p><p>Witamy w Polityce plik\u00f3w cookie <strong>Hotel Cerviola<\/strong>. Niniejsze zasady wyja\u015bniaj\u0105, w jaki spos\u00f3b i dlaczego pliki cookie i podobne technologie \u015bledzenia s\u0105 u\u017cywane podczas odwiedzania naszej witryny, <a class=\"\" href=\"https:\/\/cerviolahotel.com\/pl\/\">https:\/\/cerviolahotel.com<\/a> (\"Strona internetowa\"). Korzystaj\u0105c z Witryny, u\u017cytkownik wyra\u017ca zgod\u0119 na u\u017cywanie plik\u00f3w cookie zgodnie z niniejsz\u0105 polityk\u0105. Je\u015bli nie zgadzasz si\u0119 z naszymi praktykami dotycz\u0105cymi plik\u00f3w cookie, dostosuj ustawienia przegl\u0105darki lub powstrzymaj si\u0119 od korzystania z Witryny.<\/p><hr class=\"wp-block-separator has-alpha-channel-opacity\"\/><h3 class=\"wp-block-heading\">1. Kim jeste\u015bmy<\/h3><p><strong>Hotel Cerviola<\/strong> znajduje si\u0119 pod adresem 14 Triq il-Bajja s-Sabi\u0127a, Bir\u017cebbu\u0121a, BB\u0120 153, Malta. Zobowi\u0105zujemy si\u0119 do ochrony prywatno\u015bci i danych osobowych u\u017cytkownik\u00f3w zgodnie z og\u00f3lnym rozporz\u0105dzeniem UE o ochronie danych (RODO). W przypadku jakichkolwiek w\u0105tpliwo\u015bci zwi\u0105zanych z prywatno\u015bci\u0105 mo\u017cesz skontaktowa\u0107 si\u0119 z nami pod adresem <strong><a>gdpr@cerviolahotel.com<\/a><\/strong>.<\/p><hr class=\"wp-block-separator has-alpha-channel-opacity\"\/><h3 class=\"wp-block-heading\">2. Czym s\u0105 pliki cookie?<\/h3><p>Pliki cookie to ma\u0142e pliki tekstowe, kt\u00f3re s\u0105 umieszczane na urz\u0105dzeniu u\u017cytkownika podczas odwiedzania strony internetowej. Pliki te umo\u017cliwiaj\u0105 witrynie rozpoznanie urz\u0105dzenia u\u017cytkownika i przechowywanie informacji o jego preferencjach lub wcze\u015bniejszych dzia\u0142aniach. Pliki cookie pomagaj\u0105 poprawi\u0107 funkcjonalno\u015b\u0107 strony internetowej, do\u015bwiadczenie u\u017cytkownika i zapewniaj\u0105 wgl\u0105d w\u0142a\u015bcicielom strony internetowej.<\/p><p><strong>Rodzaje plik\u00f3w cookie:<\/strong><\/p><ul class=\"wp-block-list\"><li><strong>Pliki cookie sesji<\/strong>: Tymczasowe pliki cookie, kt\u00f3re wygasaj\u0105 po zamkni\u0119ciu przegl\u0105darki.<\/li>\n\n<li><strong>Trwa\u0142e pliki cookie<\/strong>: Pozostaj\u0105 na urz\u0105dzeniu do momentu ich wyga\u015bni\u0119cia lub r\u0119cznego usuni\u0119cia.<\/li>\n\n<li><strong>W\u0142asne pliki cookie<\/strong>: Ustawiane bezpo\u015brednio przez nasz\u0105 stron\u0119 internetow\u0105 (np. pliki cookie z Cerviola Hotel).<\/li>\n\n<li><strong>Pliki cookie stron trzecich<\/strong>: Ustawione przez zewn\u0119trzne us\u0142ugi lub dostawc\u00f3w, z kt\u00f3rych korzystamy w naszej Witrynie.<\/li><\/ul><hr class=\"wp-block-separator has-alpha-channel-opacity\"\/><h3 class=\"wp-block-heading\">3. Rodzaje u\u017cywanych przez nas plik\u00f3w cookie<\/h3><h4 class=\"wp-block-heading\">a. Niezb\u0119dne pliki cookie<\/h4><p>Te pliki cookie s\u0105 niezb\u0119dne do prawid\u0142owego funkcjonowania Witryny.<br><strong>Cel:<\/strong> Zapewnienie funkcjonalno\u015bci strony internetowej.<br><strong>Przyk\u0142ady:<\/strong> Uwierzytelniaj\u0105ce pliki cookie, zabezpieczaj\u0105ce pliki cookie.<br><strong>Okres przechowywania:<\/strong> Sesyjne pliki cookie, usuwane po zamkni\u0119ciu przegl\u0105darki.<\/p><h4 class=\"wp-block-heading\">b. Wydajno\u015bciowe pliki cookie<\/h4><p>Te pliki cookie pomagaj\u0105 nam zrozumie\u0107, w jaki spos\u00f3b odwiedzaj\u0105cy wchodz\u0105 w interakcj\u0119 z Witryn\u0105, zbieraj\u0105c anonimowe informacje.<br><strong>Cel:<\/strong> Monitorowanie wydajno\u015bci witryny i wzorc\u00f3w u\u017cytkowania.<br><strong>Przyk\u0142ady:<\/strong> Pliki cookie Google Analytics.<br><strong>Okres przechowywania:<\/strong> Oparte na sesji lub trwa\u0142e.<\/p><h4 class=\"wp-block-heading\">c. Funkcjonalne pliki cookie<\/h4><p>Zapami\u0119tuj\u0105 one wybory u\u017cytkownika, takie jak preferencje j\u0119zykowe lub region.<br><strong>Cel:<\/strong> Zwi\u0119kszenie funkcjonalno\u015bci witryny i komfortu u\u017cytkowania.<br><strong>Przyk\u0142ady:<\/strong> Pliki cookie wyboru j\u0119zyka.<br><strong>Okres przechowywania:<\/strong> Zazwyczaj trwa\u0142e.<\/p><h4 class=\"wp-block-heading\">d. Reklamowe\/targetuj\u0105ce pliki cookie<\/h4><p>Te pliki cookie dostarczaj\u0105 odpowiednie reklamy i mierz\u0105 ich skuteczno\u015b\u0107.<br><strong>Cel:<\/strong> Kieruj reklamy i mierz skuteczno\u015b\u0107 kampanii.<br><strong>Przyk\u0142ady:<\/strong> Google AdWords, Facebook Pixel.<br><strong>Okres przechowywania:<\/strong> Trwa\u0142o\u015b\u0107.<\/p><h4 class=\"wp-block-heading\">e. Pliki cookie medi\u00f3w spo\u0142eczno\u015bciowych<\/h4><p>Umo\u017cliwiaj\u0105 one udost\u0119pnianie tre\u015bci na platformach takich jak Facebook czy Instagram.<br><strong>Cel:<\/strong> Udost\u0119pnianie i interakcja z platformami spo\u0142eczno\u015bciowymi.<br><strong>Przyk\u0142ady:<\/strong> Przyciski udost\u0119pniania na Facebooku i Instagramie.<br><strong>Okres przechowywania:<\/strong> Trwa\u0142o\u015b\u0107.<\/p><hr class=\"wp-block-separator has-alpha-channel-opacity\"\/><h3 class=\"wp-block-heading\">4. Pliki cookie stron trzecich<\/h3><p>Korzystamy z us\u0142ug stron trzecich, kt\u00f3re mog\u0105 umieszcza\u0107 pliki cookie na urz\u0105dzeniu u\u017cytkownika, w tym:<\/p><ul class=\"wp-block-list\"><li><strong>Google Analytics<\/strong>: Do analizy i wgl\u0105du w ruch.<\/li>\n\n<li><strong>Piksel Facebooka<\/strong>: Do \u015bledzenia konwersji i optymalizacji reklam.<\/li><\/ul><p>Nie kontrolujemy plik\u00f3w cookie stron trzecich. Zarz\u0105dzaj nimi za pomoc\u0105 ustawie\u0144 przegl\u0105darki lub narz\u0119dzi innych firm, takich jak <a>Narz\u0119dzie Google do rezygnacji<\/a> lub <a>Preferencje reklamowe Facebooka<\/a>.<\/p><hr class=\"wp-block-separator has-alpha-channel-opacity\"\/><h3 class=\"wp-block-heading\">5. Jak zarz\u0105dza\u0107 plikami cookie<\/h3><p>U\u017cytkownik mo\u017ce zaakceptowa\u0107 lub odrzuci\u0107 pliki cookie w dowolnym momencie:<\/p><ul class=\"wp-block-list\"><li><strong>Ustawienia przegl\u0105darki<\/strong>: Wi\u0119kszo\u015b\u0107 przegl\u0105darek umo\u017cliwia wy\u0142\u0105czenie plik\u00f3w cookie. Nale\u017cy pami\u0119ta\u0107, \u017ce wy\u0142\u0105czenie plik\u00f3w cookie mo\u017ce wp\u0142yn\u0105\u0107 na funkcjonalno\u015b\u0107 witryny.<\/li>\n\n<li><strong>Narz\u0119dzia do rezygnacji<\/strong>: U\u017cyj narz\u0119dzi takich jak Google Analytics Opt-out Browser Add-on.<\/li>\n\n<li><strong>Baner plik\u00f3w cookie<\/strong>: Podczas pierwszej wizyty baner umo\u017cliwia zaakceptowanie lub odrzucenie plik\u00f3w cookie. Mo\u017cesz zmieni\u0107 swoje preferencje w dowolnym momencie za po\u015brednictwem naszego [narz\u0119dzia\/linku do zarz\u0105dzania plikami cookie] (wstaw link, je\u015bli jest dost\u0119pny).<\/li><\/ul><hr class=\"wp-block-separator has-alpha-channel-opacity\"\/><h3 class=\"wp-block-heading\">6. Okres przechowywania<\/h3><ul class=\"wp-block-list\"><li><strong>Pliki cookie sesji<\/strong>: Usuwane po zamkni\u0119ciu przegl\u0105darki.<\/li>\n\n<li><strong>Trwa\u0142e pliki cookie<\/strong>: Pozostaje przez okre\u015blony czas lub do momentu r\u0119cznego usuni\u0119cia.<\/li><\/ul><p>Czas przechowywania ka\u017cdego typu pliku cookie mo\u017cna sprawdzi\u0107 w naszym narz\u0119dziu do zarz\u0105dzania plikami cookie.<\/p><hr class=\"wp-block-separator has-alpha-channel-opacity\"\/><h3 class=\"wp-block-heading\">7. Podstawa prawna przetwarzania plik\u00f3w cookie<\/h3><p>Zgodnie z RODO naszymi podstawami prawnymi s\u0105:<\/p><ul class=\"wp-block-list\"><li><strong>Niezb\u0119dne pliki cookie<\/strong>: Uzasadniony interes zwi\u0105zany z funkcjonowaniem witryny.<\/li>\n\n<li><strong>Wydajno\u015bciowe, funkcjonalne i reklamowe pliki cookie<\/strong>: Zgoda udzielona za po\u015brednictwem banera cookie.<\/li><\/ul><p>Zgod\u0119 mo\u017cna wycofa\u0107 w dowolnym momencie za pomoc\u0105 ustawie\u0144 przegl\u0105darki lub banera.<\/p><hr class=\"wp-block-separator has-alpha-channel-opacity\"\/><h3 class=\"wp-block-heading\">8. Prawa u\u017cytkownika<\/h3><p>U\u017cytkownik ma nast\u0119puj\u0105ce prawa dotycz\u0105ce danych gromadzonych za po\u015brednictwem plik\u00f3w cookie:<\/p><ul class=\"wp-block-list\"><li><strong>Dost\u0119p<\/strong> - Zobacz, jakie dane osobowe s\u0105 przechowywane.<\/li>\n\n<li><strong>Rektyfikacja<\/strong> - Popraw niedok\u0142adne dane.<\/li>\n\n<li><strong>Wymazywanie<\/strong> - \u017b\u0105danie usuni\u0119cia danych.<\/li>\n\n<li><strong>Ograniczenie<\/strong> - Przetwarzanie limit\u00f3w.<\/li>\n\n<li><strong>Sprzeciw<\/strong> - Sprzeciw wobec przetwarzania do okre\u015blonych cel\u00f3w.<\/li><\/ul><p>Zapytania mo\u017cna kierowa\u0107 do <strong><a>gdpr@cerviolahotel.com<\/a><\/strong>.<\/p><hr class=\"wp-block-separator has-alpha-channel-opacity\"\/><h3 class=\"wp-block-heading\">9. Zmiany niniejszej polityki dotycz\u0105cej plik\u00f3w cookie<\/h3><p>Mo\u017cemy aktualizowa\u0107 niniejsze Zasady dotycz\u0105ce plik\u00f3w cookie w celu odzwierciedlenia zmian w technologii, przepisach lub praktykach. Aktualizacje b\u0119d\u0105 publikowane na tej stronie z now\u0105 dat\u0105 wej\u015bcia w \u017cycie. Prosimy o regularne zapoznawanie si\u0119 z niniejsz\u0105 polityk\u0105.<\/p><hr class=\"wp-block-separator has-alpha-channel-opacity\"\/><h3 class=\"wp-block-heading\">10. Kontakt<\/h3><p>W przypadku pyta\u0144 dotycz\u0105cych korzystania przez nas z plik\u00f3w cookie lub w celu skorzystania z przys\u0142uguj\u0105cych u\u017cytkownikowi praw, prosimy o kontakt:<\/p><p><strong>E-mail:<\/strong> <a>gdpr@cerviolahotel.com<\/a><br><strong>Adres:<\/strong> Cerviola Hotel, 14 Triq il-Bajja s-Sabi\u0127a, Bir\u017cebbu\u0121a, BB\u0120 153, Malta<\/p>","protected":false},"excerpt":{"rendered":"<p>Cookie Policy for Cerviola HotelEffective Date: 23 September 2024 Welcome to the Cookie Policy of Cerviola Hotel. This policy explains how and why cookies and similar tracking technologies are used when you visit our website, https:\/\/cerviolahotel.com (&#8220;Website&#8221;). By using the Website, you consent to the use of cookies in accordance with this policy. If you &#8230;<\/p>","protected":false},"author":1,"featured_media":0,"parent":0,"menu_order":0,"comment_status":"closed","ping_status":"closed","template":"","meta":{"cozystay_single_page_hide_site_header":"","cozystay_single_page_site_header_source":"","cozystay_single_page_custom_site_header":"0","cozystay_single_page_custom_sticky_site_header":"0","cozystay_single_page_hide_page_title":"","cozystay_single_page_header_section_size":"","cozystay_single_page_header_background_color":"","cozystay_single_page_header_background_position_x":"center","cozystay_single_page_header_background_position_y":"center","cozystay_single_page_header_background_size":"cover","cozystay_single_page_header_background_repeat":"off","cozystay_single_page_header_background_scroll":"on","cozystay_single_page_header_text_color":"","cozystay_single_page_header_show_breadcrumb":"","cozystay_single_page_site_footer_hide_main":"","cozystay_single_custom_site_footer_main_source":"","cozystay_single_custom_site_footer_main":"0","cozystay_single_page_site_footer_hide_above":"","cozystay_single_custom_site_footer_above_source":"","cozystay_single_custom_site_footer_above":"0","cozystay_single_page_site_footer_hide_instagram":"","cozystay_single_page_site_footer_hide_bottom":"","cozystay_single_custom_mobile_menu_source":"","cozystay_single_custom_mobile_menu":"0","cozystay_single_custom_mobile_menu_animation":"","cozystay_single_custom_mobile_menu_width":"","cozystay_single_custom_mobile_menu_custom_width":375,"footnotes":""},"class_list":["post-2680","page","type-page","status-publish","hentry"],"aioseo_notices":[],"_links":{"self":[{"href":"https:\/\/cerviolahotel.com\/pl\/wp-json\/wp\/v2\/pages\/2680","targetHints":{"allow":["GET"]}}],"collection":[{"href":"https:\/\/cerviolahotel.com\/pl\/wp-json\/wp\/v2\/pages"}],"about":[{"href":"https:\/\/cerviolahotel.com\/pl\/wp-json\/wp\/v2\/types\/page"}],"author":[{"embeddable":true,"href":"https:\/\/cerviolahotel.com\/pl\/wp-json\/wp\/v2\/users\/1"}],"replies":[{"embeddable":true,"href":"https:\/\/cerviolahotel.com\/pl\/wp-json\/wp\/v2\/comments?post=2680"}],"version-history":[{"count":3,"href":"https:\/\/cerviolahotel.com\/pl\/wp-json\/wp\/v2\/pages\/2680\/revisions"}],"predecessor-version":[{"id":3614,"href":"https:\/\/cerviolahotel.com\/pl\/wp-json\/wp\/v2\/pages\/2680\/revisions\/3614"}],"wp:attachment":[{"href":"https:\/\/cerviolahotel.com\/pl\/wp-json\/wp\/v2\/media?parent=2680"}],"curies":[{"name":"wp","href":"https:\/\/api.w.org\/{rel}","templated":true}]}}