{"id":20,"date":"2023-04-24T04:45:54","date_gmt":"2023-04-24T04:45:54","guid":{"rendered":"https:\/\/cozystay.loftocean.com\/mountain-hotel\/?page_id=20"},"modified":"2025-07-24T15:23:30","modified_gmt":"2025-07-24T15:23:30","slug":"our-blog","status":"publish","type":"page","link":"https:\/\/cerviolahotel.com\/sv\/our-blog\/","title":{"rendered":"V\u00e5r blogg"},"content":{"rendered":"<div data-elementor-type=\"wp-page\" data-elementor-id=\"20\" class=\"elementor elementor-20\" data-elementor-post-type=\"page\">\n\t\t\t\t\t\t<section class=\"elementor-section elementor-top-section elementor-element elementor-element-178b3756 cs-section-content-fullwidth elementor-section-boxed elementor-section-height-default elementor-section-height-default\" data-id=\"178b3756\" data-element_type=\"section\" data-settings=\"{&quot;background_background&quot;:&quot;classic&quot;}\">\n\t\t\t\t\t\t\t<div class=\"elementor-background-overlay\"><\/div>\n\t\t\t\t\t\t\t<div class=\"elementor-container elementor-column-gap-no\">\n\t\t\t\t\t<div class=\"elementor-column elementor-col-100 elementor-top-column elementor-element elementor-element-2d8b3cfe dark-color\" data-id=\"2d8b3cfe\" data-element_type=\"column\">\n\t\t\t<div class=\"elementor-widget-wrap elementor-element-populated\">\n\t\t\t\t\t\t<div class=\"elementor-element elementor-element-406c1f1 elementor-widget elementor-widget-cs_title\" data-id=\"406c1f1\" data-element_type=\"widget\" data-widget_type=\"cs_title.default\">\n\t\t\t\t<div class=\"elementor-widget-container\">\n\t\t\t\t\t\n        <div class=\"cs-title-wrap text-center\">\t            <h1 class=\"cs-title\">\n\t                V\u00e5r blogg\t            <\/h1>\t            <div class=\"cs-title-text\">\n\t                <p>Kolla in de senaste nyheterna och evenemangen p\u00e5 hotellet.<\/p>\t            <\/div>        <\/div>\t\t\t\t<\/div>\n\t\t\t\t<\/div>\n\t\t\t\t\t<\/div>\n\t\t<\/div>\n\t\t\t\t\t<\/div>\n\t\t<\/section>\n\t\t\t\t<section class=\"elementor-section elementor-top-section elementor-element elementor-element-6330fbd elementor-section-boxed elementor-section-height-default elementor-section-height-default\" data-id=\"6330fbd\" data-element_type=\"section\">\n\t\t\t\t\t\t<div class=\"elementor-container elementor-column-gap-no\">\n\t\t\t\t\t<div class=\"elementor-column elementor-col-100 elementor-top-column elementor-element elementor-element-c0e7254\" data-id=\"c0e7254\" data-element_type=\"column\">\n\t\t\t<div class=\"elementor-widget-wrap elementor-element-populated\">\n\t\t\t\t\t\t<div class=\"elementor-element elementor-element-0256065 elementor-widget elementor-widget-cs_blog\" data-id=\"0256065\" data-element_type=\"widget\" data-widget_type=\"cs_blog.default\">\n\t\t\t\t<div class=\"elementor-widget-container\">\n\t\t\t\t\t\t\t\t\t<div class=\"posts layout-grid column-2 img-ratio-3-2\" data-settings='{\"query\":{\"paged\":1,\"posts_per_page\":\"10\",\"ignore_sticky_posts\":true,\"post_type\":\"post\",\"post_status\":\"publish\",\"cat\":\"23\"},\"settings\":{\"layout\":\"grid\",\"columns\":\"2\",\"post_meta\":\"a:4:{i:0;s:7:\\\"excerpt\\\";i:1;s:13:\\\"read_more_btn\\\";i:2;s:8:\\\"category\\\";i:3;s:4:\\\"date\\\";}\",\"page_layout\":\"\",\"pagination\":\"ajax-manual\",\"archive_page\":\"elementor\"}}'>\n\t\t\t\t\t\t\t\t\t<div class=\"posts-wrapper\">\n<article class=\"post-1082 post type-post status-publish format-standard has-post-thumbnail hentry category-news tag-summer\">\n            <div class=\"featured-img\">\n        \t<a href=\"https:\/\/cerviolahotel.com\/sv\/why-stay-at-cerviola-hotel\/\"><img fetchpriority=\"high\" decoding=\"async\" width=\"780\" height=\"520\" src=\"https:\/\/cerviolahotel.com\/wp-content\/uploads\/2025\/03\/Cerviola\u00a9CamilleFenech-LR-33-min-780x520.jpg\" class=\"attachment-cozystay_780x9999 size-cozystay_780x9999 wp-post-image image-layout-grid-column-2\" alt=\"\" srcset=\"https:\/\/cerviolahotel.com\/wp-content\/uploads\/2025\/03\/Cerviola\u00a9CamilleFenech-LR-33-min-780x520.jpg 780w, https:\/\/cerviolahotel.com\/wp-content\/uploads\/2025\/03\/Cerviola\u00a9CamilleFenech-LR-33-min-300x200.jpg 300w, https:\/\/cerviolahotel.com\/wp-content\/uploads\/2025\/03\/Cerviola\u00a9CamilleFenech-LR-33-min-1024x683.jpg 1024w, https:\/\/cerviolahotel.com\/wp-content\/uploads\/2025\/03\/Cerviola\u00a9CamilleFenech-LR-33-min-768x512.jpg 768w, https:\/\/cerviolahotel.com\/wp-content\/uploads\/2025\/03\/Cerviola\u00a9CamilleFenech-LR-33-min-1536x1024.jpg 1536w, https:\/\/cerviolahotel.com\/wp-content\/uploads\/2025\/03\/Cerviola\u00a9CamilleFenech-LR-33-min-2048x1366.jpg 2048w, https:\/\/cerviolahotel.com\/wp-content\/uploads\/2025\/03\/Cerviola\u00a9CamilleFenech-LR-33-min-18x12.jpg 18w, https:\/\/cerviolahotel.com\/wp-content\/uploads\/2025\/03\/Cerviola\u00a9CamilleFenech-LR-33-min-1920x1280.jpg 1920w, https:\/\/cerviolahotel.com\/wp-content\/uploads\/2025\/03\/Cerviola\u00a9CamilleFenech-LR-33-min-1440x960.jpg 1440w, https:\/\/cerviolahotel.com\/wp-content\/uploads\/2025\/03\/Cerviola\u00a9CamilleFenech-LR-33-min-1200x800.jpg 1200w, https:\/\/cerviolahotel.com\/wp-content\/uploads\/2025\/03\/Cerviola\u00a9CamilleFenech-LR-33-min-600x400.jpg 600w, https:\/\/cerviolahotel.com\/wp-content\/uploads\/2025\/03\/Cerviola\u00a9CamilleFenech-LR-33-min-550x367.jpg 550w, https:\/\/cerviolahotel.com\/wp-content\/uploads\/2025\/03\/Cerviola\u00a9CamilleFenech-LR-33-min-370x247.jpg 370w, https:\/\/cerviolahotel.com\/wp-content\/uploads\/2025\/03\/Cerviola\u00a9CamilleFenech-LR-33-min-255x170.jpg 255w, https:\/\/cerviolahotel.com\/wp-content\/uploads\/2025\/03\/Cerviola\u00a9CamilleFenech-LR-33-min-150x100.jpg 150w\" sizes=\"(max-width: 780px) 100vw, 780px\" \/><\/a>            <div class=\"overlay-label time-label featured-style\">\n                <div class=\"meta-item time\">\n                    <time class=\"published\" datetime=\"2023-09-23T05:52:51+00:00\">\n                        <span class=\"month\">sep<\/span> <span class=\"day\">23<\/span>\n                    <\/time>\n                <\/div>\n            <\/div>        <\/div>\n    <div class=\"post-content\">\n        <header class=\"post-header\">            <div class=\"meta-wrap\">\t\t\t<div class=\"cat-links\"><a href=\"https:\/\/cerviolahotel.com\/sv\/category\/news\/\" rel=\"tag\">Nyheter<\/a><\/div>            <\/div>    <h2 class=\"post-title\">\n        <a href=\"https:\/\/cerviolahotel.com\/sv\/why-stay-at-cerviola-hotel\/\">Varf\u00f6r bo p\u00e5 Cerviola Hotel?<\/a>\n    <\/h2>        <\/header>\t\t<div class=\"post-excerpt\"><p>Uppt\u00e4ck charmen i Marsaskalas p\u00e4rla vid havet Cerviola Hotel ligger undang\u00f6mt i den lugna kuststaden Marsaskala och erbjuder ett varmt v\u00e4lkomnande till resen\u00e4rer som s\u00f6ker ...<\/p>\n<\/div>             <footer class=\"post-footer\">        <div class=\"more-btn\">\n            <a class=\"read-more-btn button cs-btn-underline\" href=\"https:\/\/cerviolahotel.com\/sv\/why-stay-at-cerviola-hotel\/\"><span>L\u00e4s mer om<\/span><\/a>\n        <\/div>            <\/footer>    <\/div>\n<\/article>\n\t\t\t\t<\/div>\t\t\t\t<\/div>\t\t\t\t<\/div>\n\t\t\t\t<\/div>\n\t\t\t\t\t<\/div>\n\t\t<\/div>\n\t\t\t\t\t<\/div>\n\t\t<\/section>\n\t\t\t\t<\/div>","protected":false},"excerpt":{"rendered":"<p>Our Blog Check out the latest news and events of the hotel. Sep 23 News Why Stay at Cerviola Hotel? Discover the Charm of Marsaskala\u2019s Seaside Gem Tucked away in the tranquil coastal town of Marsaskala, Cerviola Hotel offers a warm welcome to travelers seeking &#8230; Read More<\/p>","protected":false},"author":1,"featured_media":3419,"parent":0,"menu_order":0,"comment_status":"closed","ping_status":"closed","template":"template-wide-content.php","meta":{"cozystay_single_page_hide_site_header":"","cozystay_single_page_site_header_source":"","cozystay_single_page_custom_site_header":"0","cozystay_single_page_custom_sticky_site_header":"0","cozystay_single_page_hide_page_title":"on","cozystay_single_page_header_section_size":"","cozystay_single_page_header_background_color":"","cozystay_single_page_header_background_position_x":"center","cozystay_single_page_header_background_position_y":"center","cozystay_single_page_header_background_size":"cover","cozystay_single_page_header_background_repeat":"off","cozystay_single_page_header_background_scroll":"on","cozystay_single_page_header_text_color":"","cozystay_single_page_header_show_breadcrumb":"","cozystay_single_page_site_footer_hide_main":"","cozystay_single_custom_site_footer_main_source":"","cozystay_single_custom_site_footer_main":"0","cozystay_single_page_site_footer_hide_above":"","cozystay_single_custom_site_footer_above_source":"","cozystay_single_custom_site_footer_above":"0","cozystay_single_page_site_footer_hide_instagram":"","cozystay_single_page_site_footer_hide_bottom":"","cozystay_single_custom_mobile_menu_source":"","cozystay_single_custom_mobile_menu":"0","cozystay_single_custom_mobile_menu_animation":"","cozystay_single_custom_mobile_menu_width":"","cozystay_single_custom_mobile_menu_custom_width":375,"footnotes":""},"class_list":["post-20","page","type-page","status-publish","has-post-thumbnail","hentry"],"aioseo_notices":[],"_links":{"self":[{"href":"https:\/\/cerviolahotel.com\/sv\/wp-json\/wp\/v2\/pages\/20","targetHints":{"allow":["GET"]}}],"collection":[{"href":"https:\/\/cerviolahotel.com\/sv\/wp-json\/wp\/v2\/pages"}],"about":[{"href":"https:\/\/cerviolahotel.com\/sv\/wp-json\/wp\/v2\/types\/page"}],"author":[{"embeddable":true,"href":"https:\/\/cerviolahotel.com\/sv\/wp-json\/wp\/v2\/users\/1"}],"replies":[{"embeddable":true,"href":"https:\/\/cerviolahotel.com\/sv\/wp-json\/wp\/v2\/comments?post=20"}],"version-history":[{"count":10,"href":"https:\/\/cerviolahotel.com\/sv\/wp-json\/wp\/v2\/pages\/20\/revisions"}],"predecessor-version":[{"id":3729,"href":"https:\/\/cerviolahotel.com\/sv\/wp-json\/wp\/v2\/pages\/20\/revisions\/3729"}],"wp:featuredmedia":[{"embeddable":true,"href":"https:\/\/cerviolahotel.com\/sv\/wp-json\/wp\/v2\/media\/3419"}],"wp:attachment":[{"href":"https:\/\/cerviolahotel.com\/sv\/wp-json\/wp\/v2\/media?parent=20"}],"curies":[{"name":"wp","href":"https:\/\/api.w.org\/{rel}","templated":true}]}}