{"id":3,"date":"2024-09-18T11:20:51","date_gmt":"2024-09-18T11:20:51","guid":{"rendered":"https:\/\/cerviolahotel.com\/?page_id=3"},"modified":"2025-07-24T14:14:03","modified_gmt":"2025-07-24T14:14:03","slug":"privacy-policy","status":"publish","type":"page","link":"https:\/\/cerviolahotel.com\/sv\/privacy-policy\/","title":{"rendered":"Integritetspolicy"},"content":{"rendered":"<p><strong>Vilka vi \u00e4r<\/strong><\/p><p>V\u00e5r webbadress \u00e4r: <a href=\"https:\/\/cerviolahotel.com\/sv\/\">https:\/\/cerviolahotel.com<\/a>. Webbplatsen drivs av Logical Letting Ltd, Jade Elise, Triq Is-Siberja, Marsascala, Malta. F\u00f6retagsregistreringsnummer: C93089, momsregistreringsnummer: MT2652-2513.<\/p><p><strong>Kommentarer<\/strong><\/p><p>N\u00e4r bes\u00f6kare l\u00e4mnar kommentarer p\u00e5 webbplatsen samlar vi in de uppgifter som visas i kommentarsformul\u00e4ret, liksom bes\u00f6karens IP-adress och webbl\u00e4sarens anv\u00e4ndaragentstr\u00e4ng f\u00f6r att hj\u00e4lpa till att uppt\u00e4cka skr\u00e4ppost. En anonymiserad str\u00e4ng som skapats fr\u00e5n din e-postadress (\u00e4ven kallad hash) kan tillhandah\u00e5llas Gravatar-tj\u00e4nsten f\u00f6r att verifiera om du anv\u00e4nder den. Gravatar-tj\u00e4nstens integritetspolicy finns tillg\u00e4nglig h\u00e4r: <a href=\"https:\/\/automattic.com\/privacy\/\">https:\/\/automattic.com\/privacy\/<\/a>. N\u00e4r din kommentar har godk\u00e4nts blir din profilbild synlig f\u00f6r allm\u00e4nheten i samband med din kommentar.<\/p><p><strong>Media<\/strong><\/p><p>Om du laddar upp bilder till webbplatsen ska du undvika att ladda upp bilder med inb\u00e4ddade platsdata (EXIF GPS). Bes\u00f6kare p\u00e5 webbplatsen kan ladda ner och extrahera platsdata fr\u00e5n bilder.<\/p><p><strong>Kakor<\/strong><\/p><p>Om du l\u00e4mnar en kommentar p\u00e5 v\u00e5r webbplats kan du v\u00e4lja att spara ditt namn, din e-postadress och din webbplats i cookies. Dessa \u00e4r f\u00f6r din bekv\u00e4mlighet s\u00e5 att du inte beh\u00f6ver fylla i dina uppgifter igen n\u00e4r du l\u00e4mnar en annan kommentar. Dessa cookies varar i ett \u00e5r.<\/p><p>Om du bes\u00f6ker v\u00e5r inloggningssida kommer vi att s\u00e4tta en tillf\u00e4llig cookie f\u00f6r att avg\u00f6ra om din webbl\u00e4sare accepterar cookies. Denna cookie inneh\u00e5ller inga personuppgifter och raderas n\u00e4r du st\u00e4nger din webbl\u00e4sare.<\/p><p>N\u00e4r du loggar in s\u00e4tter vi upp flera cookies f\u00f6r att spara din inloggningsinformation och dina val av sk\u00e4rmvisning. Inloggningscookies varar i tv\u00e5 dagar och cookies f\u00f6r sk\u00e4rmalternativ varar i ett \u00e5r. Om du v\u00e4ljer \"Kom ih\u00e5g mig\" sparas din inloggning i tv\u00e5 veckor. Om du loggar ut tas inloggningscookies bort.<\/p><p>Om du redigerar eller publicerar en artikel sparas ytterligare en cookie i din webbl\u00e4sare. Denna cookie inneh\u00e5ller inga personuppgifter utan anger bara post-ID f\u00f6r den artikel som du har redigerat. Den upph\u00f6r att g\u00e4lla efter en dag.<\/p><p><strong>Inb\u00e4ddat inneh\u00e5ll fr\u00e5n andra webbplatser<\/strong><\/p><p>Artiklar p\u00e5 denna webbplats kan inneh\u00e5lla inb\u00e4ddat inneh\u00e5ll (t.ex. videor, bilder, artiklar etc.). Inb\u00e4ddat inneh\u00e5ll fr\u00e5n andra webbplatser beter sig p\u00e5 samma s\u00e4tt som om bes\u00f6karen har bes\u00f6kt den externa webbplatsen. Dessa webbplatser kan samla in uppgifter om dig, anv\u00e4nda cookies, b\u00e4dda in ytterligare sp\u00e5rning fr\u00e5n tredje part och \u00f6vervaka din interaktion med det inb\u00e4ddade inneh\u00e5llet, inklusive sp\u00e5rningsinteraktioner om du har ett konto och \u00e4r inloggad p\u00e5 den webbplatsen.<\/p><p><strong>Vem vi delar dina uppgifter med<\/strong><\/p><p>Om du beg\u00e4r en \u00e5terst\u00e4llning av l\u00f6senordet kommer din IP-adress att inkluderas i e-postmeddelandet om \u00e5terst\u00e4llning.<\/p><p><strong>Hur l\u00e4nge vi beh\u00e5ller dina uppgifter<\/strong><\/p><p>Om du l\u00e4mnar en kommentar sparas kommentaren och dess metadata p\u00e5 obest\u00e4md tid. Detta \u00e4r f\u00f6r att vi ska kunna k\u00e4nna igen och godk\u00e4nna eventuella uppf\u00f6ljande kommentarer automatiskt ist\u00e4llet f\u00f6r att h\u00e5lla dem i en modereringsk\u00f6.<\/p><p>F\u00f6r anv\u00e4ndare som registrerar sig p\u00e5 v\u00e5r webbplats lagrar vi den personliga information som de tillhandah\u00e5ller i sina anv\u00e4ndarprofiler. Alla anv\u00e4ndare kan n\u00e4r som helst se, redigera eller radera sina personuppgifter (f\u00f6rutom att de inte kan \u00e4ndra sitt anv\u00e4ndarnamn). Webbplatsadministrat\u00f6rer kan ocks\u00e5 se och redigera denna information.<\/p><p><strong>Vilka r\u00e4ttigheter du har \u00f6ver dina uppgifter<\/strong><\/p><p>Om du har ett konto p\u00e5 den h\u00e4r webbplatsen eller har l\u00e4mnat kommentarer kan du beg\u00e4ra en exporterad fil med de personuppgifter vi har om dig, inklusive eventuella uppgifter som du har l\u00e4mnat till oss. Du kan ocks\u00e5 beg\u00e4ra att vi raderar alla personuppgifter som vi har om dig. Detta omfattar inte uppgifter som vi \u00e4r skyldiga att beh\u00e5lla av administrativa, juridiska eller s\u00e4kerhetssk\u00e4l.<\/p><p><strong>Vart skickas dina uppgifter?<\/strong><\/p><p>Bes\u00f6kares kommentarer kan kontrolleras genom en automatiserad tj\u00e4nst f\u00f6r uppt\u00e4ckt av skr\u00e4ppost.<\/p>","protected":false},"excerpt":{"rendered":"<p>Who We Are Our website address is: https:\/\/cerviolahotel.com. The website is operated by Logical Letting Ltd, Jade Elise, Triq Is-Siberja, Marsascala, Malta. Company Registration No: C93089, VAT No: MT2652-2513. Comments When visitors leave comments on the site, we collect the data shown in the comments form, as well as the visitor\u2019s IP address and browser &#8230;<\/p>","protected":false},"author":1,"featured_media":0,"parent":0,"menu_order":0,"comment_status":"closed","ping_status":"closed","template":"","meta":{"cozystay_single_page_hide_site_header":"","cozystay_single_page_site_header_source":"","cozystay_single_page_custom_site_header":"0","cozystay_single_page_custom_sticky_site_header":"0","cozystay_single_page_hide_page_title":"","cozystay_single_page_header_section_size":"","cozystay_single_page_header_background_color":"","cozystay_single_page_header_background_position_x":"center","cozystay_single_page_header_background_position_y":"center","cozystay_single_page_header_background_size":"cover","cozystay_single_page_header_background_repeat":"off","cozystay_single_page_header_background_scroll":"on","cozystay_single_page_header_text_color":"","cozystay_single_page_header_show_breadcrumb":"","cozystay_single_page_site_footer_hide_main":"","cozystay_single_custom_site_footer_main_source":"","cozystay_single_custom_site_footer_main":"0","cozystay_single_page_site_footer_hide_above":"","cozystay_single_custom_site_footer_above_source":"","cozystay_single_custom_site_footer_above":"0","cozystay_single_page_site_footer_hide_instagram":"","cozystay_single_page_site_footer_hide_bottom":"","cozystay_single_custom_mobile_menu_source":"","cozystay_single_custom_mobile_menu":"0","cozystay_single_custom_mobile_menu_animation":"","cozystay_single_custom_mobile_menu_width":"","cozystay_single_custom_mobile_menu_custom_width":375,"footnotes":""},"class_list":["post-3","page","type-page","status-publish","hentry"],"aioseo_notices":[],"_links":{"self":[{"href":"https:\/\/cerviolahotel.com\/sv\/wp-json\/wp\/v2\/pages\/3","targetHints":{"allow":["GET"]}}],"collection":[{"href":"https:\/\/cerviolahotel.com\/sv\/wp-json\/wp\/v2\/pages"}],"about":[{"href":"https:\/\/cerviolahotel.com\/sv\/wp-json\/wp\/v2\/types\/page"}],"author":[{"embeddable":true,"href":"https:\/\/cerviolahotel.com\/sv\/wp-json\/wp\/v2\/users\/1"}],"replies":[{"embeddable":true,"href":"https:\/\/cerviolahotel.com\/sv\/wp-json\/wp\/v2\/comments?post=3"}],"version-history":[{"count":2,"href":"https:\/\/cerviolahotel.com\/sv\/wp-json\/wp\/v2\/pages\/3\/revisions"}],"predecessor-version":[{"id":3304,"href":"https:\/\/cerviolahotel.com\/sv\/wp-json\/wp\/v2\/pages\/3\/revisions\/3304"}],"wp:attachment":[{"href":"https:\/\/cerviolahotel.com\/sv\/wp-json\/wp\/v2\/media?parent=3"}],"curies":[{"name":"wp","href":"https:\/\/api.w.org\/{rel}","templated":true}]}}