{"id":3450,"date":"2025-03-26T14:35:17","date_gmt":"2025-03-26T14:35:17","guid":{"rendered":"https:\/\/cerviolahotel.com\/?page_id=3450"},"modified":"2025-07-24T14:37:22","modified_gmt":"2025-07-24T14:37:22","slug":"about-us","status":"publish","type":"page","link":"https:\/\/cerviolahotel.com\/sv\/about-us\/","title":{"rendered":"Om oss"},"content":{"rendered":"<div data-elementor-type=\"wp-page\" data-elementor-id=\"3450\" class=\"elementor elementor-3450\" data-elementor-post-type=\"page\">\n\t\t\t\t\t\t<section class=\"elementor-section elementor-top-section elementor-element elementor-element-3721c029 elementor-section-height-min-height cs-section-content-fullwidth cs-parallax-on-scroll cs_scroll_y_80 elementor-section-boxed elementor-section-height-default elementor-section-items-middle\" data-id=\"3721c029\" data-element_type=\"section\" data-settings=\"{&quot;background_background&quot;:&quot;classic&quot;}\" data-cs-parallax-y=\"80\" style=\"background-image: none;\" data-cs-background-image=\"https:\/\/cerviolahotel.com\/wp-content\/uploads\/2025\/07\/Cerviola\u00a9CamilleFenech-27.jpg\">\n\t\t\t\t\t\t\t<div class=\"elementor-background-overlay\"><\/div>\n\t\t\t\t\t\t\t<div class=\"elementor-container elementor-column-gap-no\">\n\t\t\t\t\t<div class=\"elementor-column elementor-col-100 elementor-top-column elementor-element elementor-element-1dd27aea dark-color\" data-id=\"1dd27aea\" data-element_type=\"column\">\n\t\t\t<div class=\"elementor-widget-wrap elementor-element-populated\">\n\t\t\t\t\t\t<div class=\"elementor-element elementor-element-510107fc elementor-widget elementor-widget-cs_title\" data-id=\"510107fc\" data-element_type=\"widget\" data-widget_type=\"cs_title.default\">\n\t\t\t\t<div class=\"elementor-widget-container\">\n\t\t\t\t\t\n        <div class=\"cs-title-wrap text-center\">\t            <h1 class=\"cs-title\">\n\t                Om oss\t            <\/h1>\t            <div class=\"cs-title-text\">\n\t                <p>Uppt\u00e4ck historien bakom v\u00e5r resa<\/p>\t            <\/div>                <div class=\"cs-title-btn\">\n                    <a class=\"button elementor-button-link\" role=\"button\" href=\"#readmore\">\n                        <span class=\"cs-btn-text\">L\u00e4s mer om<\/span>                    <\/a>\n                <\/div>\n                    <\/div>\t\t\t\t<\/div>\n\t\t\t\t<\/div>\n\t\t\t\t\t<\/div>\n\t\t<\/div>\n\t\t\t\t\t<\/div>\n\t\t<\/section>\n\t\t<div class=\"elementor-element elementor-element-e3fbbb1 e-flex e-con-boxed e-con e-parent\" data-id=\"e3fbbb1\" data-element_type=\"container\">\n\t\t\t\t\t<div class=\"e-con-inner\">\n\t\t\t\t<div class=\"elementor-element elementor-element-c41599d elementor-widget elementor-widget-spacer\" data-id=\"c41599d\" data-element_type=\"widget\" data-widget_type=\"spacer.default\">\n\t\t\t\t<div class=\"elementor-widget-container\">\n\t\t\t\t\t\t\t<div class=\"elementor-spacer\">\n\t\t\t<div class=\"elementor-spacer-inner\"><\/div>\n\t\t<\/div>\n\t\t\t\t\t\t<\/div>\n\t\t\t\t<\/div>\n\t\t\t\t<div class=\"elementor-element elementor-element-c287c43 elementor-widget elementor-widget-cs_title\" data-id=\"c287c43\" data-element_type=\"widget\" data-widget_type=\"cs_title.default\">\n\t\t\t\t<div class=\"elementor-widget-container\">\n\t\t\t\t\t\n        <div class=\"cs-title-wrap text-center\">\t            <div class=\"cs-subtitle-wrap\"><span class=\"cs-subtitle\">Om oss\n<\/span><\/div>\t            <h4 class=\"cs-title\">\n\t                Ett kustn\u00e4ra tillflyktsort i hj\u00e4rtat av Marsaskala\n\t            <\/h4>\t            <div class=\"cs-title-text\">\n\t                <p><strong data-start=\"72\" data-end=\"101\">V\u00e4lkommen till Cerviola Hotel<\/strong> - ditt charmiga kusthotell d\u00e4r komfort, bekv\u00e4mlighet och maltesisk g\u00e4stfrihet m\u00f6ts. Bel\u00e4get i den livliga kuststaden Marsaskala, bara en kort promenad fr\u00e5n Medelhavets inbjudande vatten, erbjuder v\u00e5rt hotell den perfekta milj\u00f6n f\u00f6r avkoppling, utforskning och of\u00f6rgl\u00f6mliga stunder.<\/p>\t            <\/div>        <\/div>\t\t\t\t<\/div>\n\t\t\t\t<\/div>\n\t\t\t\t<div class=\"elementor-element elementor-element-31cef78 elementor-widget elementor-widget-menu-anchor\" data-id=\"31cef78\" data-element_type=\"widget\" data-widget_type=\"menu-anchor.default\">\n\t\t\t\t<div class=\"elementor-widget-container\">\n\t\t\t\t\t\t\t<div class=\"elementor-menu-anchor\" id=\"readmore\"><\/div>\n\t\t\t\t\t\t<\/div>\n\t\t\t\t<\/div>\n\t\t\t\t<div class=\"elementor-element elementor-element-89bb088 elementor-widget elementor-widget-spacer\" data-id=\"89bb088\" data-element_type=\"widget\" data-widget_type=\"spacer.default\">\n\t\t\t\t<div class=\"elementor-widget-container\">\n\t\t\t\t\t\t\t<div class=\"elementor-spacer\">\n\t\t\t<div class=\"elementor-spacer-inner\"><\/div>\n\t\t<\/div>\n\t\t\t\t\t\t<\/div>\n\t\t\t\t<\/div>\n\t\t\t\t\t<\/div>\n\t\t\t\t<\/div>\n\t\t\t\t<section class=\"elementor-section elementor-top-section elementor-element elementor-element-86191c5 cs-animation-small-offset elementor-section-boxed elementor-section-height-default elementor-section-height-default elementor-invisible\" data-id=\"86191c5\" data-element_type=\"section\" data-settings=\"{&quot;animation&quot;:&quot;fadeInUp&quot;,&quot;animation_delay&quot;:150}\">\n\t\t\t\t\t\t<div class=\"elementor-container elementor-column-gap-no\">\n\t\t\t\t\t<div class=\"elementor-column elementor-col-50 elementor-top-column elementor-element elementor-element-33b28b2\" data-id=\"33b28b2\" data-element_type=\"column\">\n\t\t\t<div class=\"elementor-widget-wrap elementor-element-populated\">\n\t\t\t\t\t\t<div class=\"elementor-element elementor-element-569dc95 elementor-widget elementor-widget-image\" data-id=\"569dc95\" data-element_type=\"widget\" data-widget_type=\"image.default\">\n\t\t\t\t<div class=\"elementor-widget-container\">\n\t\t\t\t\t\t\t\t\t\t\t\t\t\t\t<img fetchpriority=\"high\" decoding=\"async\" width=\"1024\" height=\"768\" src=\"https:\/\/cerviolahotel.com\/wp-content\/uploads\/2025\/07\/unnamed-12-1024x768.webp\" class=\"attachment-large size-large wp-image-3628\" alt=\"\" srcset=\"https:\/\/cerviolahotel.com\/wp-content\/uploads\/2025\/07\/unnamed-12-1024x768.webp 1024w, https:\/\/cerviolahotel.com\/wp-content\/uploads\/2025\/07\/unnamed-12-300x225.webp 300w, https:\/\/cerviolahotel.com\/wp-content\/uploads\/2025\/07\/unnamed-12-768x576.webp 768w, https:\/\/cerviolahotel.com\/wp-content\/uploads\/2025\/07\/unnamed-12-16x12.webp 16w, https:\/\/cerviolahotel.com\/wp-content\/uploads\/2025\/07\/unnamed-12-1200x900.webp 1200w, https:\/\/cerviolahotel.com\/wp-content\/uploads\/2025\/07\/unnamed-12-780x585.webp 780w, https:\/\/cerviolahotel.com\/wp-content\/uploads\/2025\/07\/unnamed-12-600x450.webp 600w, https:\/\/cerviolahotel.com\/wp-content\/uploads\/2025\/07\/unnamed-12-550x413.webp 550w, https:\/\/cerviolahotel.com\/wp-content\/uploads\/2025\/07\/unnamed-12-370x278.webp 370w, https:\/\/cerviolahotel.com\/wp-content\/uploads\/2025\/07\/unnamed-12-255x191.webp 255w, https:\/\/cerviolahotel.com\/wp-content\/uploads\/2025\/07\/unnamed-12-150x113.webp 150w, https:\/\/cerviolahotel.com\/wp-content\/uploads\/2025\/07\/unnamed-12.webp 1360w\" sizes=\"(max-width: 1024px) 100vw, 1024px\" \/>\t\t\t\t\t\t\t\t\t\t\t\t\t\t\t<\/div>\n\t\t\t\t<\/div>\n\t\t\t\t<div class=\"elementor-element elementor-element-7f10965 elementor-widget elementor-widget-cs_title\" data-id=\"7f10965\" data-element_type=\"widget\" data-widget_type=\"cs_title.default\">\n\t\t\t\t<div class=\"elementor-widget-container\">\n\t\t\t\t\t\n        <div class=\"cs-title-wrap text-center\">\t            <h6 class=\"cs-title\">\n\t                Om oss\t            <\/h6>\t            <div class=\"cs-title-text\">\n\t                <p class=\"\" data-start=\"572\" data-end=\"951\">Cerviola Hotel f\u00f6ddes ur en k\u00e4rlek till hj\u00e4rtlig g\u00e4stfrihet och den avslappnade charmen i Marsaskalas kustlivsstil. Inspirerade av Medelhavets rytmer har vi skapat ett utrymme som k\u00e4nns b\u00e5de v\u00e4lkomnande och fridfullt. Fr\u00e5n v\u00e5ra bekv\u00e4ma rum till v\u00e5r v\u00e4nliga service \u00e4r varje detalj utformad f\u00f6r att du ska k\u00e4nna dig som hemma - oavsett om du \u00e4r h\u00e4r f\u00f6r en lugn tillflyktsort, en familjesemester eller ett solfyllt \u00e4ventyr vid havet.<\/p>\t            <\/div>        <\/div>\t\t\t\t<\/div>\n\t\t\t\t<\/div>\n\t\t\t\t\t<\/div>\n\t\t<\/div>\n\t\t\t\t<div class=\"elementor-column elementor-col-50 elementor-top-column elementor-element elementor-element-3a73d0a\" data-id=\"3a73d0a\" data-element_type=\"column\">\n\t\t\t<div class=\"elementor-widget-wrap elementor-element-populated\">\n\t\t\t\t\t\t<div class=\"elementor-element elementor-element-b1bc82d elementor-widget elementor-widget-image\" data-id=\"b1bc82d\" data-element_type=\"widget\" data-widget_type=\"image.default\">\n\t\t\t\t<div class=\"elementor-widget-container\">\n\t\t\t\t\t\t\t\t\t\t\t\t\t\t\t<img decoding=\"async\" width=\"1024\" height=\"768\" src=\"https:\/\/cerviolahotel.com\/wp-content\/uploads\/2025\/07\/WhatsApp-Image-2025-07-24-at-16.26.39-1024x768.jpeg\" class=\"attachment-large size-large wp-image-3664\" alt=\"\" srcset=\"https:\/\/cerviolahotel.com\/wp-content\/uploads\/2025\/07\/WhatsApp-Image-2025-07-24-at-16.26.39-1024x768.jpeg 1024w, https:\/\/cerviolahotel.com\/wp-content\/uploads\/2025\/07\/WhatsApp-Image-2025-07-24-at-16.26.39-300x225.jpeg 300w, https:\/\/cerviolahotel.com\/wp-content\/uploads\/2025\/07\/WhatsApp-Image-2025-07-24-at-16.26.39-768x576.jpeg 768w, https:\/\/cerviolahotel.com\/wp-content\/uploads\/2025\/07\/WhatsApp-Image-2025-07-24-at-16.26.39-1536x1152.jpeg 1536w, https:\/\/cerviolahotel.com\/wp-content\/uploads\/2025\/07\/WhatsApp-Image-2025-07-24-at-16.26.39-16x12.jpeg 16w, https:\/\/cerviolahotel.com\/wp-content\/uploads\/2025\/07\/WhatsApp-Image-2025-07-24-at-16.26.39-1440x1080.jpeg 1440w, https:\/\/cerviolahotel.com\/wp-content\/uploads\/2025\/07\/WhatsApp-Image-2025-07-24-at-16.26.39-1200x900.jpeg 1200w, https:\/\/cerviolahotel.com\/wp-content\/uploads\/2025\/07\/WhatsApp-Image-2025-07-24-at-16.26.39-780x585.jpeg 780w, https:\/\/cerviolahotel.com\/wp-content\/uploads\/2025\/07\/WhatsApp-Image-2025-07-24-at-16.26.39-600x450.jpeg 600w, https:\/\/cerviolahotel.com\/wp-content\/uploads\/2025\/07\/WhatsApp-Image-2025-07-24-at-16.26.39-550x413.jpeg 550w, https:\/\/cerviolahotel.com\/wp-content\/uploads\/2025\/07\/WhatsApp-Image-2025-07-24-at-16.26.39-370x278.jpeg 370w, https:\/\/cerviolahotel.com\/wp-content\/uploads\/2025\/07\/WhatsApp-Image-2025-07-24-at-16.26.39-255x191.jpeg 255w, https:\/\/cerviolahotel.com\/wp-content\/uploads\/2025\/07\/WhatsApp-Image-2025-07-24-at-16.26.39-150x113.jpeg 150w, https:\/\/cerviolahotel.com\/wp-content\/uploads\/2025\/07\/WhatsApp-Image-2025-07-24-at-16.26.39.jpeg 1600w\" sizes=\"(max-width: 1024px) 100vw, 1024px\" \/>\t\t\t\t\t\t\t\t\t\t\t\t\t\t\t<\/div>\n\t\t\t\t<\/div>\n\t\t\t\t<div class=\"elementor-element elementor-element-247be35 elementor-widget elementor-widget-cs_title\" data-id=\"247be35\" data-element_type=\"widget\" data-widget_type=\"cs_title.default\">\n\t\t\t\t<div class=\"elementor-widget-container\">\n\t\t\t\t\t\n        <div class=\"cs-title-wrap text-center\">\t            <h6 class=\"cs-title\">\n\t                \u00d6ppet sedan 1970\t            <\/h6>\t            <div class=\"cs-title-text\">\n\t                <p class=\"\" data-start=\"1728\" data-end=\"2047\">I \u00f6ver fem decennier har Cerviola Hotel v\u00e4lkomnat sina g\u00e4ster med tidl\u00f6s maltesisk g\u00e4stfrihet och genuin omsorg. Sedan vi \u00f6ppnade v\u00e5ra d\u00f6rrar 1970 har vi vuxit fr\u00e5n en lokal favorit till ett \u00e4lskat tillflyktsort vid havet - d\u00e4r tradition, komfort och service f\u00f6renas f\u00f6r att skapa best\u00e5ende minnen. F\u00f6r varje \u00e5r som g\u00e5r \u00e4r vi fast beslutna att erbjuda en varm och familj\u00e4r atmosf\u00e4r som g\u00f6r att varje vistelse k\u00e4nns som att komma hem.<\/p>\t            <\/div>        <\/div>\t\t\t\t<\/div>\n\t\t\t\t<\/div>\n\t\t\t\t\t<\/div>\n\t\t<\/div>\n\t\t\t\t\t<\/div>\n\t\t<\/section>\n\t\t\t\t<section class=\"elementor-section elementor-top-section elementor-element elementor-element-e30cae2 cs-animation-small-offset elementor-section-boxed elementor-section-height-default elementor-section-height-default elementor-invisible\" data-id=\"e30cae2\" data-element_type=\"section\" data-settings=\"{&quot;animation&quot;:&quot;fadeInUp&quot;,&quot;animation_delay&quot;:150}\">\n\t\t\t\t\t\t<div class=\"elementor-container elementor-column-gap-no\">\n\t\t\t\t\t<div class=\"elementor-column elementor-col-50 elementor-top-column elementor-element elementor-element-ccc9e5d\" data-id=\"ccc9e5d\" data-element_type=\"column\">\n\t\t\t<div class=\"elementor-widget-wrap elementor-element-populated\">\n\t\t\t\t\t\t<div class=\"elementor-element elementor-element-8b41d14 elementor-widget elementor-widget-image\" data-id=\"8b41d14\" data-element_type=\"widget\" data-widget_type=\"image.default\">\n\t\t\t\t<div class=\"elementor-widget-container\">\n\t\t\t\t\t\t\t\t\t\t\t\t\t\t\t<img decoding=\"async\" width=\"1024\" height=\"682\" src=\"https:\/\/cerviolahotel.com\/wp-content\/uploads\/2025\/07\/3_marsaskala-1024x682.jpg\" class=\"attachment-large size-large wp-image-3621\" alt=\"\" srcset=\"https:\/\/cerviolahotel.com\/wp-content\/uploads\/2025\/07\/3_marsaskala-1024x682.jpg 1024w, https:\/\/cerviolahotel.com\/wp-content\/uploads\/2025\/07\/3_marsaskala-300x200.jpg 300w, https:\/\/cerviolahotel.com\/wp-content\/uploads\/2025\/07\/3_marsaskala-768x511.jpg 768w, https:\/\/cerviolahotel.com\/wp-content\/uploads\/2025\/07\/3_marsaskala-1536x1023.jpg 1536w, https:\/\/cerviolahotel.com\/wp-content\/uploads\/2025\/07\/3_marsaskala-2048x1364.jpg 2048w, https:\/\/cerviolahotel.com\/wp-content\/uploads\/2025\/07\/3_marsaskala-18x12.jpg 18w, https:\/\/cerviolahotel.com\/wp-content\/uploads\/2025\/07\/3_marsaskala-1920x1279.jpg 1920w, https:\/\/cerviolahotel.com\/wp-content\/uploads\/2025\/07\/3_marsaskala-1440x959.jpg 1440w, https:\/\/cerviolahotel.com\/wp-content\/uploads\/2025\/07\/3_marsaskala-1200x799.jpg 1200w, https:\/\/cerviolahotel.com\/wp-content\/uploads\/2025\/07\/3_marsaskala-780x519.jpg 780w, https:\/\/cerviolahotel.com\/wp-content\/uploads\/2025\/07\/3_marsaskala-600x400.jpg 600w, https:\/\/cerviolahotel.com\/wp-content\/uploads\/2025\/07\/3_marsaskala-550x366.jpg 550w, https:\/\/cerviolahotel.com\/wp-content\/uploads\/2025\/07\/3_marsaskala-370x246.jpg 370w, https:\/\/cerviolahotel.com\/wp-content\/uploads\/2025\/07\/3_marsaskala-255x170.jpg 255w, https:\/\/cerviolahotel.com\/wp-content\/uploads\/2025\/07\/3_marsaskala-150x100.jpg 150w\" sizes=\"(max-width: 1024px) 100vw, 1024px\" \/>\t\t\t\t\t\t\t\t\t\t\t\t\t\t\t<\/div>\n\t\t\t\t<\/div>\n\t\t\t\t<div class=\"elementor-element elementor-element-e68cc14 elementor-widget elementor-widget-cs_title\" data-id=\"e68cc14\" data-element_type=\"widget\" data-widget_type=\"cs_title.default\">\n\t\t\t\t<div class=\"elementor-widget-container\">\n\t\t\t\t\t\n        <div class=\"cs-title-wrap text-center\">\t            <h6 class=\"cs-title\">\n\t                Upplev Marsaskala\n\t            <\/h6>\t            <div class=\"cs-title-text\">\n\t                <p data-start=\"110\" data-end=\"607\">Marsaskala ligger p\u00e5 Maltas syd\u00f6stra kust och \u00e4r en pittoresk fiskeby som \u00e4r k\u00e4nd f\u00f6r sin avslappnade atmosf\u00e4r, natursk\u00f6na strandpromenad och kristallklara vatten. Fr\u00e5n morgonpromenader l\u00e4ngs vattnet till att uppt\u00e4cka n\u00e4rliggande str\u00e4nder, historiska vakttorn och charmiga kaf\u00e9er vid havet, Cerviola Hotel placerar dig i hj\u00e4rtat av allt. Oavsett om du utforskar naturstigar eller njuter av f\u00e4rsk fisk och skaldjur vid marinan, finns v\u00e5rt v\u00e4nliga receptionsteam alltid h\u00e4r f\u00f6r att hj\u00e4lpa dig att f\u00e5 ut det mesta av din vistelse.<\/p>\t            <\/div>        <\/div>\t\t\t\t<\/div>\n\t\t\t\t<\/div>\n\t\t\t\t\t<\/div>\n\t\t<\/div>\n\t\t\t\t<div class=\"elementor-column elementor-col-50 elementor-top-column elementor-element elementor-element-f0d8fae\" data-id=\"f0d8fae\" data-element_type=\"column\">\n\t\t\t<div class=\"elementor-widget-wrap elementor-element-populated\">\n\t\t\t\t\t\t<div class=\"elementor-element elementor-element-d543ff1 elementor-widget elementor-widget-image\" data-id=\"d543ff1\" data-element_type=\"widget\" data-widget_type=\"image.default\">\n\t\t\t\t<div class=\"elementor-widget-container\">\n\t\t\t\t\t\t\t\t\t\t\t\t\t\t\t<img loading=\"lazy\" decoding=\"async\" width=\"937\" height=\"768\" src=\"https:\/\/cerviolahotel.com\/wp-content\/uploads\/2025\/07\/154422108.jpg\" class=\"attachment-large size-large wp-image-3629\" alt=\"\" srcset=\"https:\/\/cerviolahotel.com\/wp-content\/uploads\/2025\/07\/154422108.jpg 937w, https:\/\/cerviolahotel.com\/wp-content\/uploads\/2025\/07\/154422108-300x246.jpg 300w, https:\/\/cerviolahotel.com\/wp-content\/uploads\/2025\/07\/154422108-768x629.jpg 768w, https:\/\/cerviolahotel.com\/wp-content\/uploads\/2025\/07\/154422108-15x12.jpg 15w, https:\/\/cerviolahotel.com\/wp-content\/uploads\/2025\/07\/154422108-780x639.jpg 780w, https:\/\/cerviolahotel.com\/wp-content\/uploads\/2025\/07\/154422108-600x492.jpg 600w, https:\/\/cerviolahotel.com\/wp-content\/uploads\/2025\/07\/154422108-550x451.jpg 550w, https:\/\/cerviolahotel.com\/wp-content\/uploads\/2025\/07\/154422108-370x303.jpg 370w, https:\/\/cerviolahotel.com\/wp-content\/uploads\/2025\/07\/154422108-255x209.jpg 255w, https:\/\/cerviolahotel.com\/wp-content\/uploads\/2025\/07\/154422108-150x123.jpg 150w\" sizes=\"(max-width: 937px) 100vw, 937px\" \/>\t\t\t\t\t\t\t\t\t\t\t\t\t\t\t<\/div>\n\t\t\t\t<\/div>\n\t\t\t\t<div class=\"elementor-element elementor-element-9cef488 elementor-widget elementor-widget-cs_title\" data-id=\"9cef488\" data-element_type=\"widget\" data-widget_type=\"cs_title.default\">\n\t\t\t\t<div class=\"elementor-widget-container\">\n\t\t\t\t\t\n        <div class=\"cs-title-wrap text-center\">\t            <h6 class=\"cs-title\">\n\t                Utformad f\u00f6r komfort\n\t            <\/h6>\t            <div class=\"cs-title-text\">\n\t                <p class=\"\" data-start=\"999\" data-end=\"1297\">P\u00e5 Cerviola Hotel \u00e4r inredningen omsorgsfullt utformad f\u00f6r att \u00e5terspegla de lugnande tonerna fr\u00e5n Medelhavet och charmen vid Marsaskalas kust. H\u00e4r blandas ren, modern stil med subtila lokala influenser och varje utrymme ger en k\u00e4nsla av lugn och komfort. Oavsett om du \u00e4r h\u00e4r f\u00f6r en romantisk resa, ett aff\u00e4rsbes\u00f6k eller en avkopplande familjevistelse, kommer du att hitta en varm och v\u00e4lkomnande atmosf\u00e4r i varje h\u00f6rn av hotellet.<\/p>\t            <\/div>        <\/div>\t\t\t\t<\/div>\n\t\t\t\t<\/div>\n\t\t\t\t\t<\/div>\n\t\t<\/div>\n\t\t\t\t\t<\/div>\n\t\t<\/section>\n\t\t\t\t<section class=\"elementor-section elementor-top-section elementor-element elementor-element-6184b1f elementor-section-full_width elementor-section-height-min-height cs-animation-small-offset elementor-section-height-default elementor-section-items-middle elementor-invisible\" data-id=\"6184b1f\" data-element_type=\"section\" data-settings=\"{&quot;background_background&quot;:&quot;classic&quot;,&quot;animation&quot;:&quot;fadeInUp&quot;,&quot;animation_delay&quot;:150}\">\n\t\t\t\t\t\t\t<div class=\"elementor-background-overlay\"><\/div>\n\t\t\t\t\t\t\t<div class=\"elementor-container elementor-column-gap-no\">\n\t\t\t\t\t<div class=\"elementor-column elementor-col-100 elementor-top-column elementor-element elementor-element-33907c8\" data-id=\"33907c8\" data-element_type=\"column\">\n\t\t\t<div class=\"elementor-widget-wrap\">\n\t\t\t\t\t\t\t<\/div>\n\t\t<\/div>\n\t\t\t\t\t<\/div>\n\t\t<\/section>\n\t\t\t\t<\/div>","protected":false},"excerpt":{"rendered":"<p>About Us Discover the story behind our journey Read More About Us A Coastal Escape in the Heart of Marsaskala Welcome to Cerviola Hotel \u2014 your charming coastal escape where comfort, convenience, and Maltese hospitality meet. Located in the vibrant seaside town of Marsaskala, just a short stroll from the inviting waters of the Mediterranean, &#8230;<\/p>","protected":false},"author":1,"featured_media":0,"parent":0,"menu_order":0,"comment_status":"closed","ping_status":"closed","template":"template-wide-content.php","meta":{"cozystay_single_page_hide_site_header":"","cozystay_single_page_site_header_source":"","cozystay_single_page_custom_site_header":"0","cozystay_single_page_custom_sticky_site_header":"0","cozystay_single_page_hide_page_title":"on","cozystay_single_page_header_section_size":"","cozystay_single_page_header_background_color":"","cozystay_single_page_header_background_position_x":"center","cozystay_single_page_header_background_position_y":"center","cozystay_single_page_header_background_size":"cover","cozystay_single_page_header_background_repeat":"off","cozystay_single_page_header_background_scroll":"on","cozystay_single_page_header_text_color":"","cozystay_single_page_header_show_breadcrumb":"","cozystay_single_page_site_footer_hide_main":"","cozystay_single_custom_site_footer_main_source":"","cozystay_single_custom_site_footer_main":"0","cozystay_single_page_site_footer_hide_above":"","cozystay_single_custom_site_footer_above_source":"","cozystay_single_custom_site_footer_above":"0","cozystay_single_page_site_footer_hide_instagram":"","cozystay_single_page_site_footer_hide_bottom":"","cozystay_single_custom_mobile_menu_source":"","cozystay_single_custom_mobile_menu":"0","cozystay_single_custom_mobile_menu_animation":"","cozystay_single_custom_mobile_menu_width":"","cozystay_single_custom_mobile_menu_custom_width":375,"footnotes":""},"class_list":["post-3450","page","type-page","status-publish","hentry"],"aioseo_notices":[],"_links":{"self":[{"href":"https:\/\/cerviolahotel.com\/sv\/wp-json\/wp\/v2\/pages\/3450","targetHints":{"allow":["GET"]}}],"collection":[{"href":"https:\/\/cerviolahotel.com\/sv\/wp-json\/wp\/v2\/pages"}],"about":[{"href":"https:\/\/cerviolahotel.com\/sv\/wp-json\/wp\/v2\/types\/page"}],"author":[{"embeddable":true,"href":"https:\/\/cerviolahotel.com\/sv\/wp-json\/wp\/v2\/users\/1"}],"replies":[{"embeddable":true,"href":"https:\/\/cerviolahotel.com\/sv\/wp-json\/wp\/v2\/comments?post=3450"}],"version-history":[{"count":13,"href":"https:\/\/cerviolahotel.com\/sv\/wp-json\/wp\/v2\/pages\/3450\/revisions"}],"predecessor-version":[{"id":3667,"href":"https:\/\/cerviolahotel.com\/sv\/wp-json\/wp\/v2\/pages\/3450\/revisions\/3667"}],"wp:attachment":[{"href":"https:\/\/cerviolahotel.com\/sv\/wp-json\/wp\/v2\/media?parent=3450"}],"curies":[{"name":"wp","href":"https:\/\/api.w.org\/{rel}","templated":true}]}}