{"id":3301,"date":"2024-10-10T08:40:44","date_gmt":"2024-10-10T08:40:44","guid":{"rendered":"https:\/\/cerviolahotel.com\/?page_id=3301"},"modified":"2025-07-24T14:09:02","modified_gmt":"2025-07-24T14:09:02","slug":"terms-conditions","status":"publish","type":"page","link":"https:\/\/cerviolahotel.com\/tr\/terms-conditions\/","title":{"rendered":"\u015eartlar ve Ko\u015fullar"},"content":{"rendered":"<p><strong>Y\u00fcr\u00fcrl\u00fck Tarihi: 23 Eyl\u00fcl 2024<\/strong><\/p><p>adresinde bulunan Cerviola Hotel web sitesine ho\u015f geldiniz. <a class=\"\" href=\"https:\/\/cerviolahotel.com\/tr\/\">https:\/\/cerviolahotel.com<\/a> (\"Web Sitesi\"). Bu sayfa, Web Sitemizi ve hizmetlerimizi kullanabilece\u011finiz h\u00fck\u00fcm ve ko\u015fullar\u0131 (\"Ko\u015fullar\") \u00f6zetlemektedir. Bu Web Sitesine eri\u015ferek veya bu Web Sitesini kullanarak, bu \u015eartlara uymay\u0131 ve bunlara ba\u011fl\u0131 kalmay\u0131 kabul etmi\u015f olursunuz. Bu \u015eartlar\u0131 kabul etmiyorsan\u0131z, l\u00fctfen Web Sitemizi veya hizmetlerimizi kullanmay\u0131n.<\/p><hr class=\"wp-block-separator has-alpha-channel-opacity\"\/><h3 class=\"wp-block-heading\">1. Biz Kimiz<\/h3><p>Cerviola Hotel, Malta'da C93089 sicil numaras\u0131yla kay\u0131tl\u0131 bir \u015firket olan Logical Letting Ltd taraf\u0131ndan i\u015fletilmektedir. Kay\u0131tl\u0131 ofisimiz 14 Triq il-Bajja s-Sabi\u0127a, Bir\u017cebbu\u0121a, BB\u0120 153, Malta adresindedir. KDV No: MT2652-2513. Bizimle \u015fu adresten ileti\u015fime ge\u00e7ebilirsiniz <strong><a>info@cerviolahotel.com<\/a><\/strong> veya kay\u0131tl\u0131 adresimize posta yoluyla g\u00f6nderebilirsiniz.<\/p><hr class=\"wp-block-separator has-alpha-channel-opacity\"\/><h3 class=\"wp-block-heading\">2. Web Sitesinin Kullan\u0131m\u0131<\/h3><p>Bu Web Sitesinde sa\u011flanan i\u00e7erik yaln\u0131zca genel bilgi ama\u00e7l\u0131d\u0131r. Web Sitesinin herhangi bir b\u00f6l\u00fcm\u00fcn\u00fc herhangi bir zamanda bildirimde bulunmaks\u0131z\u0131n de\u011fi\u015ftirme, ask\u0131ya alma veya durdurma hakk\u0131n\u0131 sakl\u0131 tutar\u0131z.<\/p><p>Web Sitesini kullan\u0131m\u0131n\u0131z\u0131n y\u00fcr\u00fcrl\u00fckteki t\u00fcm yasa ve y\u00f6netmeliklere uygun olmas\u0131n\u0131 sa\u011flamak sizin sorumlulu\u011funuzdad\u0131r.<\/p><p>Bu Web Sitesinin izinsiz kullan\u0131m\u0131 tazminat talebine yol a\u00e7abilir ve\/veya cezai bir su\u00e7 te\u015fkil edebilir.<\/p><hr class=\"wp-block-separator has-alpha-channel-opacity\"\/><h3 class=\"wp-block-heading\">3. Rezervasyon Ko\u015fullar\u0131<\/h3><p><strong>Kullan\u0131labilirlik<\/strong><br>T\u00fcm rezervasyonlar oda m\u00fcsaitli\u011fine tabidir. Cerviola Hotel, tamamen kendi takdirimize ba\u011fl\u0131 olarak rezervasyonlar\u0131 reddetme hakk\u0131n\u0131 sakl\u0131 tutar.<\/p><p><strong>Rezervasyon Onay\u0131<\/strong><br>Bir rezervasyon ancak size bir onay e-postas\u0131 g\u00f6nderildi\u011finde onaylanm\u0131\u015f say\u0131l\u0131r. Onay e-postas\u0131 almazsan\u0131z l\u00fctfen rezervasyon ekibimizle ileti\u015fime ge\u00e7in.<\/p><p><strong>Fiyatlar &amp; Fiyatland\u0131rma<\/strong><br>Oda fiyatlar\u0131na KDV dahildir ancak check-in s\u0131ras\u0131nda do\u011frudan konuk taraf\u0131ndan \u00f6denmesi gereken \u015eehir Vergisi hari\u00e7tir (2016'dan bu yana yerel MTA y\u00f6netmeli\u011fi uyar\u0131nca).<br>Fiyatlar \u00f6nceden haber verilmeksizin de\u011fi\u015ftirilebilir. Yukar\u0131daki fiyatlar otel i\u00e7in nettir ve herhangi bir komisyon i\u00e7ermez.<br>Vergi veya \u00fccretlerdeki herhangi bir de\u011fi\u015fiklik rezervasyonunuza uygulanacakt\u0131r.<\/p><p><strong>\u00d6deme Ko\u015fullar\u0131<\/strong><br>Rezervasyonlar i\u00e7in \u00f6deme, g\u00fcvenli \u00f6deme a\u011f ge\u00e7idimiz \u00fczerinden \u00e7evrimi\u00e7i olarak yap\u0131labilir. Ba\u015fl\u0131ca kredi kartlar\u0131n\u0131 kabul ediyoruz.<br>\u015eirket taraf\u0131ndan \u00f6n \u00f6deme yap\u0131lmad\u0131\u011f\u0131 takdirde, konuklar\u0131n check-in s\u0131ras\u0131nda mevcut bireysel bakiyeyi nakit veya kredi kart\u0131yla \u00f6demeleri gerekecektir.<\/p><p><strong>Check-In\/Check-Out<\/strong><br>Otele giri\u015f saati 14:00 ve otelden \u00e7\u0131k\u0131\u015f saati 11:00'dir. Erken check-in ve ge\u00e7 check-out talepleri m\u00fcsaitlik durumuna ba\u011fl\u0131d\u0131r ve ek \u00fccrete tabi olabilir.<\/p><p><strong>\u0130ptal Politikas\u0131<\/strong><br>Rezervasyonlar var\u0131\u015f tarihinden 7 g\u00fcn \u00f6nce \u00fccretsiz olarak iptal edilebilir. Bu s\u00fcreden sonra yap\u0131lan iptaller, bildirilmedi\u011fi takdirde tam \u00fccret \u00fczerinden \u00fccretlendirilecektir.<br>\"No-show\" durumunda, bir gecelik iptal \u00fccreti \u00f6denecektir. Otel, ayn\u0131 konu\u011fun konaklamas\u0131n\u0131n kalan gecelerini iptal etme hakk\u0131n\u0131 sakl\u0131 tutar.<\/p><p><strong>Sat\u0131\u015f Durdurma Politikas\u0131<\/strong><br>Sat\u0131\u015f durdurma talepleri hi\u00e7bir ko\u015ful alt\u0131nda kabul edilmez ve konaklama yeri taraf\u0131ndan e-posta ve telefon yoluyla g\u00f6nderilebilir.<\/p><hr class=\"wp-block-separator has-alpha-channel-opacity\"\/><h3 class=\"wp-block-heading\">4. Gizlilik Politikas\u0131<\/h3><p>Gizlili\u011finiz bizim i\u00e7in \u00f6nemlidir. L\u00fctfen bize bak\u0131n <a>Gizlilik Politikas\u0131<\/a> ki\u015fisel verilerinizi nas\u0131l toplad\u0131\u011f\u0131m\u0131z, kulland\u0131\u011f\u0131m\u0131z ve korudu\u011fumuz hakk\u0131nda bilgi i\u00e7in.<\/p><hr class=\"wp-block-separator has-alpha-channel-opacity\"\/><h3 class=\"wp-block-heading\">5. Fikri M\u00fclkiyet<\/h3><p><strong>Sahiplik<\/strong><br>Metin, resim, grafik, logo ve yaz\u0131l\u0131m dahil olmak \u00fczere bu Web Sitesindeki t\u00fcm i\u00e7erik, Cerviola Hotel'in veya lisans verenlerinin fikri m\u00fclkiyetindedir ve telif hakk\u0131 ve ticari marka yasalar\u0131 ile korunmaktad\u0131r.<\/p><p><strong>K\u0131s\u0131tlamalar<\/strong><br>\u00d6nceden yaz\u0131l\u0131 iznimiz olmadan bu Web Sitesindeki herhangi bir i\u00e7eri\u011fi \u00e7o\u011faltamaz, da\u011f\u0131tamaz, de\u011fi\u015ftiremez veya t\u00fcrev \u00e7al\u0131\u015fmalar olu\u015fturamazs\u0131n\u0131z. \u0130zinsiz kullan\u0131m telif hakk\u0131, ticari marka ve di\u011fer yasalar\u0131 ihlal edebilir.<\/p><p><strong>Kullan\u0131c\u0131 \u0130\u00e7eri\u011fi<\/strong><br>Web sitemize i\u00e7erik g\u00f6ndererek (yorumlar veya incelemeler gibi), Cerviola Hotel'e bu i\u00e7eri\u011fi Web sitemizde ve pazarlama materyallerimizde kullanmak, \u00e7o\u011faltmak, de\u011fi\u015ftirmek ve g\u00f6r\u00fcnt\u00fclemek i\u00e7in m\u00fcnhas\u0131r olmayan, telifsiz, d\u00fcnya \u00e7ap\u0131nda bir lisans vermi\u015f olursunuz.<\/p><hr class=\"wp-block-separator has-alpha-channel-opacity\"\/><h3 class=\"wp-block-heading\">6. Sorumlulu\u011fun S\u0131n\u0131rland\u0131r\u0131lmas\u0131<\/h3><p><strong>Genel<\/strong><br>Cerviola Hotel, y\u00f6neticileri, \u00e7al\u0131\u015fanlar\u0131 ve acenteleri, Web Sitesini kullanman\u0131zdan veya kullanamaman\u0131zdan veya otelimizde kalman\u0131zdan kaynaklanan do\u011frudan, dolayl\u0131, ar\u0131zi veya sonu\u00e7 olarak ortaya \u00e7\u0131kan zararlardan sorumlu de\u011fildir.<\/p><p><strong>Web Sitesi Do\u011frulu\u011fu<\/strong><br>Web sitemizdeki bilgilerin do\u011fru ve g\u00fcncel olmas\u0131n\u0131 sa\u011flamaya \u00e7al\u0131\u015f\u0131yoruz. Ancak, i\u00e7eri\u011fin eksiksizli\u011fini, do\u011frulu\u011funu veya g\u00fcvenilirli\u011fini garanti etmiyoruz. Bu t\u00fcr bilgilere g\u00fcvenmenin riski size aittir.<\/p><p><strong>\u00dc\u00e7\u00fcnc\u00fc Taraf Ba\u011flant\u0131lar\u0131<\/strong><br>Web Sitemiz \u00fc\u00e7\u00fcnc\u00fc taraf web sitelerine ba\u011flant\u0131lar i\u00e7erebilir. Bu ba\u011flant\u0131lar size kolayl\u0131k sa\u011flamak i\u00e7in verilmi\u015ftir ve bu sitelerdeki i\u00e7eri\u011fi onaylad\u0131\u011f\u0131m\u0131z anlam\u0131na gelmez. Ba\u011flant\u0131l\u0131 web sitelerinin i\u00e7eri\u011finden veya gizlilik uygulamalar\u0131ndan sorumlu de\u011filiz.<\/p><hr class=\"wp-block-separator has-alpha-channel-opacity\"\/><h3 class=\"wp-block-heading\">7. M\u00fccbir Sebepler<\/h3><p>Cerviola Hotel, do\u011fal afetler, grevler, salg\u0131n hastal\u0131klar veya h\u00fck\u00fcmet eylemleri dahil ancak bunlarla s\u0131n\u0131rl\u0131 olmamak \u00fczere makul kontrol\u00fcm\u00fcz d\u0131\u015f\u0131ndaki olaylardan kaynaklanmas\u0131 halinde, bu Ko\u015fullar kapsam\u0131ndaki y\u00fck\u00fcml\u00fcl\u00fcklerinden herhangi birini yerine getirememekten veya geciktirmekten sorumlu de\u011fildir.<\/p><hr class=\"wp-block-separator has-alpha-channel-opacity\"\/><h3 class=\"wp-block-heading\">8. Tazminat<\/h3><p>Cerviola Hotel'i, ba\u011fl\u0131 kurulu\u015flar\u0131n\u0131, y\u00f6neticilerini, \u00e7al\u0131\u015fanlar\u0131n\u0131 ve acentelerini, Web Sitesini kullan\u0131m\u0131n\u0131zdan, bu \u015eartlar\u0131n ihlalinden veya herhangi bir \u00fc\u00e7\u00fcnc\u00fc taraf hakk\u0131n\u0131n ihlalinden kaynaklanan veya bunlarla ilgili olarak ortaya \u00e7\u0131kan yasal \u00fccretler de dahil olmak \u00fczere her t\u00fcrl\u00fc talep, hasar, kay\u0131p veya masraftan tazmin etmeyi ve zarars\u0131z tutmay\u0131 kabul edersiniz.<\/p><hr class=\"wp-block-separator has-alpha-channel-opacity\"\/><h3 class=\"wp-block-heading\">9. Ge\u00e7erli Hukuk ve Yarg\u0131 Yetkisi<\/h3><p>Bu Ko\u015fullar Malta yasalar\u0131na g\u00f6re y\u00f6netilir ve yorumlan\u0131r. Bu Ko\u015fullardan veya Web Sitesinin kullan\u0131m\u0131ndan kaynaklanan veya bunlarla ilgili her t\u00fcrl\u00fc ihtilaf Malta mahkemelerinin m\u00fcnhas\u0131r yarg\u0131 yetkisine tabi olacakt\u0131r.<\/p><hr class=\"wp-block-separator has-alpha-channel-opacity\"\/><h3 class=\"wp-block-heading\">10. Bu \u015eartlarda Yap\u0131lan De\u011fi\u015fiklikler<\/h3><p>Bu \u015eartlar\u0131 \u00f6nceden haber vermeksizin herhangi bir zamanda g\u00fcncelleme veya de\u011fi\u015ftirme hakk\u0131m\u0131z sakl\u0131d\u0131r. Herhangi bir de\u011fi\u015fiklik, Web Sitesinde yay\u0131nland\u0131ktan hemen sonra y\u00fcr\u00fcrl\u00fc\u011fe girecektir. Herhangi bir de\u011fi\u015fiklikten haberdar oldu\u011funuzdan emin olmak i\u00e7in bu \u015eartlar\u0131 d\u00fczenli olarak g\u00f6zden ge\u00e7irmek sizin sorumlulu\u011funuzdad\u0131r. De\u011fi\u015fiklikler yay\u0131nland\u0131ktan sonra Web Sitesini kullanmaya devam etmeniz, g\u00fcncellenmi\u015f \u015eartlar\u0131 kabul etti\u011finiz anlam\u0131na gelir.<\/p><hr class=\"wp-block-separator has-alpha-channel-opacity\"\/><h3 class=\"wp-block-heading\">11. Fesih<\/h3><p>Cerviola Hotel, bu \u015eartlar\u0131 ihlal etti\u011fine veya di\u011fer kullan\u0131c\u0131lara veya ticari \u00e7\u0131karlar\u0131m\u0131za zarar verdi\u011fine inand\u0131\u011f\u0131m\u0131z davran\u0131\u015flar i\u00e7in, tamamen kendi takdirimize ba\u011fl\u0131 olarak, bildirimde bulunmaks\u0131z\u0131n Web Sitesine ve hizmetlere eri\u015fiminizi sonland\u0131rma veya ask\u0131ya alma hakk\u0131n\u0131 sakl\u0131 tutar.<\/p><hr class=\"wp-block-separator has-alpha-channel-opacity\"\/><h3 class=\"wp-block-heading\">12. Bize Ula\u015f\u0131n<\/h3><p>Bu Ko\u015fullarla ilgili herhangi bir sorunuz veya endi\u015feniz varsa, l\u00fctfen bizimle \u015fu adresten ileti\u015fime ge\u00e7in:<\/p><p><strong>Cerviola Otel<\/strong><br>14 Triq il-Bajja s-Sabi\u0127a,<br>Bir\u017cebbu\u0121a, BB\u0120 153, Malta<br><strong>E-posta:<\/strong> <a>info@cerviolahotel.com<\/a><\/p><hr class=\"wp-block-separator has-alpha-channel-opacity\"\/><h3 class=\"wp-block-heading\">13. \u00c7e\u015fitli<\/h3><p><strong>B\u00f6l\u00fcnebilirlik:<\/strong> Bu \u015eartlar\u0131n herhangi bir h\u00fckm\u00fcn\u00fcn ge\u00e7ersiz veya uygulanamaz oldu\u011fu tespit edilirse, kalan h\u00fck\u00fcmler ge\u00e7erli ve uygulanabilir olmaya devam edecektir.<\/p><p><strong>T\u00fcm S\u00f6zle\u015fme:<\/strong> Bu Ko\u015fullar, Web Sitesini kullan\u0131m\u0131n\u0131zla ilgili olarak siz ve Cerviola Hotel aras\u0131ndaki anla\u015fman\u0131n tamam\u0131n\u0131 olu\u015fturur ve \u00f6nceki t\u00fcm anla\u015fmalar\u0131n veya mutabakatlar\u0131n yerine ge\u00e7er.<\/p><p><strong>Feragat:<\/strong> Cerviola Hotel'in bu \u015eartlar\u0131n herhangi bir h\u00fckm\u00fcn\u00fc uygulamamas\u0131, gelecekte bu h\u00fckm\u00fc veya ba\u015fka bir h\u00fckm\u00fc uygulama hakk\u0131m\u0131zdan feragat etti\u011fi anlam\u0131na gelmez.<\/p><hr class=\"wp-block-separator has-alpha-channel-opacity\"\/><p><strong>Cerviola Hotel'i tercih etti\u011finiz i\u00e7in te\u015fekk\u00fcr ederiz. Sizi a\u011f\u0131rlamak ve unutulmaz bir konaklama sa\u011flamak i\u00e7in sab\u0131rs\u0131zlan\u0131yoruz!<\/strong><\/p>","protected":false},"excerpt":{"rendered":"<p>Effective Date: 23 September 2024 Welcome to the Cerviola Hotel website, located at https:\/\/cerviolahotel.com (\u201cWebsite\u201d). This page outlines the terms and conditions (\u201cTerms\u201d) under which you may use our Website and services. By accessing or using this Website, you agree to comply with and be bound by these Terms. If you do not agree with &#8230;<\/p>","protected":false},"author":1,"featured_media":0,"parent":0,"menu_order":0,"comment_status":"closed","ping_status":"closed","template":"","meta":{"cozystay_single_page_hide_site_header":"","cozystay_single_page_site_header_source":"","cozystay_single_page_custom_site_header":"0","cozystay_single_page_custom_sticky_site_header":"0","cozystay_single_page_hide_page_title":"","cozystay_single_page_header_section_size":"","cozystay_single_page_header_background_color":"","cozystay_single_page_header_background_position_x":"center","cozystay_single_page_header_background_position_y":"center","cozystay_single_page_header_background_size":"cover","cozystay_single_page_header_background_repeat":"off","cozystay_single_page_header_background_scroll":"on","cozystay_single_page_header_text_color":"","cozystay_single_page_header_show_breadcrumb":"","cozystay_single_page_site_footer_hide_main":"","cozystay_single_custom_site_footer_main_source":"","cozystay_single_custom_site_footer_main":"0","cozystay_single_page_site_footer_hide_above":"","cozystay_single_custom_site_footer_above_source":"","cozystay_single_custom_site_footer_above":"0","cozystay_single_page_site_footer_hide_instagram":"","cozystay_single_page_site_footer_hide_bottom":"","cozystay_single_custom_mobile_menu_source":"","cozystay_single_custom_mobile_menu":"0","cozystay_single_custom_mobile_menu_animation":"","cozystay_single_custom_mobile_menu_width":"","cozystay_single_custom_mobile_menu_custom_width":375,"footnotes":""},"class_list":["post-3301","page","type-page","status-publish","hentry"],"aioseo_notices":[],"_links":{"self":[{"href":"https:\/\/cerviolahotel.com\/tr\/wp-json\/wp\/v2\/pages\/3301","targetHints":{"allow":["GET"]}}],"collection":[{"href":"https:\/\/cerviolahotel.com\/tr\/wp-json\/wp\/v2\/pages"}],"about":[{"href":"https:\/\/cerviolahotel.com\/tr\/wp-json\/wp\/v2\/types\/page"}],"author":[{"embeddable":true,"href":"https:\/\/cerviolahotel.com\/tr\/wp-json\/wp\/v2\/users\/1"}],"replies":[{"embeddable":true,"href":"https:\/\/cerviolahotel.com\/tr\/wp-json\/wp\/v2\/comments?post=3301"}],"version-history":[{"count":6,"href":"https:\/\/cerviolahotel.com\/tr\/wp-json\/wp\/v2\/pages\/3301\/revisions"}],"predecessor-version":[{"id":3610,"href":"https:\/\/cerviolahotel.com\/tr\/wp-json\/wp\/v2\/pages\/3301\/revisions\/3610"}],"wp:attachment":[{"href":"https:\/\/cerviolahotel.com\/tr\/wp-json\/wp\/v2\/media?parent=3301"}],"curies":[{"name":"wp","href":"https:\/\/api.w.org\/{rel}","templated":true}]}}