{"id":3329,"date":"2024-11-28T14:31:33","date_gmt":"2024-11-28T14:31:33","guid":{"rendered":"https:\/\/cerviolahotel.com\/?page_id=3329"},"modified":"2025-07-24T14:10:52","modified_gmt":"2025-07-24T14:10:52","slug":"refund-cancellation-policy-for-cerviola-hotel","status":"publish","type":"page","link":"https:\/\/cerviolahotel.com\/tr\/refund-cancellation-policy-for-cerviola-hotel\/","title":{"rendered":"Cerviola Hotel i\u00e7in \u0130ade ve \u0130ptal Politikas\u0131"},"content":{"rendered":"<p><strong>Y\u00fcr\u00fcrl\u00fck Tarihi: 23 Eyl\u00fcl 2024<\/strong><\/p><p>Bu <strong>Para \u0130adesi ve \u0130ptal Politikas\u0131<\/strong> adresinden yap\u0131lan rezervasyonlarda iptal, iade ve de\u011fi\u015fikliklere ili\u015fkin h\u00fck\u00fcm ve ko\u015fullar\u0131 ana hatlar\u0131yla belirtir. <strong>Cerviola Otel<\/strong>. Bizimle rezervasyon yaparak bu politikaya uymay\u0131 kabul etmi\u015f olursunuz.<\/p><hr class=\"wp-block-separator has-alpha-channel-opacity\"\/><h3 class=\"wp-block-heading\">1. Genel \u0130ptal Politikas\u0131<\/h3><p><strong>\u00dccretsiz \u0130ptal S\u00fcresi:<\/strong><br>Rezervasyonlar var\u0131\u015f tarihinden 7 g\u00fcn \u00f6ncesine kadar \u00fccretsiz olarak iptal edilebilir.<br>Var\u0131\u015f tarihinden itibaren 7 g\u00fcn i\u00e7inde iptal yap\u0131lmas\u0131 halinde, rezervasyon tutar\u0131n\u0131n tamam\u0131na e\u015fde\u011fer bir iptal \u00fccreti uygulan\u0131r.<\/p><p><strong>No-Show Politikas\u0131:<\/strong><br>\u00d6nceden bildirimde bulunmaks\u0131z\u0131n planlanan var\u0131\u015f tarihinde check-in yapmaman\u0131z durumunda bir gecelik iptal \u00fccreti tahsil edilecektir.<br>Otel, misafirden herhangi bir ileti\u015fim al\u0131nmamas\u0131 durumunda rezervasyonun kalan gecelerini iptal etme hakk\u0131n\u0131 sakl\u0131 tutar.<\/p><p><strong>Sat\u0131\u015f Durdurma Politikas\u0131:<\/strong><br>Sat\u0131\u015f Durdurma talepleri a\u015fa\u011f\u0131dakiler taraf\u0131ndan verilebilir <strong>Cerviola Otel<\/strong> herhangi bir zamanda ve ko\u015ful olmaks\u0131z\u0131n durdurulabilir. Stop Sale'den etkilenen misafirler e-posta veya telefon yoluyla bilgilendirilecektir.<\/p><hr class=\"wp-block-separator has-alpha-channel-opacity\"\/><h3 class=\"wp-block-heading\">2. \u0130ade Edilemeyen Rezervasyonlar<\/h3><p>olarak etiketlenmi\u015f belirli fiyat planlar\u0131 veya promosyon teklifleri i\u00e7in <strong>geri \u00f6demesiz<\/strong>iptaller, gelmeme veya erken ayr\u0131lmalar da dahil olmak \u00fczere hi\u00e7bir ko\u015fulda para iadesi yap\u0131lmayacakt\u0131r.<\/p><hr class=\"wp-block-separator has-alpha-channel-opacity\"\/><h3 class=\"wp-block-heading\">3. Rezervasyonlarda Yap\u0131lan De\u011fi\u015fiklikler<\/h3><p><strong>De\u011fi\u015fiklik Talepleri:<\/strong><br>Tarih de\u011fi\u015fiklikleri veya oda tipi ayarlamalar\u0131 gibi rezervasyonunuzda yap\u0131lacak de\u011fi\u015fiklikler m\u00fcsaitlik durumuna ve fiyat farkl\u0131l\u0131klar\u0131na ba\u011fl\u0131d\u0131r.<br>De\u011fi\u015fiklik talepleri var\u0131\u015f tarihinden en az 7 g\u00fcn \u00f6nce yap\u0131lmal\u0131d\u0131r.<\/p><p><strong>Erken Kalk\u0131\u015flar:<\/strong><br>Rezervasyon ko\u015fullar\u0131nda aksi belirtilmedik\u00e7e, erken ayr\u0131lma durumunda kullan\u0131lmayan geceler i\u00e7in para iadesi yap\u0131lmayacakt\u0131r.<\/p><hr class=\"wp-block-separator has-alpha-channel-opacity\"\/><h3 class=\"wp-block-heading\">4. \u00d6deme Ko\u015fullar\u0131<\/h3><p>Se\u00e7ilen fiyat plan\u0131na ba\u011fl\u0131 olarak rezervasyon s\u0131ras\u0131nda veya check-in s\u0131ras\u0131nda \u00f6demenin tamam\u0131n\u0131n yap\u0131lmas\u0131 gerekebilir.<br>\u00d6n \u00f6deme ayarlanmad\u0131\u011f\u0131 takdirde, konuklar\u0131n kalan bakiyeyi check-in s\u0131ras\u0131nda kredi kart\u0131 veya nakit olarak \u00f6demeleri gerekmektedir.<\/p><hr class=\"wp-block-separator has-alpha-channel-opacity\"\/><h3 class=\"wp-block-heading\">5. Geri \u00d6deme Politikas\u0131<\/h3><p><strong>Para \u0130adesi i\u00e7in Uygunluk:<\/strong><br>Para iadeleri yaln\u0131zca \u00fccretsiz iptal s\u00fcresi i\u00e7inde yap\u0131lan iptaller i\u00e7in veya otelin \u00f6ng\u00f6r\u00fclemeyen ko\u015fullar nedeniyle onaylanm\u0131\u015f bir rezervasyonu yerine getiremedi\u011fi durumlarda ger\u00e7ekle\u015ftirilir.<\/p><p><strong>Geri \u00d6deme S\u00fcreci:<\/strong><br>Para iadeleri, rezervasyon s\u0131ras\u0131nda kullan\u0131lan orijinal \u00f6deme y\u00f6ntemine geri yat\u0131r\u0131lacakt\u0131r.<br>L\u00fctfen izin verin <strong>7-14 i\u015f g\u00fcn\u00fc<\/strong> \u00d6deme sa\u011flay\u0131c\u0131n\u0131za ba\u011fl\u0131 olarak geri \u00f6demenin i\u015fleme al\u0131nmas\u0131 i\u00e7in.<\/p><p><strong>\u0130ade Edilemez Depozitolar:<\/strong><br>Grup rezervasyonlar\u0131, etkinlikler veya \u00f6zel promosyonlar i\u00e7in al\u0131nan depozitolar, rezervasyon s\u00f6zle\u015fmesinde a\u00e7\u0131k\u00e7a belirtilmedi\u011fi s\u00fcrece iade edilmez.<\/p><hr class=\"wp-block-separator has-alpha-channel-opacity\"\/><h3 class=\"wp-block-heading\">6. M\u00fccbir Sebepler<\/h3><p><strong>Cerviola Otel<\/strong> do\u011fal afetler, grevler, salg\u0131n hastal\u0131klar, h\u00fck\u00fcmet eylemleri veya di\u011fer \u00f6ng\u00f6r\u00fclemeyen durumlar dahil ancak bunlarla s\u0131n\u0131rl\u0131 olmamak \u00fczere makul kontrol\u00fc d\u0131\u015f\u0131ndaki olaylar nedeniyle iptal veya geri \u00f6demelerden sorumlu de\u011fildir.<\/p><hr class=\"wp-block-separator has-alpha-channel-opacity\"\/><h3 class=\"wp-block-heading\">7. \u0130leti\u015fim Bilgileri<\/h3><p>\u0130ptaller, de\u011fi\u015fiklikler veya geri \u00f6demelerle ilgili sorular\u0131n\u0131z veya yard\u0131m i\u00e7in l\u00fctfen bizimle ileti\u015fime ge\u00e7in:<\/p><p><strong>Cerviola Otel<\/strong><br>14 Triq il-Bajja s-Sabi\u0127a,<br>Bir\u017cebbu\u0121a, BB\u0120 153, Malta<br><strong>E-posta:<\/strong> <a>reservations@cerviolahotel.com<\/a><br><strong>Telefon:<\/strong> +356 1234 5678<\/p>","protected":false},"excerpt":{"rendered":"<p>Effective Date: 23 September 2024 This Refund &amp; Cancellation Policy outlines the terms and conditions for cancellations, refunds, and changes to reservations made at Cerviola Hotel. By making a reservation with us, you agree to comply with this policy. 1. General Cancellation Policy Free Cancellation Period:Reservations can be cancelled free of charge up to 7 &#8230;<\/p>","protected":false},"author":1,"featured_media":0,"parent":0,"menu_order":0,"comment_status":"closed","ping_status":"closed","template":"","meta":{"cozystay_single_page_hide_site_header":"","cozystay_single_page_site_header_source":"","cozystay_single_page_custom_site_header":"0","cozystay_single_page_custom_sticky_site_header":"0","cozystay_single_page_hide_page_title":"","cozystay_single_page_header_section_size":"","cozystay_single_page_header_background_color":"","cozystay_single_page_header_background_position_x":"center","cozystay_single_page_header_background_position_y":"center","cozystay_single_page_header_background_size":"cover","cozystay_single_page_header_background_repeat":"off","cozystay_single_page_header_background_scroll":"on","cozystay_single_page_header_text_color":"","cozystay_single_page_header_show_breadcrumb":"","cozystay_single_page_site_footer_hide_main":"","cozystay_single_custom_site_footer_main_source":"","cozystay_single_custom_site_footer_main":"0","cozystay_single_page_site_footer_hide_above":"","cozystay_single_custom_site_footer_above_source":"","cozystay_single_custom_site_footer_above":"0","cozystay_single_page_site_footer_hide_instagram":"","cozystay_single_page_site_footer_hide_bottom":"","cozystay_single_custom_mobile_menu_source":"","cozystay_single_custom_mobile_menu":"0","cozystay_single_custom_mobile_menu_animation":"","cozystay_single_custom_mobile_menu_width":"","cozystay_single_custom_mobile_menu_custom_width":375,"footnotes":""},"class_list":["post-3329","page","type-page","status-publish","hentry"],"aioseo_notices":[],"_links":{"self":[{"href":"https:\/\/cerviolahotel.com\/tr\/wp-json\/wp\/v2\/pages\/3329","targetHints":{"allow":["GET"]}}],"collection":[{"href":"https:\/\/cerviolahotel.com\/tr\/wp-json\/wp\/v2\/pages"}],"about":[{"href":"https:\/\/cerviolahotel.com\/tr\/wp-json\/wp\/v2\/types\/page"}],"author":[{"embeddable":true,"href":"https:\/\/cerviolahotel.com\/tr\/wp-json\/wp\/v2\/users\/1"}],"replies":[{"embeddable":true,"href":"https:\/\/cerviolahotel.com\/tr\/wp-json\/wp\/v2\/comments?post=3329"}],"version-history":[{"count":2,"href":"https:\/\/cerviolahotel.com\/tr\/wp-json\/wp\/v2\/pages\/3329\/revisions"}],"predecessor-version":[{"id":3612,"href":"https:\/\/cerviolahotel.com\/tr\/wp-json\/wp\/v2\/pages\/3329\/revisions\/3612"}],"wp:attachment":[{"href":"https:\/\/cerviolahotel.com\/tr\/wp-json\/wp\/v2\/media?parent=3329"}],"curies":[{"name":"wp","href":"https:\/\/api.w.org\/{rel}","templated":true}]}}