{"id":3681,"date":"2025-07-24T15:01:01","date_gmt":"2025-07-24T15:01:01","guid":{"rendered":"https:\/\/cerviolahotel.com\/?page_id=3681"},"modified":"2025-07-24T15:07:54","modified_gmt":"2025-07-24T15:07:54","slug":"rooftop-pool","status":"publish","type":"page","link":"https:\/\/cerviolahotel.com\/tr\/rooftop-pool\/","title":{"rendered":"\u00c7at\u0131 Havuz"},"content":{"rendered":"<div data-elementor-type=\"wp-page\" data-elementor-id=\"3681\" class=\"elementor elementor-3681\" data-elementor-post-type=\"page\">\n\t\t\t\t\t\t<section class=\"elementor-section elementor-top-section elementor-element elementor-element-3721c029 elementor-section-height-min-height cs-section-content-fullwidth cs-parallax-on-scroll cs_scroll_y_80 elementor-section-boxed elementor-section-height-default elementor-section-items-middle\" data-id=\"3721c029\" data-element_type=\"section\" data-settings=\"{&quot;background_background&quot;:&quot;classic&quot;}\" data-cs-parallax-y=\"80\" style=\"background-image: none;\" data-cs-background-image=\"https:\/\/cerviolahotel.com\/wp-content\/uploads\/2025\/03\/Cerviola\u00a9CamilleFenech-LR-33-min.jpg\">\n\t\t\t\t\t\t\t<div class=\"elementor-background-overlay\"><\/div>\n\t\t\t\t\t\t\t<div class=\"elementor-container elementor-column-gap-no\">\n\t\t\t\t\t<div class=\"elementor-column elementor-col-100 elementor-top-column elementor-element elementor-element-1dd27aea dark-color\" data-id=\"1dd27aea\" data-element_type=\"column\">\n\t\t\t<div class=\"elementor-widget-wrap elementor-element-populated\">\n\t\t\t\t\t\t<div class=\"elementor-element elementor-element-510107fc elementor-widget elementor-widget-cs_title\" data-id=\"510107fc\" data-element_type=\"widget\" data-widget_type=\"cs_title.default\">\n\t\t\t\t<div class=\"elementor-widget-container\">\n\t\t\t\t\t\n        <div class=\"cs-title-wrap text-center\">\t            <h1 class=\"cs-title\">\n\t                \u00c7at\u0131 Havuz\t            <\/h1>\t            <div class=\"cs-title-text\">\n\t                <p data-start=\"132\" data-end=\"160\">Y\u00fcz\u00fcn, Yudumlay\u0131n ve Ufku Seyredin<\/p>\t            <\/div>                <div class=\"cs-title-btn\">\n                    <a class=\"button elementor-button-link\" role=\"button\" href=\"#readmore\">\n                        <span class=\"cs-btn-text\">Daha fazla bilgi edinin<\/span>                    <\/a>\n                <\/div>\n                    <\/div>\t\t\t\t<\/div>\n\t\t\t\t<\/div>\n\t\t\t\t\t<\/div>\n\t\t<\/div>\n\t\t\t\t\t<\/div>\n\t\t<\/section>\n\t\t<div class=\"elementor-element elementor-element-e3fbbb1 e-flex e-con-boxed e-con e-parent\" data-id=\"e3fbbb1\" data-element_type=\"container\">\n\t\t\t\t\t<div class=\"e-con-inner\">\n\t\t\t\t<div class=\"elementor-element elementor-element-c41599d elementor-widget elementor-widget-spacer\" data-id=\"c41599d\" data-element_type=\"widget\" data-widget_type=\"spacer.default\">\n\t\t\t\t<div class=\"elementor-widget-container\">\n\t\t\t\t\t\t\t<div class=\"elementor-spacer\">\n\t\t\t<div class=\"elementor-spacer-inner\"><\/div>\n\t\t<\/div>\n\t\t\t\t\t\t<\/div>\n\t\t\t\t<\/div>\n\t\t\t\t<div class=\"elementor-element elementor-element-c287c43 elementor-widget elementor-widget-cs_title\" data-id=\"c287c43\" data-element_type=\"widget\" data-widget_type=\"cs_title.default\">\n\t\t\t\t<div class=\"elementor-widget-container\">\n\t\t\t\t\t\n        <div class=\"cs-title-wrap text-center\">\t            <div class=\"cs-subtitle-wrap\"><span class=\"cs-subtitle\">Kahvalt\u0131 Saatleri<\/span><\/div>\t            <h4 class=\"cs-title color-black\">\n\t                Havuz sabah 10'dan ak\u015fam 6'ya kadar y\u00fczmeye a\u00e7\u0131kt\u0131r\n\t            <\/h4>\t            <div class=\"cs-title-text\">\n\t                <p data-start=\"110\" data-end=\"200\"><strong data-start=\"110\" data-end=\"200\">Bar sabah 10'dan gece 12'ye kadar a\u00e7\u0131kt\u0131r.<\/strong><\/p><p data-start=\"110\" data-end=\"200\"><strong>Mutfak 12-15.00 ve 18-22.00 saatleri aras\u0131nda a\u00e7\u0131kt\u0131r.<\/strong><\/p><p data-start=\"137\" data-end=\"433\">G\u00fcne\u015f, g\u00f6ky\u00fcz\u00fc ve denizin bulu\u015ftu\u011fu sakin bir ka\u00e7\u0131\u015f noktas\u0131 olan \u00e7at\u0131 havuzumuzdan Marsaskala'n\u0131n panoramik manzaras\u0131n\u0131 seyredin. \u0130ster sabaha serinletici bir dal\u0131\u015fla ba\u015flay\u0131n, ister \u00f6\u011fleden sonra elinizde so\u011fuk bir i\u00e7ecekle uzan\u0131n, \u00e7at\u0131 alan\u0131m\u0131z dinlenmek ve enerji toplamak i\u00e7in m\u00fckemmel bir ortam sunar.<\/p><p data-start=\"435\" data-end=\"615\">Rahat \u015fezlonglar ve Akdeniz'in yumu\u015fak esintisiyle \u00e7evrili olan bu yer, ke\u015ffederek ge\u00e7en bir g\u00fcn\u00fcn ard\u0131ndan gev\u015femek veya Malta'n\u0131n g\u00fczelli\u011fini yukar\u0131dan seyretmek i\u00e7in ideal bir noktad\u0131r.<\/p>\t            <\/div>        <\/div>\t\t\t\t<\/div>\n\t\t\t\t<\/div>\n\t\t\t\t<div class=\"elementor-element elementor-element-38423eb elementor-arrows-position-outside elementor-pagination-position-outside elementor-widget elementor-widget-image-carousel\" data-id=\"38423eb\" data-element_type=\"widget\" data-settings=\"{&quot;image_spacing_custom&quot;:{&quot;unit&quot;:&quot;px&quot;,&quot;size&quot;:6,&quot;sizes&quot;:[]},&quot;navigation&quot;:&quot;both&quot;,&quot;autoplay&quot;:&quot;yes&quot;,&quot;pause_on_hover&quot;:&quot;yes&quot;,&quot;pause_on_interaction&quot;:&quot;yes&quot;,&quot;autoplay_speed&quot;:5000,&quot;infinite&quot;:&quot;yes&quot;,&quot;speed&quot;:500,&quot;image_spacing_custom_tablet&quot;:{&quot;unit&quot;:&quot;px&quot;,&quot;size&quot;:&quot;&quot;,&quot;sizes&quot;:[]},&quot;image_spacing_custom_mobile&quot;:{&quot;unit&quot;:&quot;px&quot;,&quot;size&quot;:&quot;&quot;,&quot;sizes&quot;:[]}}\" data-widget_type=\"image-carousel.default\">\n\t\t\t\t<div class=\"elementor-widget-container\">\n\t\t\t\t\t\t\t<div class=\"elementor-image-carousel-wrapper swiper\" role=\"region\" aria-roledescription=\"carousel\" aria-label=\"Resim Karuseli\" dir=\"ltr\">\n\t\t\t<div class=\"elementor-image-carousel swiper-wrapper\" aria-live=\"off\">\n\t\t\t\t\t\t\t\t<div class=\"swiper-slide\" role=\"group\" aria-roledescription=\"slide\" aria-label=\"1 di 14\" data-no-translation-aria-label=\"\"><figure class=\"swiper-slide-inner\"><img decoding=\"async\" class=\"swiper-slide-image\" src=\"https:\/\/cerviolahotel.com\/wp-content\/uploads\/2025\/07\/Cerviola\u00a9CamilleFenech-LR-29-min-768x512.jpg\" alt=\"Cerviola\u00a9CamilleFenech-LR-29-min\" \/><\/figure><\/div><div class=\"swiper-slide\" role=\"group\" aria-roledescription=\"slide\" aria-label=\"2 di 14\" data-no-translation-aria-label=\"\"><figure class=\"swiper-slide-inner\"><img decoding=\"async\" class=\"swiper-slide-image\" src=\"https:\/\/cerviolahotel.com\/wp-content\/uploads\/2025\/07\/Cerviola\u00a9CamilleFenech-LR-30-min-768x512.jpg\" alt=\"Cerviola\u00a9CamilleFenech-LR-30-min\" \/><\/figure><\/div><div class=\"swiper-slide\" role=\"group\" aria-roledescription=\"slide\" aria-label=\"3 di 14\" data-no-translation-aria-label=\"\"><figure class=\"swiper-slide-inner\"><img decoding=\"async\" class=\"swiper-slide-image\" src=\"https:\/\/cerviolahotel.com\/wp-content\/uploads\/2025\/07\/Cerviola\u00a9CamilleFenech-LR-42-min-768x512.jpg\" alt=\"Cerviola\u00a9CamilleFenech-LR-42-min\" \/><\/figure><\/div><div class=\"swiper-slide\" role=\"group\" aria-roledescription=\"slide\" aria-label=\"4 di 14\" data-no-translation-aria-label=\"\"><figure class=\"swiper-slide-inner\"><img decoding=\"async\" class=\"swiper-slide-image\" src=\"https:\/\/cerviolahotel.com\/wp-content\/uploads\/2025\/07\/Cerviola\u00a9CamilleFenech-LR-31-min-768x512.jpg\" alt=\"Cerviola\u00a9CamilleFenech-LR-31-min\" \/><\/figure><\/div><div class=\"swiper-slide\" role=\"group\" aria-roledescription=\"slide\" aria-label=\"5 di 14\" data-no-translation-aria-label=\"\"><figure class=\"swiper-slide-inner\"><img decoding=\"async\" class=\"swiper-slide-image\" src=\"https:\/\/cerviolahotel.com\/wp-content\/uploads\/2025\/07\/Cerviola\u00a9CamilleFenech-LR-50-min-768x512.jpg\" alt=\"Cerviola\u00a9CamilleFenech-LR-50-min\" \/><\/figure><\/div><div class=\"swiper-slide\" role=\"group\" aria-roledescription=\"slide\" aria-label=\"6 di 14\" data-no-translation-aria-label=\"\"><figure class=\"swiper-slide-inner\"><img decoding=\"async\" class=\"swiper-slide-image\" src=\"https:\/\/cerviolahotel.com\/wp-content\/uploads\/2025\/07\/Cerviola\u00a9CamilleFenech-LR-46-min-768x512.jpg\" alt=\"Cerviola\u00a9CamilleFenech-LR-46-min\" \/><\/figure><\/div><div class=\"swiper-slide\" role=\"group\" aria-roledescription=\"slide\" aria-label=\"7 di 14\" data-no-translation-aria-label=\"\"><figure class=\"swiper-slide-inner\"><img decoding=\"async\" class=\"swiper-slide-image\" src=\"https:\/\/cerviolahotel.com\/wp-content\/uploads\/2025\/07\/Cerviola\u00a9CamilleFenech-LR-32-min-768x512.jpg\" alt=\"Cerviola\u00a9CamilleFenech-LR-32-min\" \/><\/figure><\/div><div class=\"swiper-slide\" role=\"group\" aria-roledescription=\"slide\" aria-label=\"8 di 14\" data-no-translation-aria-label=\"\"><figure class=\"swiper-slide-inner\"><img decoding=\"async\" class=\"swiper-slide-image\" src=\"https:\/\/cerviolahotel.com\/wp-content\/uploads\/2025\/07\/Cerviola\u00a9CamilleFenech-LR-33-min-768x512.jpg\" alt=\"Cerviola\u00a9CamilleFenech-LR-33-min\" \/><\/figure><\/div><div class=\"swiper-slide\" role=\"group\" aria-roledescription=\"slide\" aria-label=\"9 di 14\" data-no-translation-aria-label=\"\"><figure class=\"swiper-slide-inner\"><img decoding=\"async\" class=\"swiper-slide-image\" src=\"https:\/\/cerviolahotel.com\/wp-content\/uploads\/2025\/07\/Cerviola\u00a9CamilleFenech-LR-35-min-768x512.jpg\" alt=\"Cerviola\u00a9CamilleFenech-LR-35-min\" \/><\/figure><\/div><div class=\"swiper-slide\" role=\"group\" aria-roledescription=\"slide\" aria-label=\"10 di 14\" data-no-translation-aria-label=\"\"><figure class=\"swiper-slide-inner\"><img decoding=\"async\" class=\"swiper-slide-image\" src=\"https:\/\/cerviolahotel.com\/wp-content\/uploads\/2025\/07\/Cerviola\u00a9CamilleFenech-LR-39-min-768x512.jpg\" alt=\"Cerviola\u00a9CamilleFenech-LR-39-min\" \/><\/figure><\/div><div class=\"swiper-slide\" role=\"group\" aria-roledescription=\"slide\" aria-label=\"11 di 14\" data-no-translation-aria-label=\"\"><figure class=\"swiper-slide-inner\"><img decoding=\"async\" class=\"swiper-slide-image\" src=\"https:\/\/cerviolahotel.com\/wp-content\/uploads\/2025\/07\/Cerviola\u00a9CamilleFenech-LR-40-min-768x512.jpg\" alt=\"Cerviola\u00a9CamilleFenech-LR-40-min\" \/><\/figure><\/div><div class=\"swiper-slide\" role=\"group\" aria-roledescription=\"slide\" aria-label=\"12 di 14\" data-no-translation-aria-label=\"\"><figure class=\"swiper-slide-inner\"><img decoding=\"async\" class=\"swiper-slide-image\" src=\"https:\/\/cerviolahotel.com\/wp-content\/uploads\/2025\/07\/Cerviola\u00a9CamilleFenech-LR-41-min-768x512.jpg\" alt=\"Cerviola\u00a9CamilleFenech-LR-41-min\" \/><\/figure><\/div><div class=\"swiper-slide\" role=\"group\" aria-roledescription=\"slide\" aria-label=\"13 di 14\" data-no-translation-aria-label=\"\"><figure class=\"swiper-slide-inner\"><img decoding=\"async\" class=\"swiper-slide-image\" src=\"https:\/\/cerviolahotel.com\/wp-content\/uploads\/2025\/07\/Cerviola\u00a9CamilleFenech-LR-43-min-768x512.jpg\" alt=\"Cerviola\u00a9CamilleFenech-LR-43-min\" \/><\/figure><\/div><div class=\"swiper-slide\" role=\"group\" aria-roledescription=\"slide\" aria-label=\"14 di 14\" data-no-translation-aria-label=\"\"><figure class=\"swiper-slide-inner\"><img decoding=\"async\" class=\"swiper-slide-image\" src=\"https:\/\/cerviolahotel.com\/wp-content\/uploads\/2025\/07\/Cerviola\u00a9CamilleFenech-LR-51-min-768x512.jpg\" alt=\"Cerviola\u00a9CamilleFenech-LR-51-min\" \/><\/figure><\/div>\t\t\t<\/div>\n\t\t\t\t\t\t\t\t\t\t\t\t<div class=\"elementor-swiper-button elementor-swiper-button-prev\" role=\"button\" tabindex=\"0\">\n\t\t\t\t\t\t<svg aria-hidden=\"true\" class=\"e-font-icon-svg e-eicon-chevron-left\" viewbox=\"0 0 1000 1000\" xmlns=\"http:\/\/www.w3.org\/2000\/svg\"><path d=\"M646 125C629 125 613 133 604 142L308 442C296 454 292 471 292 487 292 504 296 521 308 533L604 854C617 867 629 875 646 875 663 875 679 871 692 858 704 846 713 829 713 812 713 796 708 779 692 767L438 487 692 225C700 217 708 204 708 187 708 171 704 154 692 142 675 129 663 125 646 125Z\"><\/path><\/svg>\t\t\t\t\t<\/div>\n\t\t\t\t\t<div class=\"elementor-swiper-button elementor-swiper-button-next\" role=\"button\" tabindex=\"0\">\n\t\t\t\t\t\t<svg aria-hidden=\"true\" class=\"e-font-icon-svg e-eicon-chevron-right\" viewbox=\"0 0 1000 1000\" xmlns=\"http:\/\/www.w3.org\/2000\/svg\"><path d=\"M696 533C708 521 713 504 713 487 713 471 708 454 696 446L400 146C388 133 375 125 354 125 338 125 325 129 313 142 300 154 292 171 292 187 292 204 296 221 308 233L563 492 304 771C292 783 288 800 288 817 288 833 296 850 308 863 321 871 338 875 354 875 371 875 388 867 400 854L696 533Z\"><\/path><\/svg>\t\t\t\t\t<\/div>\n\t\t\t\t\n\t\t\t\t\t\t\t\t\t<div class=\"swiper-pagination\"><\/div>\n\t\t\t\t\t\t\t\t\t<\/div>\n\t\t\t\t\t\t<\/div>\n\t\t\t\t<\/div>\n\t\t\t\t<div class=\"elementor-element elementor-element-31cef78 elementor-widget elementor-widget-menu-anchor\" data-id=\"31cef78\" data-element_type=\"widget\" data-widget_type=\"menu-anchor.default\">\n\t\t\t\t<div class=\"elementor-widget-container\">\n\t\t\t\t\t\t\t<div class=\"elementor-menu-anchor\" id=\"readmore\"><\/div>\n\t\t\t\t\t\t<\/div>\n\t\t\t\t<\/div>\n\t\t\t\t<div class=\"elementor-element elementor-element-89bb088 elementor-widget elementor-widget-spacer\" data-id=\"89bb088\" data-element_type=\"widget\" data-widget_type=\"spacer.default\">\n\t\t\t\t<div class=\"elementor-widget-container\">\n\t\t\t\t\t\t\t<div class=\"elementor-spacer\">\n\t\t\t<div class=\"elementor-spacer-inner\"><\/div>\n\t\t<\/div>\n\t\t\t\t\t\t<\/div>\n\t\t\t\t<\/div>\n\t\t\t\t\t<\/div>\n\t\t\t\t<\/div>\n\t\t\t\t<section class=\"elementor-section elementor-top-section elementor-element elementor-element-6184b1f elementor-section-full_width elementor-section-height-min-height cs-animation-small-offset elementor-section-height-default elementor-section-items-middle elementor-invisible\" data-id=\"6184b1f\" data-element_type=\"section\" data-settings=\"{&quot;background_background&quot;:&quot;classic&quot;,&quot;animation&quot;:&quot;fadeInUp&quot;,&quot;animation_delay&quot;:150}\">\n\t\t\t\t\t\t\t<div class=\"elementor-background-overlay\"><\/div>\n\t\t\t\t\t\t\t<div class=\"elementor-container elementor-column-gap-no\">\n\t\t\t\t\t<div class=\"elementor-column elementor-col-100 elementor-top-column elementor-element elementor-element-33907c8\" data-id=\"33907c8\" data-element_type=\"column\">\n\t\t\t<div class=\"elementor-widget-wrap\">\n\t\t\t\t\t\t\t<\/div>\n\t\t<\/div>\n\t\t\t\t\t<\/div>\n\t\t<\/section>\n\t\t\t\t<\/div>","protected":false},"excerpt":{"rendered":"<p>Rooftop Pool Swim, Sip, and Take in the Horizon Read More Breakfast Hours Pool open for swimming from 10 am till 6pm Bar open from 10 am till 12 am. Kitchen open from 12 till 15.00 and 18.00 till 22.00 Take in panoramic views of Marsaskala from our rooftop pool \u2014 a tranquil escape where &#8230;<\/p>","protected":false},"author":1,"featured_media":0,"parent":0,"menu_order":0,"comment_status":"closed","ping_status":"closed","template":"template-wide-content.php","meta":{"cozystay_single_page_hide_site_header":"","cozystay_single_page_site_header_source":"","cozystay_single_page_custom_site_header":"0","cozystay_single_page_custom_sticky_site_header":"0","cozystay_single_page_hide_page_title":"on","cozystay_single_page_header_section_size":"","cozystay_single_page_header_background_color":"","cozystay_single_page_header_background_position_x":"center","cozystay_single_page_header_background_position_y":"center","cozystay_single_page_header_background_size":"cover","cozystay_single_page_header_background_repeat":"off","cozystay_single_page_header_background_scroll":"on","cozystay_single_page_header_text_color":"","cozystay_single_page_header_show_breadcrumb":"","cozystay_single_page_site_footer_hide_main":"","cozystay_single_custom_site_footer_main_source":"","cozystay_single_custom_site_footer_main":"0","cozystay_single_page_site_footer_hide_above":"","cozystay_single_custom_site_footer_above_source":"","cozystay_single_custom_site_footer_above":"0","cozystay_single_page_site_footer_hide_instagram":"","cozystay_single_page_site_footer_hide_bottom":"","cozystay_single_custom_mobile_menu_source":"","cozystay_single_custom_mobile_menu":"0","cozystay_single_custom_mobile_menu_animation":"","cozystay_single_custom_mobile_menu_width":"","cozystay_single_custom_mobile_menu_custom_width":375,"footnotes":""},"class_list":["post-3681","page","type-page","status-publish","hentry"],"aioseo_notices":[],"_links":{"self":[{"href":"https:\/\/cerviolahotel.com\/tr\/wp-json\/wp\/v2\/pages\/3681","targetHints":{"allow":["GET"]}}],"collection":[{"href":"https:\/\/cerviolahotel.com\/tr\/wp-json\/wp\/v2\/pages"}],"about":[{"href":"https:\/\/cerviolahotel.com\/tr\/wp-json\/wp\/v2\/types\/page"}],"author":[{"embeddable":true,"href":"https:\/\/cerviolahotel.com\/tr\/wp-json\/wp\/v2\/users\/1"}],"replies":[{"embeddable":true,"href":"https:\/\/cerviolahotel.com\/tr\/wp-json\/wp\/v2\/comments?post=3681"}],"version-history":[{"count":13,"href":"https:\/\/cerviolahotel.com\/tr\/wp-json\/wp\/v2\/pages\/3681\/revisions"}],"predecessor-version":[{"id":3708,"href":"https:\/\/cerviolahotel.com\/tr\/wp-json\/wp\/v2\/pages\/3681\/revisions\/3708"}],"wp:attachment":[{"href":"https:\/\/cerviolahotel.com\/tr\/wp-json\/wp\/v2\/media?parent=3681"}],"curies":[{"name":"wp","href":"https:\/\/api.w.org\/{rel}","templated":true}]}}